{"id":7970,"date":"2017-06-01T13:09:41","date_gmt":"2017-06-01T11:09:41","guid":{"rendered":"https:\/\/zerocem.es\/politique-de-confidentialite\/"},"modified":"2026-04-23T19:50:43","modified_gmt":"2026-04-23T17:50:43","slug":"politique-de-confidentialite","status":"publish","type":"page","link":"https:\/\/zerocem.es\/fr\/politique-de-confidentialite\/","title":{"rendered":"Politique de confidentialit\u00e9"},"content":{"rendered":"<div class=\"wpb-content-wrapper\"><p>[vc_row css_animation=\u00a0\u00bb\u00a0\u00bb row_type=\u00a0\u00bbrow\u00a0\u00bb use_row_as_full_screen_section=\u00a0\u00bbno\u00a0\u00bb type=\u00a0\u00bbfull_width\u00a0\u00bb angled_section=\u00a0\u00bbno\u00a0\u00bb text_align=\u00a0\u00bbleft\u00a0\u00bb background_image_as_pattern=\u00a0\u00bbwithout_pattern\u00a0\u00bb][vc_column][vc_column_text]<\/p>\n<h2>Traitement des donn\u00e9es personnelles.<\/h2>\n<p><strong>ZEROCEM<\/strong> a adopt\u00e9 les niveaux de s\u00e9curit\u00e9 appropri\u00e9s pour les donn\u00e9es qu\u2019il traite et g\u00e8re, int\u00e9grant tous les moyens et mesures techniques \u00e0 sa disposition pour garantir sa confidentialit\u00e9, pr\u00e9venir son usage abusif, sa perte, sa modification, son acc\u00e8s non autoris\u00e9 et son vol.<\/p>\n<p>Conform\u00e9ment aux dispositions de la Loi organique 15\/1999, du 13 d\u00e9cembre, sur la protection des donn\u00e9es personnelles (ci-apr\u00e8s LOPD), nous vous informons que si vous nous fournissez des donn\u00e9es personnelles via ce site web, vous accepterez et consentrez express\u00e9ment \u00e0 leur traitement dans les termes indiqu\u00e9s.  les objectifs indiqu\u00e9s et conformes aux principes \u00e9nonc\u00e9s dans ce document.<\/p>\n<p><strong>Chez ZEROCEM<\/strong>, nous fondons notre activit\u00e9 sur le respect de la v\u00e9rit\u00e9 et de la vie priv\u00e9e des personnes et donc des moyens utilis\u00e9s pour les mettre en \u0153uvre.<\/p>\n<p>COLLECTE DE DONN\u00c9ES PERSONNELLES. &#8211; En g\u00e9n\u00e9ral, vous pouvez visiter le site web de Zer0cem sans avoir \u00e0 divulguer vos donn\u00e9es personnelles. Cependant, pour acc\u00e9der \u00e0 certaines sections de notre site web, envoyez-nous un commentaire via notre formulaire de contact, contactez-nous par email ou abonnez-vous \u00e0 la newsletter, il peut \u00eatre n\u00e9cessaire de conna\u00eetre vos donn\u00e9es et elles seront demand\u00e9es, \u00e0 la pleine volont\u00e9 de l\u2019utilisateur, de les fournir ou non, mais dans le cas o\u00f9 ces donn\u00e9es sont demand\u00e9es et ne le sont pas,  vous serez priv\u00e9 de la possibilit\u00e9 de b\u00e9n\u00e9ficier de ces fonctionnalit\u00e9s propos\u00e9es par notre site web ou d\u2019autres qui pourraient \u00eatre int\u00e9gr\u00e9es.<\/p>\n<p>Lorsque l\u2019enregistrement est n\u00e9cessaire pour acc\u00e9der \u00e0 certains services ou contenus, l\u2019utilisateur sera responsable de fournir des informations vraies, mises \u00e0 jour et l\u00e9gales.<\/p>\n<p>Chaque formulaire pr\u00e9cise quelles sont les donn\u00e9es optionnelles obligatoires et minimales. Si vous ne remplissez pas les informations requises, il se peut que nous ne puissions pas r\u00e9pondre \u00e0 votre demande. <\/p>\n<p>\u00c0 la suite de cet enregistrement, l\u2019utilisateur peut se voir fournir un mot de passe dont il ou elle sera responsable, s\u2019engageant \u00e0 en faire un usage diligent et confidentiel. Et vous donnez sans \u00e9quivoque votre consentement \u00e0 la collecte et au traitement des donn\u00e9es, qui seront int\u00e9gr\u00e9es dans un \u00ab fichier \u00bb enregistr\u00e9 aupr\u00e8s de l\u2019Agence espagnole de protection des donn\u00e9es par <strong>ZEROCEM<\/strong> pour les objectifs list\u00e9s ci-dessous : <\/p>\n<ul>\n<li>Pour vous contacter, soit par t\u00e9l\u00e9phone, soit par e-mail, ou pour r\u00e9pondre \u00e0 vos questions via notre site web.<\/li>\n<li>Publicit\u00e9, bulletin d\u2019actualit\u00e9\/newsletter et blog. Abonnez-vous pour vous informer des actualit\u00e9s ou mises \u00e0 jour li\u00e9es \u00e0 notre activit\u00e9 ou au Blog, o\u00f9 vous pouvez faire des commentaires et les donn\u00e9es demand\u00e9es ne seront utilis\u00e9es que pour pouvoir les publier (nous vous demandons de les mod\u00e9rer). \u00c0 tout moment, via la newsletter elle-m\u00eame, l\u2019Utilisateur peut mettre \u00e0 jour ou r\u00e9silier son abonnement.  <\/li>\n<li>Suivi des r\u00e9seaux sociaux : \u00ab Client \u00bb peut stocker les donn\u00e9es de ses abonn\u00e9s sur les r\u00e9seaux sociaux en tant que moyen de contact et leur envoyer les informations demand\u00e9es.<\/li>\n<\/ul>\n<p><strong>ZEROCEM<\/strong> souhaite informer nos clients, utilisateurs, collaborateurs, etc. que leurs informations sont essentielles \u00e0 notre activit\u00e9 et que nous ne participons pas et n\u2019acceptons pas leur vente \u00e0 des tiers. Nous sommes contre le SPAM, et par cons\u00e9quent, nous n\u2019envoyons pas d\u2019emails commerciaux qui n\u2019ont pas \u00e9t\u00e9 pr\u00e9alablement demand\u00e9s ou autoris\u00e9s par l\u2019utilisateur. <\/p>\n<h2>Droits ARCO : acc\u00e8s, rectification, annulation ou opposition aux donn\u00e9es personnelles<\/h2>\n<p>Vous pouvez nous contacter \u00e0 tout moment pour nous poser toutes questions concernant notre Politique de confidentialit\u00e9 et exercer vos droits d\u2019acc\u00e8s, de rectification, d\u2019annulation et d\u2019opposition (ARCO). Pour ce faire, veuillez envoyer une lettre adress\u00e9e \u00e0 Antonio S\u00e1nchez Cordero, <strong>ZEROCEM<\/strong> au C\/ Cuna 16, planta primera, 41004 \u00b7 Seville, info@0cem.com, ou utilise tout moyen permettant d\u2019accr\u00e9diter l\u2019envoi et la r\u00e9ception de la demande (en fournissant une copie d\u2019un document officiel vous identifiant, la demande dans laquelle la demande est sp\u00e9cifi\u00e9e, l\u2019adresse pour notification et les documents accr\u00e9ditant la demande faite, le cas \u00e9ch\u00e9ant). <\/p>\n<h2>Divulgation des donn\u00e9es pour des raisons juridiques<\/h2>\n<p>Il est possible que ce \u00ab client \u00bb soit tenu par la loi de divulguer vos donn\u00e9es personnelles conform\u00e9ment \u00e0 des assignations, mandats ou ordonnances judiciaires dans l\u2019un des pays o\u00f9 nous op\u00e9rons, et qu\u2019il puisse divulguer vos donn\u00e9es personnelles dans le but de faire respecter les Conditions d\u2019utilisation de notre site web ou en cas d\u2019urgence pour prot\u00e9ger la s\u00e9curit\u00e9 personnelle,  du grand public, ou du Web.<\/p>\n<h2>Propri\u00e9t\u00e9 intellectuelle<\/h2>\n<p>Ces Conditions g\u00e9n\u00e9rales d\u2019utilisation du Portail ne conf\u00e8rent \u00e0 l\u2019UTILISATEUR aucun autre droit d\u2019utiliser, modifier, exploiter, reproduire, distribuer ou communiquer publiquement le Portail et\/ou ses Contenus, autre que ceux express\u00e9ment fournis ici. Le contenu (fichiers d\u2019informations, sonores et\/ou images, photographies, designs, etc.) inclus dans le PORTAIL appartient \u00e0 Antonio S\u00e1nchez Cordero, <strong>ZEROCEM<\/strong> ou est d\u00fbment autoris\u00e9 \u00e0 \u00eatre diffus\u00e9 par leurs propri\u00e9taires l\u00e9gitimes. <\/p>\n<p>L\u2019utilisation de ce contenu est interdite pour :<\/p>\n<ul>\n<li>Tous les types de fins commerciales ou publicitaires, autres que celles strictement autoris\u00e9es.<\/li>\n<li>Sa reproduction, publication, distribution ou modification, en tout ou en partie, sauf autorisation \u00e9crite pr\u00e9alable de la part de ses propri\u00e9taires l\u00e9gitimes ou d\u2019autorisation l\u00e9gale.<\/li>\n<li>Toute atteinte aux droits de <strong>ZEROCEM<\/strong> ou de ses propri\u00e9taires l\u00e9gitimes sur eux.<\/li>\n<\/ul>\n<p>Dans le cas o\u00f9 un utilisateur ou un tiers estime qu\u2019il y a eu violation de ses droits de propri\u00e9t\u00e9 intellectuelle l\u00e9gitimes en raison de l\u2019introduction de certains contenus sur le site web, il doit informer <strong>ZEROCEM<\/strong> de cette situation, indiquant :<\/p>\n<ul>\n<li>Donn\u00e9es personnelles de la personne concern\u00e9e qui est le titulaire des droits pr\u00e9tendument viol\u00e9s, ou indiquent la repr\u00e9sentation avec laquelle il agit dans le cas o\u00f9 la r\u00e9clamation serait d\u00e9pos\u00e9e par un tiers autre que la personne concern\u00e9e.<\/li>\n<li>Indiquez les contenus prot\u00e9g\u00e9s par les droits de propri\u00e9t\u00e9 intellectuelle et leur localisation sur le site web, l\u2019accr\u00e9ditation des droits de propri\u00e9t\u00e9 intellectuelle indiqu\u00e9e ainsi qu\u2019une d\u00e9claration expresse dans laquelle la partie int\u00e9ress\u00e9e est responsable de la v\u00e9racit\u00e9 des informations fournies dans la notification.<\/li>\n<\/ul>\n<h2>Liens<\/h2>\n<p>Tout \u00ab lien \u00bb \u00e9tabli entre un site web et le PORTAIL sera soumis aux conditions suivantes :<\/p>\n<p>La reproduction totale ou partielle de l\u2019un des services ou contenus du PORTAIL n\u2019est pas autoris\u00e9e.<\/p>\n<p>Le site web sur lequel le lien est \u00e9tabli ne contiendra aucune marque, d\u00e9nomination, logo, slogan ou autre signe distinctif appartenant <strong>\u00e0 ZEROCEM<\/strong>, sauf ceux express\u00e9ment autoris\u00e9s et, en tout cas, <strong>ZEROCEM<\/strong> ne sera pas responsable du contenu ou des services mis \u00e0 disposition du public sur le site d\u2019o\u00f9 provient le \u00ab lien \u00bb ni des informations ou d\u00e9clarations incluses.<\/p>\n<p>Notre site web peut donner acc\u00e8s \u00e0 d\u2019autres sites, y compris nos profils officiels sur les r\u00e9seaux sociaux, vous informant qu\u2019en cliquant sur ces liens, vous serez redirig\u00e9 vers une page dont <strong>ZEROCEM<\/strong> n\u2019est pas responsable.<\/p>\n<p>Vous devez savoir que les propri\u00e9taires de ces sites externes \u00e0 <strong>ZEROCEM<\/strong> peuvent collecter, utiliser ou transf\u00e9rer vos donn\u00e9es personnelles sous diff\u00e9rentes conditions et conditions, recommandant que lorsque vous contactez l\u2019un de ces sites, vous informiez de leur politique de confidentialit\u00e9, des conditions g\u00e9n\u00e9rales d\u2019utilisation ou de l\u2019utilisation qu\u2019ils peuvent donner \u00e0 leurs cookies, car nous ne pouvons pas contr\u00f4ler la mani\u00e8re dont ces sites utilisent les informations personnelles que vous divulguez.<\/p>\n<h2>Avertissement des garanties et de la responsabilit\u00e9. S\u00e9curit\u00e9 et int\u00e9grit\u00e9 des donn\u00e9es <\/h2>\n<p><strong>ZEROCEM<\/strong> ne garantit aucune garantie et n\u2019est en aucun cas responsable des dommages de toute nature pouvant d\u00e9couler de :<\/p>\n<p>Le manque de disponibilit\u00e9, de maintenance et de fonctionnement efficace du site web et\/ou de ses services ou contenus.<\/p>\n<p>L\u2019existence de virus, de programmes malveillants ou nuisibles dans leur contenu.<\/p>\n<p>L\u2019utilisation illicite, n\u00e9gligente et frauduleuse, contraire aux pr\u00e9sentes Conditions g\u00e9n\u00e9rales, bonne foi, usages g\u00e9n\u00e9ralement accept\u00e9s ou ordre public du site web, de ses services ou contenus, par les utilisateurs.<\/p>\n<p><strong>ZEROCEM<\/strong> utilise les mesures technologiques et juridiques les plus modernes et vari\u00e9es existantes, dans le but d\u2019emp\u00eacher la modification, la perte, l\u2019abus ou la destruction des donn\u00e9es personnelles qu\u2019elle collecte, utilise et transf\u00e8re. Cependant, nous vous informons que, en raison de la nature ouverte, incertaine et peu s\u00e9curis\u00e9e d\u2019Internet, nous ne pouvons pas \u00eatre enti\u00e8rement responsables de la s\u00e9curit\u00e9 des transmissions de donn\u00e9es personnelles effectu\u00e9es sur le r\u00e9seau ; cependant, afin de vous offrir les meilleures garanties \u00e0 ce sujet, nous examinons fr\u00e9quemment les mesures technologiques mises en \u0153uvre. <\/p>\n<h2>Droit applicable et comp\u00e9tence<\/h2>\n<p>Ces Conditions g\u00e9n\u00e9rales seront r\u00e9gies par la loi espagnole ; en cas de controverse li\u00e9e \u00e0 l\u2019acc\u00e8s au PORTAIL, en renon\u00e7ant \u00e0 votre propre juridiction, vous vous soumettez aux tribunaux et tribunaux de la ville de S\u00e9ville (Espagne).[\/vc_column_text][vc_empty_space][\/vc_column][\/vc_row]<\/p>\n<\/div>","protected":false},"excerpt":{"rendered":"<p>[vc_row css_animation=\u00a0\u00bb\u00a0\u00bb row_type=\u00a0\u00bbrow\u00a0\u00bb use_row_as_full_screen_section=\u00a0\u00bbno\u00a0\u00bb type=\u00a0\u00bbfull_width\u00a0\u00bb angled_section=\u00a0\u00bbno\u00a0\u00bb text_align=\u00a0\u00bbleft\u00a0\u00bb background_image_as_pattern=\u00a0\u00bbwithout_pattern\u00a0\u00bb][vc_column][vc_column_text] Traitement des donn\u00e9es personnelles. ZEROCEM a adopt\u00e9 les niveaux de s\u00e9curit\u00e9 appropri\u00e9s pour les donn\u00e9es qu\u2019il traite et g\u00e8re, int\u00e9grant tous les moyens et mesures techniques \u00e0 sa disposition pour garantir sa confidentialit\u00e9, pr\u00e9venir son usage abusif,&#8230;<\/p>\n","protected":false},"author":4,"featured_media":0,"parent":0,"menu_order":0,"comment_status":"closed","ping_status":"closed","template":"","meta":{"_acf_changed":false,"footnotes":""},"class_list":["post-7970","page","type-page","status-publish","hentry"],"acf":[],"yoast_head":"<!-- This site is optimized with the Yoast SEO plugin v27.4 - https:\/\/yoast.com\/product\/yoast-seo-wordpress\/ -->\n<title>Politique de confidentialit\u00e9 | ZEROCEM - HEALTHY BUILDINGS<\/title>\n<meta name=\"robots\" content=\"index, follow, max-snippet:-1, max-image-preview:large, max-video-preview:-1\" \/>\n<link rel=\"canonical\" href=\"https:\/\/zerocem.es\/fr\/politique-de-confidentialite\/\" \/>\n<meta property=\"og:locale\" content=\"fr_FR\" \/>\n<meta property=\"og:type\" content=\"article\" \/>\n<meta property=\"og:title\" content=\"Politique de confidentialit\u00e9 | ZEROCEM - HEALTHY BUILDINGS\" \/>\n<meta property=\"og:description\" content=\"[vc_row css_animation=\u00a0\u00bb\u00a0\u00bb row_type=\u00a0\u00bbrow\u00a0\u00bb use_row_as_full_screen_section=\u00a0\u00bbno\u00a0\u00bb type=\u00a0\u00bbfull_width\u00a0\u00bb angled_section=\u00a0\u00bbno\u00a0\u00bb text_align=\u00a0\u00bbleft\u00a0\u00bb background_image_as_pattern=\u00a0\u00bbwithout_pattern\u00a0\u00bb][vc_column][vc_column_text] Traitement des donn\u00e9es personnelles. ZEROCEM a adopt\u00e9 les niveaux de s\u00e9curit\u00e9 appropri\u00e9s pour les donn\u00e9es qu\u2019il traite et g\u00e8re, int\u00e9grant tous les moyens et mesures techniques \u00e0 sa disposition pour garantir sa confidentialit\u00e9, pr\u00e9venir son usage abusif,...\" \/>\n<meta property=\"og:url\" content=\"https:\/\/zerocem.es\/fr\/politique-de-confidentialite\/\" \/>\n<meta property=\"og:site_name\" content=\"ZEROCEM - HEALTHY BUILDINGS\" \/>\n<meta property=\"article:modified_time\" content=\"2026-04-23T17:50:43+00:00\" \/>\n<meta name=\"twitter:card\" content=\"summary_large_image\" \/>\n<meta name=\"twitter:label1\" content=\"Dur\u00e9e de lecture estim\u00e9e\" \/>\n\t<meta name=\"twitter:data1\" content=\"8 minutes\" \/>\n<script type=\"application\/ld+json\" class=\"yoast-schema-graph\">{\"@context\":\"https:\\\/\\\/schema.org\",\"@graph\":[{\"@type\":\"WebPage\",\"@id\":\"https:\\\/\\\/zerocem.es\\\/fr\\\/politique-de-confidentialite\\\/\",\"url\":\"https:\\\/\\\/zerocem.es\\\/fr\\\/politique-de-confidentialite\\\/\",\"name\":\"Politique de confidentialit\u00e9 | ZEROCEM - HEALTHY BUILDINGS\",\"isPartOf\":{\"@id\":\"https:\\\/\\\/zerocem.es\\\/fr\\\/#website\"},\"datePublished\":\"2017-06-01T11:09:41+00:00\",\"dateModified\":\"2026-04-23T17:50:43+00:00\",\"breadcrumb\":{\"@id\":\"https:\\\/\\\/zerocem.es\\\/fr\\\/politique-de-confidentialite\\\/#breadcrumb\"},\"inLanguage\":\"fr-FR\",\"potentialAction\":[{\"@type\":\"ReadAction\",\"target\":[\"https:\\\/\\\/zerocem.es\\\/fr\\\/politique-de-confidentialite\\\/\"]}]},{\"@type\":\"BreadcrumbList\",\"@id\":\"https:\\\/\\\/zerocem.es\\\/fr\\\/politique-de-confidentialite\\\/#breadcrumb\",\"itemListElement\":[{\"@type\":\"ListItem\",\"position\":1,\"name\":\"Portada\",\"item\":\"https:\\\/\\\/zerocem.es\\\/fr\\\/\"},{\"@type\":\"ListItem\",\"position\":2,\"name\":\"Politique de confidentialit\u00e9\"}]},{\"@type\":\"WebSite\",\"@id\":\"https:\\\/\\\/zerocem.es\\\/fr\\\/#website\",\"url\":\"https:\\\/\\\/zerocem.es\\\/fr\\\/\",\"name\":\"ZEROCEM - HEALTHY BUILDINGS\",\"description\":\"Consultora de sostenibilidad en construcci\u00f3n, ESG: BREEAM, LEED y WELL\",\"potentialAction\":[{\"@type\":\"SearchAction\",\"target\":{\"@type\":\"EntryPoint\",\"urlTemplate\":\"https:\\\/\\\/zerocem.es\\\/fr\\\/?s={search_term_string}\"},\"query-input\":{\"@type\":\"PropertyValueSpecification\",\"valueRequired\":true,\"valueName\":\"search_term_string\"}}],\"inLanguage\":\"fr-FR\"}]}<\/script>\n<!-- \/ Yoast SEO plugin. -->","yoast_head_json":{"title":"Politique de confidentialit\u00e9 | ZEROCEM - HEALTHY BUILDINGS","robots":{"index":"index","follow":"follow","max-snippet":"max-snippet:-1","max-image-preview":"max-image-preview:large","max-video-preview":"max-video-preview:-1"},"canonical":"https:\/\/zerocem.es\/fr\/politique-de-confidentialite\/","og_locale":"fr_FR","og_type":"article","og_title":"Politique de confidentialit\u00e9 | ZEROCEM - HEALTHY BUILDINGS","og_description":"[vc_row css_animation=\u00a0\u00bb\u00a0\u00bb row_type=\u00a0\u00bbrow\u00a0\u00bb use_row_as_full_screen_section=\u00a0\u00bbno\u00a0\u00bb type=\u00a0\u00bbfull_width\u00a0\u00bb angled_section=\u00a0\u00bbno\u00a0\u00bb text_align=\u00a0\u00bbleft\u00a0\u00bb background_image_as_pattern=\u00a0\u00bbwithout_pattern\u00a0\u00bb][vc_column][vc_column_text] Traitement des donn\u00e9es personnelles. ZEROCEM a adopt\u00e9 les niveaux de s\u00e9curit\u00e9 appropri\u00e9s pour les donn\u00e9es qu\u2019il traite et g\u00e8re, int\u00e9grant tous les moyens et mesures techniques \u00e0 sa disposition pour garantir sa confidentialit\u00e9, pr\u00e9venir son usage abusif,...","og_url":"https:\/\/zerocem.es\/fr\/politique-de-confidentialite\/","og_site_name":"ZEROCEM - HEALTHY BUILDINGS","article_modified_time":"2026-04-23T17:50:43+00:00","twitter_card":"summary_large_image","twitter_misc":{"Dur\u00e9e de lecture estim\u00e9e":"8 minutes"},"schema":{"@context":"https:\/\/schema.org","@graph":[{"@type":"WebPage","@id":"https:\/\/zerocem.es\/fr\/politique-de-confidentialite\/","url":"https:\/\/zerocem.es\/fr\/politique-de-confidentialite\/","name":"Politique de confidentialit\u00e9 | ZEROCEM - HEALTHY BUILDINGS","isPartOf":{"@id":"https:\/\/zerocem.es\/fr\/#website"},"datePublished":"2017-06-01T11:09:41+00:00","dateModified":"2026-04-23T17:50:43+00:00","breadcrumb":{"@id":"https:\/\/zerocem.es\/fr\/politique-de-confidentialite\/#breadcrumb"},"inLanguage":"fr-FR","potentialAction":[{"@type":"ReadAction","target":["https:\/\/zerocem.es\/fr\/politique-de-confidentialite\/"]}]},{"@type":"BreadcrumbList","@id":"https:\/\/zerocem.es\/fr\/politique-de-confidentialite\/#breadcrumb","itemListElement":[{"@type":"ListItem","position":1,"name":"Portada","item":"https:\/\/zerocem.es\/fr\/"},{"@type":"ListItem","position":2,"name":"Politique de confidentialit\u00e9"}]},{"@type":"WebSite","@id":"https:\/\/zerocem.es\/fr\/#website","url":"https:\/\/zerocem.es\/fr\/","name":"ZEROCEM - HEALTHY BUILDINGS","description":"Consultora de sostenibilidad en construcci\u00f3n, ESG: BREEAM, LEED y WELL","potentialAction":[{"@type":"SearchAction","target":{"@type":"EntryPoint","urlTemplate":"https:\/\/zerocem.es\/fr\/?s={search_term_string}"},"query-input":{"@type":"PropertyValueSpecification","valueRequired":true,"valueName":"search_term_string"}}],"inLanguage":"fr-FR"}]}},"_links":{"self":[{"href":"https:\/\/zerocem.es\/fr\/wp-json\/wp\/v2\/pages\/7970","targetHints":{"allow":["GET"]}}],"collection":[{"href":"https:\/\/zerocem.es\/fr\/wp-json\/wp\/v2\/pages"}],"about":[{"href":"https:\/\/zerocem.es\/fr\/wp-json\/wp\/v2\/types\/page"}],"author":[{"embeddable":true,"href":"https:\/\/zerocem.es\/fr\/wp-json\/wp\/v2\/users\/4"}],"replies":[{"embeddable":true,"href":"https:\/\/zerocem.es\/fr\/wp-json\/wp\/v2\/comments?post=7970"}],"version-history":[{"count":2,"href":"https:\/\/zerocem.es\/fr\/wp-json\/wp\/v2\/pages\/7970\/revisions"}],"predecessor-version":[{"id":7972,"href":"https:\/\/zerocem.es\/fr\/wp-json\/wp\/v2\/pages\/7970\/revisions\/7972"}],"wp:attachment":[{"href":"https:\/\/zerocem.es\/fr\/wp-json\/wp\/v2\/media?parent=7970"}],"curies":[{"name":"wp","href":"https:\/\/api.w.org\/{rel}","templated":true}]}}