{"id":7904,"date":"2017-06-01T17:59:02","date_gmt":"2017-06-01T15:59:02","guid":{"rendered":"https:\/\/zerocem.es\/politique-de-cookies\/"},"modified":"2026-04-16T20:03:37","modified_gmt":"2026-04-16T18:03:37","slug":"politique-de-cookies","status":"publish","type":"page","link":"https:\/\/zerocem.es\/fr\/politique-de-cookies\/","title":{"rendered":"Politique de cookies"},"content":{"rendered":"<div class=\"wpb-content-wrapper\"><p>[vc_row css_animation=\u00a0\u00bb\u00a0\u00bb row_type=\u00a0\u00bbrow\u00a0\u00bb use_row_as_full_screen_section=\u00a0\u00bbno\u00a0\u00bb type=\u00a0\u00bbfull_width\u00a0\u00bb angled_section=\u00a0\u00bbno\u00a0\u00bb text_align=\u00a0\u00bbleft\u00a0\u00bb background_image_as_pattern=\u00a0\u00bbwithout_pattern\u00a0\u00bb][vc_column][vc_column_text css=\u00a0\u00bb\u00a0\u00bb]Un <em>cookie <\/em>est un petit fichier texte qui est stock\u00e9 dans votre navigateur lorsque vous visitez presque n\u2019importe quelle page web. Son utilit\u00e9 est de permettre au site de se souvenir de votre visite lorsque vous revenez naviguer sur cette page. Les <em>cookies <\/em>stockent g\u00e9n\u00e9ralement des informations de nature technique, des pr\u00e9f\u00e9rences personnelles, la personnalisation des contenus, des statistiques d\u2019utilisation, des liens vers des r\u00e9seaux sociaux, l\u2019acc\u00e8s \u00e0 des comptes utilisateurs, etc. L\u2019objectif du <em>cookie <\/em>est d\u2019adapter le contenu du site \u00e0 votre profil et \u00e0 vos besoins. Sans <em>cookies<\/em>, les services propos\u00e9s par n\u2019importe quel site web seraient consid\u00e9rablement r\u00e9duits. Si vous souhaitez obtenir plus d\u2019informations sur ce que sont les cookies, ce qu\u2019ils stockent, comment les supprimer, les d\u00e9sactiver, etc., <em><a href=\"https:\/\/zerocem.es\/mas-informacion-sobre-las-cookies\/\">nous vous invitons \u00e0 consulter ce lien.<\/a><\/em>    <\/p>\n<h2>Cookies utilis\u00e9es sur ce site web<\/h2>\n<p>Conform\u00e9ment aux directives de l\u2019Agence espagnole de protection des donn\u00e9es, nous d\u00e9taillons ci-dessous l\u2019utilisation des cookies sur ce site web afin de vous informer avec la plus grande pr\u00e9cision possible.<\/p>\n<p>Ce site web utilise les <strong>cookies propres<\/strong> suivants :<\/p>\n<ul>\n<li>Cookies de session : elles permettent de garantir que les utilisateurs qui publient des commentaires sur le blog sont des personnes r\u00e9elles et non des applications automatis\u00e9es. De cette mani\u00e8re, le <em>spam<\/em> est \u00e9vit\u00e9. <\/li>\n<\/ul>\n<p>Ce site web utilise les cookies <strong>tiers suivants <\/strong>:<\/p>\n<ul>\n<li>Google Analytics : utilise des cookies afin d\u2019\u00e9tablir des statistiques sur le trafic et le volume de visites de ce site web. En utilisant ce site, vous consentez au traitement des informations vous concernant par Google. Par cons\u00e9quent, l\u2019exercice de tout droit \u00e0 cet \u00e9gard devra \u00eatre effectu\u00e9 en contactant directement Google.  <\/li>\n<li>R\u00e9seaux sociaux : chaque r\u00e9seau social utilise ses propres <em>cookies <\/em>afin de vous permettre de cliquer sur des boutons tels que \u00ab <em>J\u2019aime <\/em>\u00bb ou \u00ab <em>Partager <\/em>\u00bb.<\/li>\n<\/ul>\n<h2>D\u00e9sactivation ou suppression des cookies<\/h2>\n<p>\u00c0 tout moment, vous pouvez exercer votre droit de d\u00e9sactiver ou de supprimer les cookies de ce site web. Ces actions se r\u00e9alisent diff\u00e9remment selon le navigateur que vous utilisez. <a href=\"https:\/\/zerocem.es\/mas-informacion-sobre-las-cookies\/#navegadores\">Nous vous proposons ci-dessous un guide rapide pour les navigateurs les plus courants.<\/a> <\/p>\n<h2>Remarques suppl\u00e9mentaires<\/h2>\n<ul>\n<li>Ni ce site web ni ses repr\u00e9sentants l\u00e9gaux ne sont responsables du contenu ni de l\u2019exactitude des politiques de confidentialit\u00e9 que peuvent avoir les tiers mentionn\u00e9s dans la pr\u00e9sente politique de cookies.<\/li>\n<li>Les navigateurs web sont les outils charg\u00e9s de stocker les cookies, et c\u2019est depuis ceux-ci que vous devez exercer votre droit de les supprimer ou de les d\u00e9sactiver. Ni ce site web ni ses repr\u00e9sentants l\u00e9gaux ne peuvent garantir la gestion correcte ou incorrecte des cookies par lesdits navigateurs. <\/li>\n<li>Dans certains cas, il est n\u00e9cessaire d\u2019installer des <em>cookies <\/em>afin que le navigateur n\u2019oublie pas votre d\u00e9cision de ne pas les accepter.<\/li>\n<li>En ce qui concerne les <em>cookies <\/em>de Google Analytics, cette entreprise stocke les <em>cookies <\/em>sur des serveurs situ\u00e9s aux \u00c9tats-Unis et s\u2019engage \u00e0 ne pas les partager avec des tiers, sauf dans les cas o\u00f9 cela est n\u00e9cessaire au fonctionnement du syst\u00e8me ou lorsque la loi l\u2019exige. Selon Google, votre adresse IP n\u2019est pas conserv\u00e9e. Google Inc. est une entreprise adh\u00e9rant \u00e0 l\u2019accord du Safe Harbor, qui garantit que toutes les donn\u00e9es transf\u00e9r\u00e9es sont trait\u00e9es avec un niveau de protection conforme \u00e0 la r\u00e9glementation europ\u00e9enne. Vous pouvez consulter des informations d\u00e9taill\u00e9es \u00e0 ce sujet via <a href=\"http:\/\/safeharbor.export.gov\/companyinfo.aspx?id=16626\" target=\"_blank\" rel=\"noopener noreferrer\">ce lien<\/a>. Si vous souhaitez obtenir des informations sur l\u2019utilisation des cookies par Google, nous vous invitons \u00e0 consulter <a href=\"https:\/\/developers.google.com\/analytics\/devguides\/collection\/analyticsjs\/cookie-usage?hl=es&amp;csw=1\" target=\"_blank\" rel=\"noopener noreferrer\">cet autre lien<\/a>.     <\/li>\n<li>Pour toute question ou demande concernant cette politique de cookies, n\u2019h\u00e9sitez pas \u00e0 nous contacter via la section de contact.<\/li>\n<\/ul>\n<p>[\/vc_column_text][vc_empty_space][\/vc_column][\/vc_row]<\/p>\n<\/div>","protected":false},"excerpt":{"rendered":"<p>[vc_row css_animation=\u00a0\u00bb\u00a0\u00bb row_type=\u00a0\u00bbrow\u00a0\u00bb use_row_as_full_screen_section=\u00a0\u00bbno\u00a0\u00bb type=\u00a0\u00bbfull_width\u00a0\u00bb angled_section=\u00a0\u00bbno\u00a0\u00bb text_align=\u00a0\u00bbleft\u00a0\u00bb background_image_as_pattern=\u00a0\u00bbwithout_pattern\u00a0\u00bb][vc_column][vc_column_text css=\u00a0\u00bb\u00a0\u00bb]Un cookie est un petit fichier texte qui est stock\u00e9 dans votre navigateur lorsque vous visitez presque n\u2019importe quelle page web. Son utilit\u00e9 est de permettre au site de se souvenir de votre visite lorsque vous revenez&#8230;<\/p>\n","protected":false},"author":4,"featured_media":0,"parent":0,"menu_order":0,"comment_status":"closed","ping_status":"closed","template":"","meta":{"_acf_changed":false,"footnotes":""},"class_list":["post-7904","page","type-page","status-publish","hentry"],"acf":[],"yoast_head":"<!-- This site is optimized with the Yoast SEO plugin v27.4 - https:\/\/yoast.com\/product\/yoast-seo-wordpress\/ -->\n<title>Politique de cookies | ZEROCEM - HEALTHY BUILDINGS<\/title>\n<meta name=\"robots\" content=\"index, follow, max-snippet:-1, max-image-preview:large, max-video-preview:-1\" \/>\n<link rel=\"canonical\" href=\"https:\/\/zerocem.es\/fr\/politique-de-cookies\/\" \/>\n<meta property=\"og:locale\" content=\"fr_FR\" \/>\n<meta property=\"og:type\" content=\"article\" \/>\n<meta property=\"og:title\" content=\"Politique de cookies | ZEROCEM - HEALTHY BUILDINGS\" \/>\n<meta property=\"og:description\" content=\"[vc_row css_animation=\u00a0\u00bb\u00a0\u00bb row_type=\u00a0\u00bbrow\u00a0\u00bb use_row_as_full_screen_section=\u00a0\u00bbno\u00a0\u00bb type=\u00a0\u00bbfull_width\u00a0\u00bb angled_section=\u00a0\u00bbno\u00a0\u00bb text_align=\u00a0\u00bbleft\u00a0\u00bb background_image_as_pattern=\u00a0\u00bbwithout_pattern\u00a0\u00bb][vc_column][vc_column_text css=\u00a0\u00bb\u00a0\u00bb]Un cookie est un petit fichier texte qui est stock\u00e9 dans votre navigateur lorsque vous visitez presque n\u2019importe quelle page web. Son utilit\u00e9 est de permettre au site de se souvenir de votre visite lorsque vous revenez...\" \/>\n<meta property=\"og:url\" content=\"https:\/\/zerocem.es\/fr\/politique-de-cookies\/\" \/>\n<meta property=\"og:site_name\" content=\"ZEROCEM - HEALTHY BUILDINGS\" \/>\n<meta property=\"article:modified_time\" content=\"2026-04-16T18:03:37+00:00\" \/>\n<meta name=\"twitter:card\" content=\"summary_large_image\" \/>\n<meta name=\"twitter:label1\" content=\"Dur\u00e9e de lecture estim\u00e9e\" \/>\n\t<meta name=\"twitter:data1\" content=\"3 minutes\" \/>\n<script type=\"application\/ld+json\" class=\"yoast-schema-graph\">{\"@context\":\"https:\\\/\\\/schema.org\",\"@graph\":[{\"@type\":\"WebPage\",\"@id\":\"https:\\\/\\\/zerocem.es\\\/fr\\\/politique-de-cookies\\\/\",\"url\":\"https:\\\/\\\/zerocem.es\\\/fr\\\/politique-de-cookies\\\/\",\"name\":\"Politique de cookies | ZEROCEM - HEALTHY BUILDINGS\",\"isPartOf\":{\"@id\":\"https:\\\/\\\/zerocem.es\\\/fr\\\/#website\"},\"datePublished\":\"2017-06-01T15:59:02+00:00\",\"dateModified\":\"2026-04-16T18:03:37+00:00\",\"breadcrumb\":{\"@id\":\"https:\\\/\\\/zerocem.es\\\/fr\\\/politique-de-cookies\\\/#breadcrumb\"},\"inLanguage\":\"fr-FR\",\"potentialAction\":[{\"@type\":\"ReadAction\",\"target\":[\"https:\\\/\\\/zerocem.es\\\/fr\\\/politique-de-cookies\\\/\"]}]},{\"@type\":\"BreadcrumbList\",\"@id\":\"https:\\\/\\\/zerocem.es\\\/fr\\\/politique-de-cookies\\\/#breadcrumb\",\"itemListElement\":[{\"@type\":\"ListItem\",\"position\":1,\"name\":\"Portada\",\"item\":\"https:\\\/\\\/zerocem.es\\\/fr\\\/\"},{\"@type\":\"ListItem\",\"position\":2,\"name\":\"Politique de cookies\"}]},{\"@type\":\"WebSite\",\"@id\":\"https:\\\/\\\/zerocem.es\\\/fr\\\/#website\",\"url\":\"https:\\\/\\\/zerocem.es\\\/fr\\\/\",\"name\":\"ZEROCEM - HEALTHY BUILDINGS\",\"description\":\"Consultora de sostenibilidad en construcci\u00f3n, ESG: BREEAM, LEED y WELL\",\"potentialAction\":[{\"@type\":\"SearchAction\",\"target\":{\"@type\":\"EntryPoint\",\"urlTemplate\":\"https:\\\/\\\/zerocem.es\\\/fr\\\/?s={search_term_string}\"},\"query-input\":{\"@type\":\"PropertyValueSpecification\",\"valueRequired\":true,\"valueName\":\"search_term_string\"}}],\"inLanguage\":\"fr-FR\"}]}<\/script>\n<!-- \/ Yoast SEO plugin. -->","yoast_head_json":{"title":"Politique de cookies | ZEROCEM - HEALTHY BUILDINGS","robots":{"index":"index","follow":"follow","max-snippet":"max-snippet:-1","max-image-preview":"max-image-preview:large","max-video-preview":"max-video-preview:-1"},"canonical":"https:\/\/zerocem.es\/fr\/politique-de-cookies\/","og_locale":"fr_FR","og_type":"article","og_title":"Politique de cookies | ZEROCEM - HEALTHY BUILDINGS","og_description":"[vc_row css_animation=\u00a0\u00bb\u00a0\u00bb row_type=\u00a0\u00bbrow\u00a0\u00bb use_row_as_full_screen_section=\u00a0\u00bbno\u00a0\u00bb type=\u00a0\u00bbfull_width\u00a0\u00bb angled_section=\u00a0\u00bbno\u00a0\u00bb text_align=\u00a0\u00bbleft\u00a0\u00bb background_image_as_pattern=\u00a0\u00bbwithout_pattern\u00a0\u00bb][vc_column][vc_column_text css=\u00a0\u00bb\u00a0\u00bb]Un cookie est un petit fichier texte qui est stock\u00e9 dans votre navigateur lorsque vous visitez presque n\u2019importe quelle page web. Son utilit\u00e9 est de permettre au site de se souvenir de votre visite lorsque vous revenez...","og_url":"https:\/\/zerocem.es\/fr\/politique-de-cookies\/","og_site_name":"ZEROCEM - HEALTHY BUILDINGS","article_modified_time":"2026-04-16T18:03:37+00:00","twitter_card":"summary_large_image","twitter_misc":{"Dur\u00e9e de lecture estim\u00e9e":"3 minutes"},"schema":{"@context":"https:\/\/schema.org","@graph":[{"@type":"WebPage","@id":"https:\/\/zerocem.es\/fr\/politique-de-cookies\/","url":"https:\/\/zerocem.es\/fr\/politique-de-cookies\/","name":"Politique de cookies | ZEROCEM - HEALTHY BUILDINGS","isPartOf":{"@id":"https:\/\/zerocem.es\/fr\/#website"},"datePublished":"2017-06-01T15:59:02+00:00","dateModified":"2026-04-16T18:03:37+00:00","breadcrumb":{"@id":"https:\/\/zerocem.es\/fr\/politique-de-cookies\/#breadcrumb"},"inLanguage":"fr-FR","potentialAction":[{"@type":"ReadAction","target":["https:\/\/zerocem.es\/fr\/politique-de-cookies\/"]}]},{"@type":"BreadcrumbList","@id":"https:\/\/zerocem.es\/fr\/politique-de-cookies\/#breadcrumb","itemListElement":[{"@type":"ListItem","position":1,"name":"Portada","item":"https:\/\/zerocem.es\/fr\/"},{"@type":"ListItem","position":2,"name":"Politique de cookies"}]},{"@type":"WebSite","@id":"https:\/\/zerocem.es\/fr\/#website","url":"https:\/\/zerocem.es\/fr\/","name":"ZEROCEM - HEALTHY BUILDINGS","description":"Consultora de sostenibilidad en construcci\u00f3n, ESG: BREEAM, LEED y WELL","potentialAction":[{"@type":"SearchAction","target":{"@type":"EntryPoint","urlTemplate":"https:\/\/zerocem.es\/fr\/?s={search_term_string}"},"query-input":{"@type":"PropertyValueSpecification","valueRequired":true,"valueName":"search_term_string"}}],"inLanguage":"fr-FR"}]}},"_links":{"self":[{"href":"https:\/\/zerocem.es\/fr\/wp-json\/wp\/v2\/pages\/7904","targetHints":{"allow":["GET"]}}],"collection":[{"href":"https:\/\/zerocem.es\/fr\/wp-json\/wp\/v2\/pages"}],"about":[{"href":"https:\/\/zerocem.es\/fr\/wp-json\/wp\/v2\/types\/page"}],"author":[{"embeddable":true,"href":"https:\/\/zerocem.es\/fr\/wp-json\/wp\/v2\/users\/4"}],"replies":[{"embeddable":true,"href":"https:\/\/zerocem.es\/fr\/wp-json\/wp\/v2\/comments?post=7904"}],"version-history":[{"count":2,"href":"https:\/\/zerocem.es\/fr\/wp-json\/wp\/v2\/pages\/7904\/revisions"}],"predecessor-version":[{"id":7906,"href":"https:\/\/zerocem.es\/fr\/wp-json\/wp\/v2\/pages\/7904\/revisions\/7906"}],"wp:attachment":[{"href":"https:\/\/zerocem.es\/fr\/wp-json\/wp\/v2\/media?parent=7904"}],"curies":[{"name":"wp","href":"https:\/\/api.w.org\/{rel}","templated":true}]}}