{"id":7853,"date":"2024-11-06T13:02:43","date_gmt":"2024-11-06T12:02:43","guid":{"rendered":"https:\/\/zerocem.es\/emplacement\/"},"modified":"2026-04-16T19:01:13","modified_gmt":"2026-04-16T17:01:13","slug":"emplacement","status":"publish","type":"page","link":"https:\/\/zerocem.es\/fr\/emplacement\/","title":{"rendered":"Emplacement"},"content":{"rendered":"<div class=\"wpb-content-wrapper\"><p>[vc_row css_animation=\u00a0\u00bb\u00a0\u00bb row_type=\u00a0\u00bbrow\u00a0\u00bb use_row_as_full_screen_section=\u00a0\u00bbno\u00a0\u00bb type=\u00a0\u00bbfull_width\u00a0\u00bb angled_section=\u00a0\u00bbno\u00a0\u00bb text_align=\u00a0\u00bbleft\u00a0\u00bb background_image_as_pattern=\u00a0\u00bbwithout_pattern\u00a0\u00bb][vc_column][vc_column_text css=\u00a0\u00bb\u00a0\u00bb]<\/p>\n<h2>L\u2019emplacement le plus optimal pour votre b\u00e2timent<\/h2>\n<p style=\"text-align: justify;\">Actuellement, le secteur de la construction contribue <strong>\u00e0 23 %<\/strong> de la pollution de l\u2019air,<strong> 40 %<\/strong> de la pollution de l\u2019eau potable et <strong>50 %<\/strong> des d\u00e9chets en d\u00e9charge. Bien que ces chiffres puissent sembler alarmants, les efforts des derni\u00e8res ann\u00e9es indiquent que les efforts dans le secteur apportent des am\u00e9liorations. Cependant, la soci\u00e9t\u00e9 exige non seulement une r\u00e9duction de l\u2019impact, mais aussi une r\u00e9g\u00e9n\u00e9ration des \u00e9cosyst\u00e8mes, m\u00eame au niveau urbain.  <\/p>\n<p>[\/vc_column_text][vc_empty_space][\/vc_column][\/vc_row][vc_row css_animation=\u00a0\u00bb\u00a0\u00bb row_type=\u00a0\u00bbrow\u00a0\u00bb use_row_as_full_screen_section=\u00a0\u00bbno\u00a0\u00bb type=\u00a0\u00bbfull_width\u00a0\u00bb angled_section=\u00a0\u00bbno\u00a0\u00bb text_align=\u00a0\u00bbleft\u00a0\u00bb background_image_as_pattern=\u00a0\u00bbwithout_pattern\u00a0\u00bb][vc_column css=\u00a0\u00bb.vc_custom_1744990483495{padding-right: 20px !important;padding-left: 20px !important;background-color: #E9F8E4 !important;}\u00a0\u00bb][vc_column_text css=\u00a0\u00bb.vc_custom_1744990677857{background-color: #B7EAA500 !important;border-radius: 5px !important;}\u00a0\u00bb]Le secteur de la construction est responsable de la perte de biodiversit\u00e9 dans nos villes et leurs environs. ZEROCEM propose des services visant \u00e0 accro\u00eetre la valeur \u00e9cologique des sites et \u00e0 garantir un effet positif sur l\u2019environnement.[\/vc_column_text][vc_empty_space][\/vc_column][\/vc_row][vc_row css_animation=\u00a0\u00bb\u00a0\u00bb row_type=\u00a0\u00bbrow\u00a0\u00bb use_row_as_full_screen_section=\u00a0\u00bbno\u00a0\u00bb type=\u00a0\u00bbfull_width\u00a0\u00bb angled_section=\u00a0\u00bbno\u00a0\u00bb text_align=\u00a0\u00bbleft\u00a0\u00bb background_image_as_pattern=\u00a0\u00bbwithout_pattern\u00a0\u00bb css=\u00a0\u00bb.vc_custom_1730894260046{margin-top: 2% !important;}\u00a0\u00bb][vc_column][vc_column_text css=\u00a0\u00bb\u00a0\u00bb]<\/p>\n<h2>Comment pouvons-nous vous aider ?<\/h2>\n<ul>\n<li style=\"text-align: justify;\">Att\u00e9nuer les impacts du changement climatique.<\/li>\n<li style=\"text-align: justify;\">\u00c9valuation des risques en \u00e9cologie et contamination des sols.<\/li>\n<li style=\"text-align: justify;\">Strat\u00e9gies pour pr\u00e9venir l\u2019\u00e9rosion des sols, prot\u00e9ger les ressources naturelles et l\u2019int\u00e9grit\u00e9 du paysage.<\/li>\n<li style=\"text-align: justify;\">Des plans de contr\u00f4le environnemental et de gestion de la biodiversit\u00e9 qui favorisent l\u2019\u00e9quilibre \u00e9cologique.<\/li>\n<li style=\"text-align: justify;\">Nous int\u00e9grons les principes de la biophilie dans nos conceptions afin de cr\u00e9er des espaces qui relient les gens \u00e0 la nature.<\/li>\n<li style=\"text-align: justify;\">Utilisation d\u2019esp\u00e8ces indig\u00e8nes adapt\u00e9es au climat local, qui ne n\u00e9cessitent pas d\u2019irrigation afin de r\u00e9duire la consommation d\u2019eau.<\/li>\n<li style=\"text-align: justify;\">Gestion des pentes et du ruissellement gr\u00e2ce \u00e0 des syst\u00e8mes de filtration naturels pour r\u00e9duire le risque d\u2019inondations et d\u2019entra\u00eenement des s\u00e9diments.<\/li>\n<li style=\"text-align: justify;\">Une collecte durable des eaux de pluie et un drainage urbain qui r\u00e9duisent la consommation d\u2019eau et favorisent une utilisation efficace de l\u2019eau.<\/li>\n<li style=\"text-align: justify;\">Nous r\u00e9duisons la pollution dans les plans d\u2019eau voisins afin que nos projets am\u00e9liorent la qualit\u00e9 de l\u2019environnement aquatique et permettent le d\u00e9veloppement de la faune et de la flore locales.<\/li>\n<\/ul>\n<p>[\/vc_column_text][vc_empty_space][\/vc_column][\/vc_row][vc_row css_animation=\u00a0\u00bb\u00a0\u00bb row_type=\u00a0\u00bbrow\u00a0\u00bb use_row_as_full_screen_section=\u00a0\u00bbno\u00a0\u00bb type=\u00a0\u00bbfull_width\u00a0\u00bb angled_section=\u00a0\u00bbno\u00a0\u00bb text_align=\u00a0\u00bbleft\u00a0\u00bb background_image_as_pattern=\u00a0\u00bbwithout_pattern\u00a0\u00bb][vc_column css=\u00a0\u00bb.vc_custom_1744990483495{padding-right: 20px !important;padding-left: 20px !important;background-color: #E9F8E4 !important;}\u00a0\u00bb][vc_column_text css=\u00a0\u00bb.vc_custom_1744990770361{background-color: #B7EAA500 !important;border-radius: 5px !important;}\u00a0\u00bb]<\/p>\n<p style=\"text-align: justify;\">Nous disposons d\u2019une \u00e9quipe d\u2019experts avec une vaste exp\u00e9rience dans une vari\u00e9t\u00e9 de lieux, de r\u00e9gions et de climats. Nous avons travaill\u00e9 avec tous types de clients du secteur immobilier pour d\u00e9velopper de mani\u00e8re \u00e9cologique, des maisons unifamiliales aux grands b\u00e2timents de toutes sortes. <\/p>\n<p>[\/vc_column_text][vc_empty_space][\/vc_column][\/vc_row][vc_row css_animation=\u00a0\u00bb\u00a0\u00bb row_type=\u00a0\u00bbrow\u00a0\u00bb use_row_as_full_screen_section=\u00a0\u00bbno\u00a0\u00bb type=\u00a0\u00bbfull_width\u00a0\u00bb angled_section=\u00a0\u00bbno\u00a0\u00bb text_align=\u00a0\u00bbleft\u00a0\u00bb background_image_as_pattern=\u00a0\u00bbwithout_pattern\u00a0\u00bb][vc_column][vc_empty_space][\/vc_column][\/vc_row][vc_row css_animation=\u00a0\u00bb\u00a0\u00bb row_type=\u00a0\u00bbrow\u00a0\u00bb use_row_as_full_screen_section=\u00a0\u00bbno\u00a0\u00bb type=\u00a0\u00bbfull_width\u00a0\u00bb angled_section=\u00a0\u00bbno\u00a0\u00bb text_align=\u00a0\u00bbleft\u00a0\u00bb background_image_as_pattern=\u00a0\u00bbwithout_pattern\u00a0\u00bb z_index=\u00a0\u00bb\u00a0\u00bb][vc_column width=\u00a0\u00bb2\/3&Prime;][vc_gallery interval=\u00a0\u00bb3&Prime; images=\u00a0\u00bb7093&Prime; img_size=\u00a0\u00bbfull\u00a0\u00bb css=\u00a0\u00bb.vc_custom_1732273975307{border-radius: 15px !important;}\u00a0\u00bb][\/vc_column][vc_column width=\u00a0\u00bb1\/3&Prime;][vc_text_separator title=\u00a0\u00bb\u00c9tudes de cas\u00a0\u00bb border=\u00a0\u00bbno\u00a0\u00bb css=\u00a0\u00bb\u00a0\u00bb][vc_empty_space]<div class='portfolio_slider_holder clearfix'><div class='portfolio_slider'  data-autoplay='yes'  ><ul class='portfolio_slides'>Sorry, no posts matched your criteria.<\/ul><\/div><\/div>[\/vc_column][\/vc_row][vc_row css_animation=\u00a0\u00bb\u00a0\u00bb row_type=\u00a0\u00bbrow\u00a0\u00bb use_row_as_full_screen_section=\u00a0\u00bbno\u00a0\u00bb type=\u00a0\u00bbfull_width\u00a0\u00bb angled_section=\u00a0\u00bbno\u00a0\u00bb text_align=\u00a0\u00bbleft\u00a0\u00bb background_image_as_pattern=\u00a0\u00bbwithout_pattern\u00a0\u00bb][vc_column][vc_empty_space][vc_text_separator title=\u00a0\u00bbAutres services\u00a0\u00bb border=\u00a0\u00bbno\u00a0\u00bb css=\u00a0\u00bb\u00a0\u00bb][vc_empty_space][\/vc_column][\/vc_row][vc_row css_animation=\u00a0\u00bb\u00a0\u00bb row_type=\u00a0\u00bbrow\u00a0\u00bb use_row_as_full_screen_section=\u00a0\u00bbno\u00a0\u00bb type=\u00a0\u00bbfull_width\u00a0\u00bb angled_section=\u00a0\u00bbno\u00a0\u00bb text_align=\u00a0\u00bbleft\u00a0\u00bb background_image_as_pattern=\u00a0\u00bbwithout_pattern\u00a0\u00bb gap=\u00a0\u00bb10&Prime; equal_height=\u00a0\u00bbyes\u00a0\u00bb z_index=\u00a0\u00bb\u00a0\u00bb][vc_column width=\u00a0\u00bb1\/4&Prime;]<a  itemprop=\"url\" href=\"\/optimizacion-patrimonial-esg-de-activos\/\" target=\"_self\"  class=\"qbutton  default boton-largo\" style=\"\">OPTIMISATION ESG DES ACTIFS<\/a>[vc_empty_space][\/vc_column][vc_column width=\u00a0\u00bb1\/4&Prime;]<a  itemprop=\"url\" href=\"\/descarbonizacion\/\" target=\"_self\"  class=\"qbutton  default boton-largo\" style=\"\">D\u00c9CARBONISATION DES B\u00c2TIMENTS<\/a>[vc_empty_space][\/vc_column][vc_column width=\u00a0\u00bb1\/4&Prime;]<a  itemprop=\"url\" href=\"\/asistencia-a-obras-sostenible\/\" target=\"_self\"  class=\"qbutton  default boton-largo\" style=\"\">AIDE AUX TRAVAUX DURABLES<\/a>[vc_empty_space][\/vc_column][vc_column width=\u00a0\u00bb1\/4&Prime;]<a  itemprop=\"url\" href=\"\/emplazamiento\/\" target=\"_self\"  class=\"qbutton  default boton-largo\" style=\"\">AIDE AUX TRAVAUX DURABLES<\/a>[vc_empty_space][\/vc_column][\/vc_row]<\/p>\n<\/div>","protected":false},"excerpt":{"rendered":"<p>[vc_row css_animation=\u00a0\u00bb\u00a0\u00bb row_type=\u00a0\u00bbrow\u00a0\u00bb use_row_as_full_screen_section=\u00a0\u00bbno\u00a0\u00bb type=\u00a0\u00bbfull_width\u00a0\u00bb angled_section=\u00a0\u00bbno\u00a0\u00bb text_align=\u00a0\u00bbleft\u00a0\u00bb background_image_as_pattern=\u00a0\u00bbwithout_pattern\u00a0\u00bb][vc_column][vc_column_text css=\u00a0\u00bb\u00a0\u00bb] L\u2019emplacement le plus optimal pour votre b\u00e2timent Actuellement, le secteur de la construction contribue \u00e0 23 % de la pollution de l\u2019air, 40 % de la pollution de l\u2019eau potable et 50 % des d\u00e9chets en&#8230;<\/p>\n","protected":false},"author":2,"featured_media":0,"parent":0,"menu_order":0,"comment_status":"closed","ping_status":"closed","template":"","meta":{"_acf_changed":false,"footnotes":""},"class_list":["post-7853","page","type-page","status-publish","hentry"],"acf":[],"yoast_head":"<!-- This site is optimized with the Yoast SEO plugin v27.4 - https:\/\/yoast.com\/product\/yoast-seo-wordpress\/ -->\n<title>Emplacement | ZEROCEM - HEALTHY BUILDINGS<\/title>\n<meta name=\"description\" content=\"Chez ZEROCEM, nous vous aidons \u00e0 choisir l\u2019emplacement le plus optimal pour votre b\u00e2timent. Consultez plus d\u2019informations sur notre site web\" \/>\n<meta name=\"robots\" content=\"index, follow, max-snippet:-1, max-image-preview:large, max-video-preview:-1\" \/>\n<link rel=\"canonical\" href=\"https:\/\/zerocem.es\/fr\/emplacement\/\" \/>\n<meta property=\"og:locale\" content=\"fr_FR\" \/>\n<meta property=\"og:type\" content=\"article\" \/>\n<meta property=\"og:title\" content=\"Emplacement | ZEROCEM - HEALTHY BUILDINGS\" \/>\n<meta property=\"og:description\" content=\"Chez ZEROCEM, nous vous aidons \u00e0 choisir l\u2019emplacement le plus optimal pour votre b\u00e2timent. Consultez plus d\u2019informations sur notre site web\" \/>\n<meta property=\"og:url\" content=\"https:\/\/zerocem.es\/fr\/emplacement\/\" \/>\n<meta property=\"og:site_name\" content=\"ZEROCEM - HEALTHY BUILDINGS\" \/>\n<meta property=\"article:modified_time\" content=\"2026-04-16T17:01:13+00:00\" \/>\n<meta name=\"twitter:card\" content=\"summary_large_image\" \/>\n<meta name=\"twitter:label1\" content=\"Dur\u00e9e de lecture estim\u00e9e\" \/>\n\t<meta name=\"twitter:data1\" content=\"5 minutes\" \/>\n<script type=\"application\/ld+json\" class=\"yoast-schema-graph\">{\"@context\":\"https:\\\/\\\/schema.org\",\"@graph\":[{\"@type\":\"WebPage\",\"@id\":\"https:\\\/\\\/zerocem.es\\\/fr\\\/emplacement\\\/\",\"url\":\"https:\\\/\\\/zerocem.es\\\/fr\\\/emplacement\\\/\",\"name\":\"Emplacement | ZEROCEM - HEALTHY BUILDINGS\",\"isPartOf\":{\"@id\":\"https:\\\/\\\/zerocem.es\\\/fr\\\/#website\"},\"datePublished\":\"2024-11-06T12:02:43+00:00\",\"dateModified\":\"2026-04-16T17:01:13+00:00\",\"description\":\"Chez ZEROCEM, nous vous aidons \u00e0 choisir l\u2019emplacement le plus optimal pour votre b\u00e2timent. Consultez plus d\u2019informations sur notre site web\",\"breadcrumb\":{\"@id\":\"https:\\\/\\\/zerocem.es\\\/fr\\\/emplacement\\\/#breadcrumb\"},\"inLanguage\":\"fr-FR\",\"potentialAction\":[{\"@type\":\"ReadAction\",\"target\":[\"https:\\\/\\\/zerocem.es\\\/fr\\\/emplacement\\\/\"]}]},{\"@type\":\"BreadcrumbList\",\"@id\":\"https:\\\/\\\/zerocem.es\\\/fr\\\/emplacement\\\/#breadcrumb\",\"itemListElement\":[{\"@type\":\"ListItem\",\"position\":1,\"name\":\"Portada\",\"item\":\"https:\\\/\\\/zerocem.es\\\/fr\\\/\"},{\"@type\":\"ListItem\",\"position\":2,\"name\":\"Emplacement\"}]},{\"@type\":\"WebSite\",\"@id\":\"https:\\\/\\\/zerocem.es\\\/fr\\\/#website\",\"url\":\"https:\\\/\\\/zerocem.es\\\/fr\\\/\",\"name\":\"ZEROCEM - HEALTHY BUILDINGS\",\"description\":\"Consultora de sostenibilidad en construcci\u00f3n, ESG: BREEAM, LEED y WELL\",\"potentialAction\":[{\"@type\":\"SearchAction\",\"target\":{\"@type\":\"EntryPoint\",\"urlTemplate\":\"https:\\\/\\\/zerocem.es\\\/fr\\\/?s={search_term_string}\"},\"query-input\":{\"@type\":\"PropertyValueSpecification\",\"valueRequired\":true,\"valueName\":\"search_term_string\"}}],\"inLanguage\":\"fr-FR\"}]}<\/script>\n<!-- \/ Yoast SEO plugin. -->","yoast_head_json":{"title":"Emplacement | ZEROCEM - HEALTHY BUILDINGS","description":"Chez ZEROCEM, nous vous aidons \u00e0 choisir l\u2019emplacement le plus optimal pour votre b\u00e2timent. Consultez plus d\u2019informations sur notre site web","robots":{"index":"index","follow":"follow","max-snippet":"max-snippet:-1","max-image-preview":"max-image-preview:large","max-video-preview":"max-video-preview:-1"},"canonical":"https:\/\/zerocem.es\/fr\/emplacement\/","og_locale":"fr_FR","og_type":"article","og_title":"Emplacement | ZEROCEM - HEALTHY BUILDINGS","og_description":"Chez ZEROCEM, nous vous aidons \u00e0 choisir l\u2019emplacement le plus optimal pour votre b\u00e2timent. Consultez plus d\u2019informations sur notre site web","og_url":"https:\/\/zerocem.es\/fr\/emplacement\/","og_site_name":"ZEROCEM - HEALTHY BUILDINGS","article_modified_time":"2026-04-16T17:01:13+00:00","twitter_card":"summary_large_image","twitter_misc":{"Dur\u00e9e de lecture estim\u00e9e":"5 minutes"},"schema":{"@context":"https:\/\/schema.org","@graph":[{"@type":"WebPage","@id":"https:\/\/zerocem.es\/fr\/emplacement\/","url":"https:\/\/zerocem.es\/fr\/emplacement\/","name":"Emplacement | ZEROCEM - HEALTHY BUILDINGS","isPartOf":{"@id":"https:\/\/zerocem.es\/fr\/#website"},"datePublished":"2024-11-06T12:02:43+00:00","dateModified":"2026-04-16T17:01:13+00:00","description":"Chez ZEROCEM, nous vous aidons \u00e0 choisir l\u2019emplacement le plus optimal pour votre b\u00e2timent. Consultez plus d\u2019informations sur notre site web","breadcrumb":{"@id":"https:\/\/zerocem.es\/fr\/emplacement\/#breadcrumb"},"inLanguage":"fr-FR","potentialAction":[{"@type":"ReadAction","target":["https:\/\/zerocem.es\/fr\/emplacement\/"]}]},{"@type":"BreadcrumbList","@id":"https:\/\/zerocem.es\/fr\/emplacement\/#breadcrumb","itemListElement":[{"@type":"ListItem","position":1,"name":"Portada","item":"https:\/\/zerocem.es\/fr\/"},{"@type":"ListItem","position":2,"name":"Emplacement"}]},{"@type":"WebSite","@id":"https:\/\/zerocem.es\/fr\/#website","url":"https:\/\/zerocem.es\/fr\/","name":"ZEROCEM - HEALTHY BUILDINGS","description":"Consultora de sostenibilidad en construcci\u00f3n, ESG: BREEAM, LEED y WELL","potentialAction":[{"@type":"SearchAction","target":{"@type":"EntryPoint","urlTemplate":"https:\/\/zerocem.es\/fr\/?s={search_term_string}"},"query-input":{"@type":"PropertyValueSpecification","valueRequired":true,"valueName":"search_term_string"}}],"inLanguage":"fr-FR"}]}},"_links":{"self":[{"href":"https:\/\/zerocem.es\/fr\/wp-json\/wp\/v2\/pages\/7853","targetHints":{"allow":["GET"]}}],"collection":[{"href":"https:\/\/zerocem.es\/fr\/wp-json\/wp\/v2\/pages"}],"about":[{"href":"https:\/\/zerocem.es\/fr\/wp-json\/wp\/v2\/types\/page"}],"author":[{"embeddable":true,"href":"https:\/\/zerocem.es\/fr\/wp-json\/wp\/v2\/users\/2"}],"replies":[{"embeddable":true,"href":"https:\/\/zerocem.es\/fr\/wp-json\/wp\/v2\/comments?post=7853"}],"version-history":[{"count":4,"href":"https:\/\/zerocem.es\/fr\/wp-json\/wp\/v2\/pages\/7853\/revisions"}],"predecessor-version":[{"id":7862,"href":"https:\/\/zerocem.es\/fr\/wp-json\/wp\/v2\/pages\/7853\/revisions\/7862"}],"wp:attachment":[{"href":"https:\/\/zerocem.es\/fr\/wp-json\/wp\/v2\/media?parent=7853"}],"curies":[{"name":"wp","href":"https:\/\/api.w.org\/{rel}","templated":true}]}}