{"id":5508,"date":"2024-11-06T13:02:43","date_gmt":"2024-11-06T12:02:43","guid":{"rendered":"https:\/\/zerocem.es\/?page_id=5508"},"modified":"2025-04-21T17:32:07","modified_gmt":"2025-04-21T15:32:07","slug":"site","status":"publish","type":"page","link":"https:\/\/zerocem.es\/en\/site\/","title":{"rendered":"Site"},"content":{"rendered":"<div class=\"wpb-content-wrapper\"><p>[vc_row css_animation=&#8221;&#8221; row_type=&#8221;row&#8221; use_row_as_full_screen_section=&#8221;no&#8221; type=&#8221;full_width&#8221; angled_section=&#8221;no&#8221; text_align=&#8221;left&#8221; background_image_as_pattern=&#8221;without_pattern&#8221;][vc_column][vc_column_text css=&#8221;&#8221;]<\/p>\n<h2>The most efficient location for your building.<\/h2>\n<p style=\"text-align: justify;\"><span class=\"Y2IQFc\" lang=\"en\">Currently, the construction sector contributes to 23% of air pollution, 40% of drinking water pollution, and 50% of waste in landfills. Although these figures may seem alarming, efforts in recent years indicate that efforts in the sector are producing improvements. However, society not only demands a reduction in impact but also a regeneration of ecosystems even at the urban level.<\/span><\/p>\n<p>[\/vc_column_text][\/vc_column][\/vc_row][vc_row css_animation=&#8221;&#8221; row_type=&#8221;row&#8221; use_row_as_full_screen_section=&#8221;no&#8221; type=&#8221;full_width&#8221; angled_section=&#8221;no&#8221; text_align=&#8221;left&#8221; background_image_as_pattern=&#8221;without_pattern&#8221;][vc_column css=&#8221;.vc_custom_1744990910720{padding-right: 20px !important;padding-left: 20px !important;background-color: #E3F2DE !important;}&#8221;][vc_column_text css=&#8221;.vc_custom_1744990900991{background-color: #B7EAA500 !important;border-radius: 5px !important;}&#8221;]<\/p>\n<p id=\"tw-target-text\" class=\"tw-data-text tw-text-large tw-ta\" dir=\"ltr\" data-placeholder=\"Traducci\u00f3n\" data-ved=\"2ahUKEwi2gaqF_aeLAxWkVqQEHb_2Jr0Q3ewLegQIBxAV\" aria-label=\"Texto traducido: The construction sector is responsible for the loss of biodiversity in our cities and their surroundings. ZEROCEM offers services to increase the ecological value of sites and ensure a positive effect on the environment.\"><span class=\"Y2IQFc\" lang=\"en\">The construction sector is responsible for the loss of biodiversity in our cities and their surroundings. ZEROCEM offers services to increase the ecological value of sites and ensure a positive effect on the environment.<\/span><\/p>\n<p>[\/vc_column_text][vc_empty_space][\/vc_column][\/vc_row][vc_row css_animation=&#8221;&#8221; row_type=&#8221;row&#8221; use_row_as_full_screen_section=&#8221;no&#8221; type=&#8221;full_width&#8221; angled_section=&#8221;no&#8221; text_align=&#8221;left&#8221; background_image_as_pattern=&#8221;without_pattern&#8221; css=&#8221;.vc_custom_1730894260046{margin-top: 2% !important;}&#8221;][vc_column][vc_column_text css=&#8221;&#8221;]<\/p>\n<h2>How can we help you?<\/h2>\n<ul>\n<li style=\"text-align: justify;\">Mitigaci\u00f3n de los impactos del cambio clim\u00e1tico.<\/li>\n<li style=\"text-align: justify;\"><span class=\"Y2IQFc\" lang=\"en\">Mitigation of the impacts of climate change. <\/span><\/li>\n<li style=\"text-align: justify;\"><span class=\"Y2IQFc\" lang=\"en\">Risk assessment in ecology and soil contamination. <\/span><\/li>\n<li style=\"text-align: justify;\"><span class=\"Y2IQFc\" lang=\"en\">Strategies to prevent soil erosion, protecting natural resources and landscape integrity.<\/span><\/li>\n<li style=\"text-align: justify;\"><span class=\"Y2IQFc\" lang=\"en\">Environmental control and biodiversity management plans that promote ecological balance.<\/span><\/li>\n<li style=\"text-align: justify;\"><span class=\"Y2IQFc\" lang=\"en\">We integrate principles of biophilia into our designs to create spaces that connect people with nature. <\/span><\/li>\n<li style=\"text-align: justify;\"><span class=\"Y2IQFc\" lang=\"en\">Use of native species adapted to the local climate, which do not require irrigation in order to reduce water consumption. <\/span><\/li>\n<li style=\"text-align: justify;\"><span class=\"Y2IQFc\" lang=\"en\">Slope and runoff management with natural filtration systems to reduce the risk of flooding and sediment drift. <\/span><\/li>\n<li style=\"text-align: justify;\"><span class=\"Y2IQFc\" lang=\"en\">Rainwater harvesting and sustainable urban drainage that reduces water consumption and promotes efficient use of water. <\/span><\/li>\n<li style=\"text-align: justify;\"><span class=\"Y2IQFc\" lang=\"en\">We minimize pollution in nearby bodies of water so that our projects improve the quality of the aquatic environment and allow the development of local fauna and flora.<\/span><\/li>\n<\/ul>\n<p>[\/vc_column_text][\/vc_column][\/vc_row][vc_row css_animation=&#8221;&#8221; row_type=&#8221;row&#8221; use_row_as_full_screen_section=&#8221;no&#8221; type=&#8221;full_width&#8221; angled_section=&#8221;no&#8221; text_align=&#8221;left&#8221; background_image_as_pattern=&#8221;without_pattern&#8221;][vc_column css=&#8221;.vc_custom_1744990910720{padding-right: 20px !important;padding-left: 20px !important;background-color: #E3F2DE !important;}&#8221;][vc_column_text css=&#8221;.vc_custom_1744990952228{background-color: #B7EAA500 !important;border-radius: 5px !important;}&#8221;]We have a team of experts with vast experience in a variety of locations, regions and climates. We have worked with all types of clients in the real estate sector to develop in an ecological way, from single-family homes to large buildings of all types.[\/vc_column_text][vc_empty_space][\/vc_column][\/vc_row][vc_row css_animation=&#8221;&#8221; row_type=&#8221;row&#8221; use_row_as_full_screen_section=&#8221;no&#8221; type=&#8221;full_width&#8221; angled_section=&#8221;no&#8221; text_align=&#8221;left&#8221; background_image_as_pattern=&#8221;without_pattern&#8221; css=&#8221;.vc_custom_1730894491037{margin-top: 2% !important;}&#8221;][vc_column width=&#8221;2\/3&#8243;][vc_gallery interval=&#8221;3&#8243; images=&#8221;4952&#8243; img_size=&#8221;full&#8221; css=&#8221;.vc_custom_1732273975307{border-radius: 15px !important;}&#8221;][\/vc_column][vc_column width=&#8221;1\/3&#8243;][vc_text_separator title=&#8221;Case study&#8221; border=&#8221;no&#8221; css=&#8221;&#8221;][vc_empty_space]<div class='portfolio_slider_holder clearfix'><div class='portfolio_slider'  data-autoplay='yes'  ><ul class='portfolio_slides'><li class='item'><div class='image_holder'><span class='image'><span class='image_pixel_hover'><\/span><a itemprop='url' href='https:\/\/zerocem.es\/en\/caso\/modular-recycled-green-homes\/' target='_self'><img fetchpriority=\"high\" decoding=\"async\" width=\"1300\" height=\"956\" src=\"https:\/\/zerocem.es\/wp-content\/uploads\/2012\/12\/ConteneDomus-exterior-view.jpg\" class=\"attachment-full size-full wp-post-image\" alt=\"Contenedomus modular homes prototype\" srcset=\"https:\/\/zerocem.es\/wp-content\/uploads\/2012\/12\/ConteneDomus-exterior-view.jpg 1300w, https:\/\/zerocem.es\/wp-content\/uploads\/2012\/12\/ConteneDomus-exterior-view-300x221.jpg 300w, https:\/\/zerocem.es\/wp-content\/uploads\/2012\/12\/ConteneDomus-exterior-view-768x565.jpg 768w, https:\/\/zerocem.es\/wp-content\/uploads\/2012\/12\/ConteneDomus-exterior-view-1024x753.jpg 1024w\" sizes=\"(max-width: 1300px) 100vw, 1300px\" \/><\/a><\/span><div class='hover_feature_holder'><div class=\"hover_feature_holder_outer\"><div class=\"hover_feature_holder_inner\"><h3 itemprop=\"name\" class=\"portfolio_title entry_title\"><a itemprop=\"url\" href=\"https:\/\/zerocem.es\/en\/caso\/modular-recycled-green-homes\/\" target=\"_self\">MODULAR RECYCLED GREEN HOMES<\/a><\/h3><span class=\"separator small transparent\"><\/span><div class=\"project_category\"><\/div><\/div><\/div><\/div><\/div><\/li><li class='item'><div class='image_holder'><span class='image'><span class='image_pixel_hover'><\/span><a itemprop='url' href='https:\/\/zerocem.es\/en\/caso\/energy-retrofit-at-1925s-villa\/' target='_self'><img decoding=\"async\" width=\"766\" height=\"527\" src=\"https:\/\/zerocem.es\/wp-content\/uploads\/2017\/07\/1925s-Villa-energy-retrofit.jpg\" class=\"attachment-full size-full wp-post-image\" alt=\"Alzado de rehabilitaci\u00f3n energ\u00e9tica de Casa Ar\u00e9valo\" srcset=\"https:\/\/zerocem.es\/wp-content\/uploads\/2017\/07\/1925s-Villa-energy-retrofit.jpg 766w, https:\/\/zerocem.es\/wp-content\/uploads\/2017\/07\/1925s-Villa-energy-retrofit-300x206.jpg 300w\" sizes=\"(max-width: 766px) 100vw, 766px\" \/><\/a><\/span><div class='hover_feature_holder'><div class=\"hover_feature_holder_outer\"><div class=\"hover_feature_holder_inner\"><h3 itemprop=\"name\" class=\"portfolio_title entry_title\"><a itemprop=\"url\" href=\"https:\/\/zerocem.es\/en\/caso\/energy-retrofit-at-1925s-villa\/\" target=\"_self\">ENERGY RETROFIT AT 1925s VILLA<\/a><\/h3><span class=\"separator small transparent\"><\/span><div class=\"project_category\"><\/div><\/div><\/div><\/div><\/div><\/li><li class='item'><div class='image_holder'><span class='image'><span class='image_pixel_hover'><\/span><a itemprop='url' href='https:\/\/zerocem.es\/en\/caso\/science-and-ocean-museum-in-qingdao\/' target='_self'><img decoding=\"async\" width=\"766\" height=\"527\" src=\"https:\/\/zerocem.es\/wp-content\/uploads\/2015\/12\/case-study3-main.jpg\" class=\"attachment-full size-full wp-post-image\" alt=\"Vista desde el mar del Museo del Mar y La Ciencia\" srcset=\"https:\/\/zerocem.es\/wp-content\/uploads\/2015\/12\/case-study3-main.jpg 766w, https:\/\/zerocem.es\/wp-content\/uploads\/2015\/12\/case-study3-main-300x206.jpg 300w\" sizes=\"(max-width: 766px) 100vw, 766px\" \/><\/a><\/span><div class='hover_feature_holder'><div class=\"hover_feature_holder_outer\"><div class=\"hover_feature_holder_inner\"><h3 itemprop=\"name\" class=\"portfolio_title entry_title\"><a itemprop=\"url\" href=\"https:\/\/zerocem.es\/en\/caso\/science-and-ocean-museum-in-qingdao\/\" target=\"_self\">SCIENCE AND OCEAN MUSEUM IN QINGDAO<\/a><\/h3><span class=\"separator small transparent\"><\/span><div class=\"project_category\"><\/div><\/div><\/div><\/div><\/div><\/li><li class='item'><div class='image_holder'><span class='image'><span class='image_pixel_hover'><\/span><a itemprop='url' href='https:\/\/zerocem.es\/en\/caso\/hotel-alfonso-xiii-breeam-excellent\/' target='_self'><img loading=\"lazy\" decoding=\"async\" width=\"1000\" height=\"482\" src=\"https:\/\/zerocem.es\/wp-content\/uploads\/2024\/12\/Alfonso-XIII-exterior-1000x482-1.jpg\" class=\"attachment-full size-full wp-post-image\" alt=\"\" srcset=\"https:\/\/zerocem.es\/wp-content\/uploads\/2024\/12\/Alfonso-XIII-exterior-1000x482-1.jpg 1000w, https:\/\/zerocem.es\/wp-content\/uploads\/2024\/12\/Alfonso-XIII-exterior-1000x482-1-300x145.jpg 300w, https:\/\/zerocem.es\/wp-content\/uploads\/2024\/12\/Alfonso-XIII-exterior-1000x482-1-768x370.jpg 768w\" sizes=\"(max-width: 1000px) 100vw, 1000px\" \/><\/a><\/span><div class='hover_feature_holder'><div class=\"hover_feature_holder_outer\"><div class=\"hover_feature_holder_inner\"><h3 itemprop=\"name\" class=\"portfolio_title entry_title\"><a itemprop=\"url\" href=\"https:\/\/zerocem.es\/en\/caso\/hotel-alfonso-xiii-breeam-excellent\/\" target=\"_self\">HOTEL ALFONSO XIII BREEAM EXCELLENT<\/a><\/h3><span class=\"separator small transparent\"><\/span><div class=\"project_category\"><\/div><\/div><\/div><\/div><\/div><\/li><\/ul><\/div><\/div>[\/vc_column][\/vc_row][vc_row css_animation=&#8221;&#8221; row_type=&#8221;row&#8221; use_row_as_full_screen_section=&#8221;no&#8221; type=&#8221;full_width&#8221; angled_section=&#8221;no&#8221; text_align=&#8221;left&#8221; background_image_as_pattern=&#8221;without_pattern&#8221;][vc_column][vc_text_separator title=&#8221;Other services&#8221; border=&#8221;no&#8221; css=&#8221;&#8221;][vc_empty_space][\/vc_column][\/vc_row][vc_row css_animation=&#8221;&#8221; row_type=&#8221;row&#8221; use_row_as_full_screen_section=&#8221;no&#8221; type=&#8221;full_width&#8221; angled_section=&#8221;no&#8221; text_align=&#8221;left&#8221; background_image_as_pattern=&#8221;without_pattern&#8221; gap=&#8221;10&#8243; equal_height=&#8221;yes&#8221; z_index=&#8221;&#8221;][vc_column width=&#8221;1\/4&#8243;]<a  itemprop=\"url\" href=\"\/en\/esg-asset-optimization\/\" target=\"_self\"  class=\"qbutton  default boton-largo\" style=\"\">ESG ASSET OPTIMIZATION<\/a>[vc_empty_space][\/vc_column][vc_column width=&#8221;1\/4&#8243;]<a  itemprop=\"url\" href=\"\/en\/decarbonization\/\" target=\"_self\"  class=\"qbutton  default boton-largo\" style=\"\">DESCARBONIZATION<\/a>[vc_empty_space][\/vc_column][vc_column width=&#8221;1\/4&#8243;]<a  itemprop=\"url\" href=\"\/en\/sustainable-construction\/\" target=\"_self\"  class=\"qbutton  default boton-largo\" style=\"\">GREEN CONSTRUCTION<\/a>[vc_empty_space][\/vc_column][vc_column width=&#8221;1\/4&#8243;]<a  itemprop=\"url\" href=\"\/en\/sustainable-construction\/\" target=\"_self\"  class=\"qbutton  default boton-largo\" style=\"\">GREEN CONSTRUCTION<\/a>[vc_empty_space][\/vc_column][\/vc_row]<\/p>\n<\/div>","protected":false},"excerpt":{"rendered":"<p>[vc_row css_animation=&#8221;&#8221; row_type=&#8221;row&#8221; use_row_as_full_screen_section=&#8221;no&#8221; type=&#8221;full_width&#8221; angled_section=&#8221;no&#8221; text_align=&#8221;left&#8221; background_image_as_pattern=&#8221;without_pattern&#8221;][vc_column][vc_column_text css=&#8221;&#8221;] The most efficient location for your building. Currently, the construction sector contributes to 23% of air pollution, 40% of drinking water pollution, and 50% of waste in landfills. Although these figures may seem alarming, efforts in&#8230;<\/p>\n","protected":false},"author":2,"featured_media":0,"parent":0,"menu_order":0,"comment_status":"closed","ping_status":"closed","template":"","meta":{"_acf_changed":false,"footnotes":""},"class_list":["post-5508","page","type-page","status-publish","hentry"],"acf":[],"yoast_head":"<!-- This site is optimized with the Yoast SEO plugin v27.5 - https:\/\/yoast.com\/product\/yoast-seo-wordpress\/ -->\n<title>Site | ZEROCEM - HEALTHY BUILDINGS<\/title>\n<meta name=\"description\" content=\"En ZEROCEM te ayudamos a elegir el emplazamiento m\u00e1s \u00f3ptimo para tu edificio. Consulta m\u00e1s informaci\u00f3n en nuestra web\" \/>\n<meta name=\"robots\" content=\"index, follow, max-snippet:-1, max-image-preview:large, max-video-preview:-1\" \/>\n<link rel=\"canonical\" href=\"https:\/\/zerocem.es\/en\/site\/\" \/>\n<meta property=\"og:locale\" content=\"en_US\" \/>\n<meta property=\"og:type\" content=\"article\" \/>\n<meta property=\"og:title\" content=\"Site | ZEROCEM - HEALTHY BUILDINGS\" \/>\n<meta property=\"og:description\" content=\"En ZEROCEM te ayudamos a elegir el emplazamiento m\u00e1s \u00f3ptimo para tu edificio. Consulta m\u00e1s informaci\u00f3n en nuestra web\" \/>\n<meta property=\"og:url\" content=\"https:\/\/zerocem.es\/en\/site\/\" \/>\n<meta property=\"og:site_name\" content=\"ZEROCEM - HEALTHY BUILDINGS\" \/>\n<meta property=\"article:modified_time\" content=\"2025-04-21T15:32:07+00:00\" \/>\n<meta name=\"twitter:card\" content=\"summary_large_image\" \/>\n<meta name=\"twitter:label1\" content=\"Est. reading time\" \/>\n\t<meta name=\"twitter:data1\" content=\"3 minutes\" \/>\n<script type=\"application\/ld+json\" class=\"yoast-schema-graph\">{\"@context\":\"https:\\\/\\\/schema.org\",\"@graph\":[{\"@type\":\"WebPage\",\"@id\":\"https:\\\/\\\/zerocem.es\\\/en\\\/site\\\/\",\"url\":\"https:\\\/\\\/zerocem.es\\\/en\\\/site\\\/\",\"name\":\"Site | ZEROCEM - HEALTHY BUILDINGS\",\"isPartOf\":{\"@id\":\"https:\\\/\\\/zerocem.es\\\/en\\\/#website\"},\"datePublished\":\"2024-11-06T12:02:43+00:00\",\"dateModified\":\"2025-04-21T15:32:07+00:00\",\"description\":\"En ZEROCEM te ayudamos a elegir el emplazamiento m\u00e1s \u00f3ptimo para tu edificio. Consulta m\u00e1s informaci\u00f3n en nuestra web\",\"breadcrumb\":{\"@id\":\"https:\\\/\\\/zerocem.es\\\/en\\\/site\\\/#breadcrumb\"},\"inLanguage\":\"en-US\",\"potentialAction\":[{\"@type\":\"ReadAction\",\"target\":[\"https:\\\/\\\/zerocem.es\\\/en\\\/site\\\/\"]}]},{\"@type\":\"BreadcrumbList\",\"@id\":\"https:\\\/\\\/zerocem.es\\\/en\\\/site\\\/#breadcrumb\",\"itemListElement\":[{\"@type\":\"ListItem\",\"position\":1,\"name\":\"Portada\",\"item\":\"https:\\\/\\\/zerocem.es\\\/en\\\/\"},{\"@type\":\"ListItem\",\"position\":2,\"name\":\"Site\"}]},{\"@type\":\"WebSite\",\"@id\":\"https:\\\/\\\/zerocem.es\\\/en\\\/#website\",\"url\":\"https:\\\/\\\/zerocem.es\\\/en\\\/\",\"name\":\"ZEROCEM - HEALTHY BUILDINGS\",\"description\":\"Consultora de sostenibilidad en construcci\u00f3n, ESG: BREEAM, LEED y WELL\",\"potentialAction\":[{\"@type\":\"SearchAction\",\"target\":{\"@type\":\"EntryPoint\",\"urlTemplate\":\"https:\\\/\\\/zerocem.es\\\/en\\\/?s={search_term_string}\"},\"query-input\":{\"@type\":\"PropertyValueSpecification\",\"valueRequired\":true,\"valueName\":\"search_term_string\"}}],\"inLanguage\":\"en-US\"}]}<\/script>\n<!-- \/ Yoast SEO plugin. -->","yoast_head_json":{"title":"Site | ZEROCEM - HEALTHY BUILDINGS","description":"En ZEROCEM te ayudamos a elegir el emplazamiento m\u00e1s \u00f3ptimo para tu edificio. Consulta m\u00e1s informaci\u00f3n en nuestra web","robots":{"index":"index","follow":"follow","max-snippet":"max-snippet:-1","max-image-preview":"max-image-preview:large","max-video-preview":"max-video-preview:-1"},"canonical":"https:\/\/zerocem.es\/en\/site\/","og_locale":"en_US","og_type":"article","og_title":"Site | ZEROCEM - HEALTHY BUILDINGS","og_description":"En ZEROCEM te ayudamos a elegir el emplazamiento m\u00e1s \u00f3ptimo para tu edificio. Consulta m\u00e1s informaci\u00f3n en nuestra web","og_url":"https:\/\/zerocem.es\/en\/site\/","og_site_name":"ZEROCEM - HEALTHY BUILDINGS","article_modified_time":"2025-04-21T15:32:07+00:00","twitter_card":"summary_large_image","twitter_misc":{"Est. reading time":"3 minutes"},"schema":{"@context":"https:\/\/schema.org","@graph":[{"@type":"WebPage","@id":"https:\/\/zerocem.es\/en\/site\/","url":"https:\/\/zerocem.es\/en\/site\/","name":"Site | ZEROCEM - HEALTHY BUILDINGS","isPartOf":{"@id":"https:\/\/zerocem.es\/en\/#website"},"datePublished":"2024-11-06T12:02:43+00:00","dateModified":"2025-04-21T15:32:07+00:00","description":"En ZEROCEM te ayudamos a elegir el emplazamiento m\u00e1s \u00f3ptimo para tu edificio. Consulta m\u00e1s informaci\u00f3n en nuestra web","breadcrumb":{"@id":"https:\/\/zerocem.es\/en\/site\/#breadcrumb"},"inLanguage":"en-US","potentialAction":[{"@type":"ReadAction","target":["https:\/\/zerocem.es\/en\/site\/"]}]},{"@type":"BreadcrumbList","@id":"https:\/\/zerocem.es\/en\/site\/#breadcrumb","itemListElement":[{"@type":"ListItem","position":1,"name":"Portada","item":"https:\/\/zerocem.es\/en\/"},{"@type":"ListItem","position":2,"name":"Site"}]},{"@type":"WebSite","@id":"https:\/\/zerocem.es\/en\/#website","url":"https:\/\/zerocem.es\/en\/","name":"ZEROCEM - HEALTHY BUILDINGS","description":"Consultora de sostenibilidad en construcci\u00f3n, ESG: BREEAM, LEED y WELL","potentialAction":[{"@type":"SearchAction","target":{"@type":"EntryPoint","urlTemplate":"https:\/\/zerocem.es\/en\/?s={search_term_string}"},"query-input":{"@type":"PropertyValueSpecification","valueRequired":true,"valueName":"search_term_string"}}],"inLanguage":"en-US"}]}},"_links":{"self":[{"href":"https:\/\/zerocem.es\/en\/wp-json\/wp\/v2\/pages\/5508","targetHints":{"allow":["GET"]}}],"collection":[{"href":"https:\/\/zerocem.es\/en\/wp-json\/wp\/v2\/pages"}],"about":[{"href":"https:\/\/zerocem.es\/en\/wp-json\/wp\/v2\/types\/page"}],"author":[{"embeddable":true,"href":"https:\/\/zerocem.es\/en\/wp-json\/wp\/v2\/users\/2"}],"replies":[{"embeddable":true,"href":"https:\/\/zerocem.es\/en\/wp-json\/wp\/v2\/comments?post=5508"}],"version-history":[{"count":7,"href":"https:\/\/zerocem.es\/en\/wp-json\/wp\/v2\/pages\/5508\/revisions"}],"predecessor-version":[{"id":5954,"href":"https:\/\/zerocem.es\/en\/wp-json\/wp\/v2\/pages\/5508\/revisions\/5954"}],"wp:attachment":[{"href":"https:\/\/zerocem.es\/en\/wp-json\/wp\/v2\/media?parent=5508"}],"curies":[{"name":"wp","href":"https:\/\/api.w.org\/{rel}","templated":true}]}}