{"id":3857,"date":"2017-06-01T09:43:52","date_gmt":"2017-06-01T08:43:52","guid":{"rendered":"http:\/\/0cem.com\/?page_id=3857"},"modified":"2025-04-18T17:50:52","modified_gmt":"2025-04-18T15:50:52","slug":"sustainability-policy","status":"publish","type":"page","link":"https:\/\/zerocem.es\/en\/sustainability-policy\/","title":{"rendered":"Sustainability policy"},"content":{"rendered":"<div class=\"wpb-content-wrapper\"><p>[vc_row css_animation=&#8221;&#8221; row_type=&#8221;row&#8221; use_row_as_full_screen_section=&#8221;no&#8221; type=&#8221;full_width&#8221; angled_section=&#8221;no&#8221; text_align=&#8221;left&#8221; background_image_as_pattern=&#8221;without_pattern&#8221;][vc_column][vc_column_text]<\/p>\n<h2>Declaraci\u00f3n de intenciones<\/h2>\n<p><strong>ZER0CEM<\/strong> nace con la intenci\u00f3n de ser equipo con esp\u00edritu pionero, emprendedor y comprometido con el desarrollo sostenible a trav\u00e9s del dise\u00f1o, la consultor\u00eda, la certificaci\u00f3n y la supervisi\u00f3n de construcciones verdaderamente sostenibles, que contribuyan activamente al bienestar social, el equilibrio ambiental y el progreso econ\u00f3mico.<\/p>\n<p><strong>ZER0CEM<\/strong>, consciente de los retos a los que se enfrenta la humanidad y los desaf\u00edos que implica conseguir un modelo global de desarrollo sostenible, hace suya la responsabilidad de mitigar los nuevos riesgos, pero tambi\u00e9n de responder<br \/>\ncon \u00e9xito a las nuevas oportunidades que surgen de dichos desaf\u00edos.<\/p>\n<p>Nuestro compromiso trasciende el prop\u00f3sito de rentabilidad econ\u00f3mica y apunta hacia objetivos m\u00e1s ambiciosos de creaci\u00f3n de valor compartido, a largo plazo, para la sociedad.<\/p>\n<p>El presente documento act\u00faa como una pol\u00edtica global que establece los principios marco para el resto de pol\u00edticas de <strong>ZER0CEM<\/strong>.<\/p>\n<h2>\nPrincipios<\/h2>\n<p>\u2022 <strong>\u00c9tica y responsabilidad en los negocios<\/strong> \u2013 <strong>ZER0CEM<\/strong> promueve actuaciones \u00e9ticas y sostenibles a partir del propio negocio actuando siempre desde un enfoque preventivo y de minimizaci\u00f3n de riesgos tanto econ\u00f3micos, como sociales y ambientales.<\/p>\n<p>\u2022 <strong>Solidez financiera y enfoque a largo plazo<\/strong> \u2013 <strong>ZER0CEM<\/strong> entiende la sostenibilidad como una apuesta a largo plazo que refuerza el principio de solidez econ\u00f3mica y financiera.<\/p>\n<p>\u2022 <strong>Respeto de los derechos humanos fundamentales<\/strong> &#8211; <strong>ZER0CEM<\/strong> rechaza cualquier forma de abuso o vulneraci\u00f3n de los mismos, entre los empleados, proveedores, contratistas, colaboradores, socios, competidores o sociedad en general, promoviendo la igualdad efectiva de oportunidades y la no discriminaci\u00f3n.<\/p>\n<p>\u2022 <strong>Creaci\u00f3n de valor para las comunidades donde se opera<\/strong> \u2013 <strong>ZER0CEM<\/strong> busca aportar valor en las \u00e1reas geogr\u00e1ficas en que opera, mediante el desarrollo de modelos de negocio que contribuyan a su desarrollo social.<\/p>\n<p>\u2022 <strong>Cuidado del entorno y lucha contra el cambio clim\u00e1tico<\/strong> \u2013 <strong>ZER0CEM<\/strong>, con el fin de reducir el impacto de sus operaciones, busca el m\u00e1ximo nivel de eficiencia ambiental en todos los proyectos que acomete, concienciando a todos los actores intervinientes, tanto propios como externos, de su importancia en la toma de decisiones y en la operativa de los negocios.<\/p>\n<p>\u2022 <strong>Integraci\u00f3n de la Sostenibilidad<\/strong>\u2013 <strong>ZER0CEM<\/strong> entiende la sostenibilidad como n\u00facleo central de nuestro negocio, por lo tanto debe estar presente en cada actuaci\u00f3n que se acometa, traslad\u00e1ndose esta cultura a clientes, proveedores, socios y al resto de grupos de inter\u00e9s.<\/p>\n<p>\u2022 <strong>Innovaci\u00f3n<\/strong> \u2013 <strong>ZER0CEM<\/strong> fomenta la innovaci\u00f3n como uno de los pilares del desarrollo de los negocios promoviendo la b\u00fasqueda de soluciones sostenibles en los \u00e1mbitos tecnol\u00f3gico y operativo.<\/p>\n<p>\u2022 <strong>Di\u00e1logo<\/strong> con grupos de inter\u00e9s \u2013 <strong>ZER0CEM<\/strong> mantiene un di\u00e1logo regular y fluido con sus grupos de inter\u00e9s recogiendo y dando respuesta a sus expectativas e incorporando las m\u00e1s relevantes en la estrategia de sostenibilidad.<\/p>\n<p>\u2022 <strong>Transparencia<\/strong> en la comunicaci\u00f3n y en la rendici\u00f3n de cuentas \u2013 <strong>ZER0CEM<\/strong> facilita informaci\u00f3n transparente, veraz y rigurosa a sus grupos de inter\u00e9s.<\/p>\n<p>&nbsp;<\/p>\n<p>ZER0CEM<\/p>\n<p>01 de Junio de 2017[\/vc_column_text][vc_empty_space][\/vc_column][\/vc_row]<\/p>\n<\/div>","protected":false},"excerpt":{"rendered":"<p>[vc_row css_animation=&#8221;&#8221; row_type=&#8221;row&#8221; use_row_as_full_screen_section=&#8221;no&#8221; type=&#8221;full_width&#8221; angled_section=&#8221;no&#8221; text_align=&#8221;left&#8221; background_image_as_pattern=&#8221;without_pattern&#8221;][vc_column][vc_column_text] Declaraci\u00f3n de intenciones ZER0CEM nace con la intenci\u00f3n de ser equipo con esp\u00edritu pionero, emprendedor y comprometido con el desarrollo sostenible a trav\u00e9s del dise\u00f1o, la consultor\u00eda, la certificaci\u00f3n y la supervisi\u00f3n de construcciones verdaderamente sostenibles, que&#8230;<\/p>\n","protected":false},"author":4,"featured_media":0,"parent":0,"menu_order":0,"comment_status":"closed","ping_status":"closed","template":"","meta":{"_acf_changed":false,"footnotes":""},"class_list":["post-3857","page","type-page","status-publish","hentry"],"acf":[],"yoast_head":"<!-- This site is optimized with the Yoast SEO plugin v27.5 - https:\/\/yoast.com\/product\/yoast-seo-wordpress\/ -->\n<title>Sustainability policy | ZEROCEM - HEALTHY BUILDINGS<\/title>\n<meta name=\"robots\" content=\"index, follow, max-snippet:-1, max-image-preview:large, max-video-preview:-1\" \/>\n<link rel=\"canonical\" href=\"https:\/\/zerocem.es\/en\/sustainability-policy\/\" \/>\n<meta property=\"og:locale\" content=\"en_US\" \/>\n<meta property=\"og:type\" content=\"article\" \/>\n<meta property=\"og:title\" content=\"Sustainability policy | ZEROCEM - HEALTHY BUILDINGS\" \/>\n<meta property=\"og:description\" content=\"[vc_row css_animation=&#8221;&#8221; row_type=&#8221;row&#8221; use_row_as_full_screen_section=&#8221;no&#8221; type=&#8221;full_width&#8221; angled_section=&#8221;no&#8221; text_align=&#8221;left&#8221; background_image_as_pattern=&#8221;without_pattern&#8221;][vc_column][vc_column_text] Declaraci\u00f3n de intenciones ZER0CEM nace con la intenci\u00f3n de ser equipo con esp\u00edritu pionero, emprendedor y comprometido con el desarrollo sostenible a trav\u00e9s del dise\u00f1o, la consultor\u00eda, la certificaci\u00f3n y la supervisi\u00f3n de construcciones verdaderamente sostenibles, que...\" \/>\n<meta property=\"og:url\" content=\"https:\/\/zerocem.es\/en\/sustainability-policy\/\" \/>\n<meta property=\"og:site_name\" content=\"ZEROCEM - HEALTHY BUILDINGS\" \/>\n<meta property=\"article:modified_time\" content=\"2025-04-18T15:50:52+00:00\" \/>\n<meta name=\"twitter:card\" content=\"summary_large_image\" \/>\n<meta name=\"twitter:label1\" content=\"Est. reading time\" \/>\n\t<meta name=\"twitter:data1\" content=\"3 minutes\" \/>\n<script type=\"application\/ld+json\" class=\"yoast-schema-graph\">{\"@context\":\"https:\\\/\\\/schema.org\",\"@graph\":[{\"@type\":\"WebPage\",\"@id\":\"https:\\\/\\\/zerocem.es\\\/en\\\/sustainability-policy\\\/\",\"url\":\"https:\\\/\\\/zerocem.es\\\/en\\\/sustainability-policy\\\/\",\"name\":\"Sustainability policy | ZEROCEM - HEALTHY BUILDINGS\",\"isPartOf\":{\"@id\":\"https:\\\/\\\/zerocem.es\\\/en\\\/#website\"},\"datePublished\":\"2017-06-01T08:43:52+00:00\",\"dateModified\":\"2025-04-18T15:50:52+00:00\",\"breadcrumb\":{\"@id\":\"https:\\\/\\\/zerocem.es\\\/en\\\/sustainability-policy\\\/#breadcrumb\"},\"inLanguage\":\"en-US\",\"potentialAction\":[{\"@type\":\"ReadAction\",\"target\":[\"https:\\\/\\\/zerocem.es\\\/en\\\/sustainability-policy\\\/\"]}]},{\"@type\":\"BreadcrumbList\",\"@id\":\"https:\\\/\\\/zerocem.es\\\/en\\\/sustainability-policy\\\/#breadcrumb\",\"itemListElement\":[{\"@type\":\"ListItem\",\"position\":1,\"name\":\"Portada\",\"item\":\"https:\\\/\\\/zerocem.es\\\/en\\\/\"},{\"@type\":\"ListItem\",\"position\":2,\"name\":\"Sustainability policy\"}]},{\"@type\":\"WebSite\",\"@id\":\"https:\\\/\\\/zerocem.es\\\/en\\\/#website\",\"url\":\"https:\\\/\\\/zerocem.es\\\/en\\\/\",\"name\":\"ZEROCEM - HEALTHY BUILDINGS\",\"description\":\"Consultora de sostenibilidad en construcci\u00f3n, ESG: BREEAM, LEED y WELL\",\"potentialAction\":[{\"@type\":\"SearchAction\",\"target\":{\"@type\":\"EntryPoint\",\"urlTemplate\":\"https:\\\/\\\/zerocem.es\\\/en\\\/?s={search_term_string}\"},\"query-input\":{\"@type\":\"PropertyValueSpecification\",\"valueRequired\":true,\"valueName\":\"search_term_string\"}}],\"inLanguage\":\"en-US\"}]}<\/script>\n<!-- \/ Yoast SEO plugin. -->","yoast_head_json":{"title":"Sustainability policy | ZEROCEM - HEALTHY BUILDINGS","robots":{"index":"index","follow":"follow","max-snippet":"max-snippet:-1","max-image-preview":"max-image-preview:large","max-video-preview":"max-video-preview:-1"},"canonical":"https:\/\/zerocem.es\/en\/sustainability-policy\/","og_locale":"en_US","og_type":"article","og_title":"Sustainability policy | ZEROCEM - HEALTHY BUILDINGS","og_description":"[vc_row css_animation=&#8221;&#8221; row_type=&#8221;row&#8221; use_row_as_full_screen_section=&#8221;no&#8221; type=&#8221;full_width&#8221; angled_section=&#8221;no&#8221; text_align=&#8221;left&#8221; background_image_as_pattern=&#8221;without_pattern&#8221;][vc_column][vc_column_text] Declaraci\u00f3n de intenciones ZER0CEM nace con la intenci\u00f3n de ser equipo con esp\u00edritu pionero, emprendedor y comprometido con el desarrollo sostenible a trav\u00e9s del dise\u00f1o, la consultor\u00eda, la certificaci\u00f3n y la supervisi\u00f3n de construcciones verdaderamente sostenibles, que...","og_url":"https:\/\/zerocem.es\/en\/sustainability-policy\/","og_site_name":"ZEROCEM - HEALTHY BUILDINGS","article_modified_time":"2025-04-18T15:50:52+00:00","twitter_card":"summary_large_image","twitter_misc":{"Est. reading time":"3 minutes"},"schema":{"@context":"https:\/\/schema.org","@graph":[{"@type":"WebPage","@id":"https:\/\/zerocem.es\/en\/sustainability-policy\/","url":"https:\/\/zerocem.es\/en\/sustainability-policy\/","name":"Sustainability policy | ZEROCEM - HEALTHY BUILDINGS","isPartOf":{"@id":"https:\/\/zerocem.es\/en\/#website"},"datePublished":"2017-06-01T08:43:52+00:00","dateModified":"2025-04-18T15:50:52+00:00","breadcrumb":{"@id":"https:\/\/zerocem.es\/en\/sustainability-policy\/#breadcrumb"},"inLanguage":"en-US","potentialAction":[{"@type":"ReadAction","target":["https:\/\/zerocem.es\/en\/sustainability-policy\/"]}]},{"@type":"BreadcrumbList","@id":"https:\/\/zerocem.es\/en\/sustainability-policy\/#breadcrumb","itemListElement":[{"@type":"ListItem","position":1,"name":"Portada","item":"https:\/\/zerocem.es\/en\/"},{"@type":"ListItem","position":2,"name":"Sustainability policy"}]},{"@type":"WebSite","@id":"https:\/\/zerocem.es\/en\/#website","url":"https:\/\/zerocem.es\/en\/","name":"ZEROCEM - HEALTHY BUILDINGS","description":"Consultora de sostenibilidad en construcci\u00f3n, ESG: BREEAM, LEED y WELL","potentialAction":[{"@type":"SearchAction","target":{"@type":"EntryPoint","urlTemplate":"https:\/\/zerocem.es\/en\/?s={search_term_string}"},"query-input":{"@type":"PropertyValueSpecification","valueRequired":true,"valueName":"search_term_string"}}],"inLanguage":"en-US"}]}},"_links":{"self":[{"href":"https:\/\/zerocem.es\/en\/wp-json\/wp\/v2\/pages\/3857","targetHints":{"allow":["GET"]}}],"collection":[{"href":"https:\/\/zerocem.es\/en\/wp-json\/wp\/v2\/pages"}],"about":[{"href":"https:\/\/zerocem.es\/en\/wp-json\/wp\/v2\/types\/page"}],"author":[{"embeddable":true,"href":"https:\/\/zerocem.es\/en\/wp-json\/wp\/v2\/users\/4"}],"replies":[{"embeddable":true,"href":"https:\/\/zerocem.es\/en\/wp-json\/wp\/v2\/comments?post=3857"}],"version-history":[{"count":2,"href":"https:\/\/zerocem.es\/en\/wp-json\/wp\/v2\/pages\/3857\/revisions"}],"predecessor-version":[{"id":6090,"href":"https:\/\/zerocem.es\/en\/wp-json\/wp\/v2\/pages\/3857\/revisions\/6090"}],"wp:attachment":[{"href":"https:\/\/zerocem.es\/en\/wp-json\/wp\/v2\/media?parent=3857"}],"curies":[{"name":"wp","href":"https:\/\/api.w.org\/{rel}","templated":true}]}}