{"id":3855,"date":"2017-06-01T13:09:41","date_gmt":"2017-06-01T12:09:41","guid":{"rendered":"http:\/\/0cem.com\/?page_id=3855"},"modified":"2025-04-18T17:51:05","modified_gmt":"2025-04-18T15:51:05","slug":"privacy-policy","status":"publish","type":"page","link":"https:\/\/zerocem.es\/en\/privacy-policy\/","title":{"rendered":"Privacy policy"},"content":{"rendered":"<div class=\"wpb-content-wrapper\"><p>[vc_row css_animation=&#8221;&#8221; row_type=&#8221;row&#8221; use_row_as_full_screen_section=&#8221;no&#8221; type=&#8221;full_width&#8221; angled_section=&#8221;no&#8221; text_align=&#8221;left&#8221; background_image_as_pattern=&#8221;without_pattern&#8221;][vc_column][vc_column_text]<\/p>\n<h2>Tratamiento de datos personales.<\/h2>\n<p><strong>ZER0CEM<\/strong> ha adoptado los niveles de seguridad adecuados a los datos que trata y gestiona, incorporando todos los medios y medidas t\u00e9cnicas a su alcance para garantizar su confidencialidad, evitar su mal uso, p\u00e9rdida, alteraci\u00f3n, acceso no autorizado y robo.<\/p>\n<p>De conformidad con lo dispuesto en la Ley Org\u00e1nica 15\/1999, de 13 de diciembre, de Protecci\u00f3n de Datos de Car\u00e1cter Personal (en adelante LOPD), le informamos que si nos facilita cualquier dato de car\u00e1cter personal a trav\u00e9s de la presente p\u00e1gina web supone aceptar y consentir expresamente el tratamiento de los mismos en los t\u00e9rminos indicados, las finalidades indicadas y cumplir con los principios recogidos en el presente documento.<\/p>\n<p>En <strong>ZER0CEM<\/strong> basamos nuestra actividad en el respecto a la verdad y la privacidad de las personas y por tanto de los medios usados para llevarla a cabo.<\/p>\n<p>RECOGIDA DE DATOS PERSONALES.- En general, Usted puede visitar la Web de Zer0cem sin necesidad de dar a conocer sus Datos Personales. Sin embargo, para que pueda acceder a algunos espacios de nuestra Web, hacernos llegar mediante nuestro formulario de contacto alg\u00fan comentario, contactar v\u00eda correo electr\u00f3nico o suscribirse al Bolet\u00edn de novedades o Newsletter, pudiera ser necesario conocer sus Datos y les serian solicitados, quedando a plena voluntad del usuario, facilitarlos o no, pero en caso de ser solicitados dichos Datos y no ser proporcionados, le ser\u00e1 denegada la posibilidad de beneficiarse de estas funcionalidades ofrecidas por nuestra Web u otras que se puedan incorporar.<\/p>\n<p>Cuando fuese necesario el registro para acceder a determinados servicios o contenidos el usuario ser\u00e1 responsable de aportar informaci\u00f3n verdadera, actualizada y l\u00edcita.<\/p>\n<p>Cada formulario especifica cu\u00e1les son los datos opcionales y m\u00ednimos obligatorios. Si no completa los datos obligatorios es posible que no podamos atender su solicitud.<\/p>\n<p>Como consecuencia de este registro, al usuario se le puede proporcionar una contrase\u00f1a de la que ser\u00e1 responsable, comprometi\u00e9ndose a hacer un uso diligente y confidencial de la misma. E inequ\u00edvocamente da su consentimiento para la recogida y su tratamiento de datos, siendo incorporados a un \u201cfichero\u201d registrado ante la Agencia Espa\u00f1ola de Protecci\u00f3n de Datos por\u00a0<strong>ZER0CEM<\/strong> con los fines que a continuaci\u00f3n se enumeran:<\/p>\n<ul>\n<li>Ponernos en contacto con usted, bien telef\u00f3nicamente o v\u00eda e-mail, o responder a las preguntas que nos haga a trav\u00e9s de nuestra Web.<\/li>\n<li>Publicidad, NewsLetter\/bolet\u00edn de novedades y Blog. Suscribirse para informarle de las novedades o noticias relacionadas con nuestra actividad o al Blog, en donde podr\u00e1 hacer comentarios y os datos solicitados para ellos \u00fanicamente ser\u00e1n utilizados para poder publicarlos (le pedimos moderaci\u00f3n en los mismos). En cualquier momento, mediante el propio bolet\u00edn, el Usuario podr\u00e1 actualizar o terminar su subscripci\u00f3n.<\/li>\n<li>Seguimiento en redes sociales: \u201ccliente\u201d podr\u00e1 almacenar los datos de sus seguidores en redes sociales como forma de contacto y remitirle informaci\u00f3n solicitada.<\/li>\n<\/ul>\n<p><strong>ZER0CEM<\/strong> desea informar a nuestros Clientes, Usuarios, Colaboradores, etc. que su informaci\u00f3n es fundamental en nuestra actividad y no participamos ni admitimos la venta de la misma a terceros. Estamos en contra del SPAM, y por ello no enviamos correos comerciales por v\u00eda electr\u00f3nica que no hayan sido previamente solicitados o autorizados por el Usuario.<\/p>\n<h2>Derechos ARCO: de Acceso, Rectificaci\u00f3n, Cancelaci\u00f3n u Oposici\u00f3n a datos personales<\/h2>\n<p>Usted puede ponerse en contacto en el momento que lo desee, para formularnos cualquier pregunta acerca de nuestra Pol\u00edtica de Privacidad y ejercer sus derechos de acceso, rectificaci\u00f3n, cancelaci\u00f3n y oposici\u00f3n (ARCO). Para ello le rogamos env\u00ede un escrito dirigido a Antonio S\u00e1nchez Cordero, <strong>ZER0CEM<\/strong> en C\/ Cuna 16,\u00a0 planta primera, 41004 \u00b7 Sevilla, info@0cem.com, o emplee cualquier medio que permita acreditar el env\u00edo y la recepci\u00f3n de la solicitud (aportando copia de documento oficial que le identifique, petici\u00f3n en la que se concreta la solicitud, domicilio a efectos de notificaci\u00f3n, y documentos acreditativos de la petici\u00f3n que formula, en su caso).<\/p>\n<h2>Revelaci\u00f3n de datos por motivos legales<\/h2>\n<p>Es posible, que \u201ccliente\u201d se encuentre en la obligaci\u00f3n por ley de revelar sus Datos Personales de conformidad con citaciones, mandatos u \u00f3rdenes judiciales en cualquiera de los pa\u00edses en los que desarrollamos nuestra actividad, pudiendo revelar sus Datos Personales con la finalidad de hacer cumplir las Condiciones de Uso de nuestra Web o en situaciones de urgencia para proteger la seguridad personal, del p\u00fablico en general, o de la Web.<\/p>\n<h2>Propiedad intelectual<\/h2>\n<p>Las presentes Condiciones Generales de Uso del Portal no confieren al USUARIO ning\u00fan otro derecho de uso, alteraci\u00f3n, explotaci\u00f3n, reproducci\u00f3n, distribuci\u00f3n o comunicaci\u00f3n p\u00fablica del Portal y\/o de sus Contenidos distintos de los aqu\u00ed expresamente previstos. Los contenidos (informaci\u00f3n, archivos de sonido y\/o imagen, fotograf\u00edas, dise\u00f1os, etc.) recogidos en el PORTAL, son propiedad de Antonio S\u00e1nchez Cordero, <strong>ZER0CEM<\/strong> o se encuentra debidamente autorizada para su difusi\u00f3n por sus leg\u00edtimos titulares.<\/p>\n<p>Queda prohibido el uso de estos contenidos para:<\/p>\n<ul>\n<li>Todo tipo de fines comerciales o publicitarios, distintos de los estrictamente permitidos.<\/li>\n<li>Su reproducci\u00f3n, publicaci\u00f3n, distribuci\u00f3n o modificaci\u00f3n, total o parcial a menos que se cuente con la autorizaci\u00f3n previa y por escrito de sus leg\u00edtimos titulares o resulte legalmente permitido.<\/li>\n<li>Cualquier vulneraci\u00f3n de los derechos de <strong>ZER0CEM<\/strong> o de sus leg\u00edtimos titulares sobre los mismos.<\/li>\n<\/ul>\n<p>En el caso de que un usuario o un tercero consideren que se ha producido una violaci\u00f3n de sus leg\u00edtimos derechos de propiedad intelectual por la introducci\u00f3n de un determinado contenido en el Web, deber\u00e1 notificar dicha circunstancia a <strong>ZER0CEM<\/strong> indicando:<\/p>\n<ul>\n<li>Datos personales del interesado titular de los derechos presuntamente infringidos, o indicar la representaci\u00f3n con la que act\u00faa en caso de que la reclamaci\u00f3n la presente un tercero distinto del interesado.<\/li>\n<li>Se\u00f1alar los contenidos protegidos por los derechos de propiedad intelectual y su ubicaci\u00f3n en el Web, la acreditaci\u00f3n de los derechos de propiedad intelectual se\u00f1alados y declaraci\u00f3n expresa en la que el interesado se responsabiliza de la veracidad de las informaciones facilitadas en la notificaci\u00f3n.<\/li>\n<\/ul>\n<h2>Enlaces<\/h2>\n<p>Cualquier \u201cenlace\u201d que se establezca entre una p\u00e1gina web y el PORTAL, estar\u00e1 sometido a las condiciones siguientes:<\/p>\n<p>No se permite la reproducci\u00f3n ni total ni parcial de ninguno de los servicios ni contenidos del PORTAL.<\/p>\n<p>La p\u00e1gina web en la que se establezca el enlace no contendr\u00e1 ninguna marca, denominaci\u00f3n, logotipo, eslogan u otros signos distintivos pertenecientes a <strong>ZER0CEM<\/strong>, salvo los expresamente autorizados y en todo caso,\u00a0<strong>ZER0CEM<\/strong> no ser\u00e1 responsable de los contenidos o servicios puestos a disposici\u00f3n del p\u00fablico en la p\u00e1gina web desde la que se realice el \u201cenlace\u201d ni de la informaci\u00f3n o manifestaciones incluidas.<\/p>\n<p>Nuestra p\u00e1gina Web puede dar acceso a otras Webs, incluidos nuestros perfiles oficiales en Redes Sociales, inform\u00e1ndole que al pulsar en dichos enlaces ser\u00e1 re direccionado a una p\u00e1gina respecto de la cual\u00a0<strong>ZER0CEM<\/strong> no es responsable.<\/p>\n<p>Usted debe ser consciente que los propietarios de estas Webs externas a\u00a0<strong>ZER0CEM<\/strong> pueden recoger, utilizar o transferir sus Datos Personales bajo condiciones y t\u00e9rminos diferentes, recomend\u00e1ndole que cuando contacte con una de estas Webs, se informe de su pol\u00edtica de privacidad, condiciones de uso general o del uso que pueden dar a sus cookies pues no podemos controlar la forma en que esas Webs usan la informaci\u00f3n personal que usted divulga.<\/p>\n<h2>Exclusi\u00f3n de garant\u00edas y responsabilidad. Seguridad e integridad de los datos<\/h2>\n<p><strong>ZER0CEM<\/strong>\u00a0no otorga ninguna garant\u00eda ni se hace responsable, en ning\u00fan caso, de los da\u00f1os y perjuicios de cualquier naturaleza que pudieran acarrear a causa de:<\/p>\n<p>La falta disponibilidad, mantenimiento y efectivo funcionamiento del Web y\/o de sus servicios o contenidos.<\/p>\n<p>La existencia de virus, programas maliciosos o lesivos en los contenidos.<\/p>\n<p>El uso il\u00edcito, negligente, fraudulento, contrario a las presentes Condiciones Generales, a la buena fe, a los usos generalmente aceptados o al orden p\u00fablico, del sitio Web, sus servicios o contenidos, por parte de los usuarios.<\/p>\n<p><strong>ZER0CEM<\/strong> emplea las m\u00e1s modernas y variadas medidas tecnol\u00f3gicas y legales existentes, con el objetivo de evitar la alteraci\u00f3n, p\u00e9rdida, el uso indebido o la destrucci\u00f3n de los Datos Personales que recoge, usa y transfiere. Sin embargo, le informamos que, debido a la naturaleza abierta, incierta e insegura de Internet, no podemos hacernos totalmente responsable de la seguridad de las transmisiones de Datos Personales realizadas en la red, no obstante con el fin de ofrecerle las mayores garant\u00edas en la materia, revisamos de manera frecuente las medidas tecnol\u00f3gicas implantadas.<\/p>\n<h2>Legislaci\u00f3n aplicable y jurisdicci\u00f3n<\/h2>\n<p>Las presentes Condiciones Generales se regir\u00e1n por la legislaci\u00f3n espa\u00f1ola, ante cualquier controversia derivada del acceso al PORTAL, con renuncia del fuero propio, Usted se somete a los juzgados y tribunales de la ciudad de Sevilla, (Espa\u00f1a)[\/vc_column_text][vc_empty_space][\/vc_column][\/vc_row]<\/p>\n<\/div>","protected":false},"excerpt":{"rendered":"<p>[vc_row css_animation=&#8221;&#8221; row_type=&#8221;row&#8221; use_row_as_full_screen_section=&#8221;no&#8221; type=&#8221;full_width&#8221; angled_section=&#8221;no&#8221; text_align=&#8221;left&#8221; background_image_as_pattern=&#8221;without_pattern&#8221;][vc_column][vc_column_text] Tratamiento de datos personales. ZER0CEM ha adoptado los niveles de seguridad adecuados a los datos que trata y gestiona, incorporando todos los medios y medidas t\u00e9cnicas a su alcance para garantizar su confidencialidad, evitar su mal uso,&#8230;<\/p>\n","protected":false},"author":4,"featured_media":0,"parent":0,"menu_order":0,"comment_status":"closed","ping_status":"closed","template":"","meta":{"_acf_changed":false,"footnotes":""},"class_list":["post-3855","page","type-page","status-publish","hentry"],"acf":[],"yoast_head":"<!-- This site is optimized with the Yoast SEO plugin v27.5 - https:\/\/yoast.com\/product\/yoast-seo-wordpress\/ -->\n<title>Privacy policy | ZEROCEM - HEALTHY BUILDINGS<\/title>\n<meta name=\"robots\" content=\"index, follow, max-snippet:-1, max-image-preview:large, max-video-preview:-1\" \/>\n<link rel=\"canonical\" href=\"https:\/\/zerocem.es\/en\/privacy-policy\/\" \/>\n<meta property=\"og:locale\" content=\"en_US\" \/>\n<meta property=\"og:type\" content=\"article\" \/>\n<meta property=\"og:title\" content=\"Privacy policy | ZEROCEM - HEALTHY BUILDINGS\" \/>\n<meta property=\"og:description\" content=\"[vc_row css_animation=&#8221;&#8221; row_type=&#8221;row&#8221; use_row_as_full_screen_section=&#8221;no&#8221; type=&#8221;full_width&#8221; angled_section=&#8221;no&#8221; text_align=&#8221;left&#8221; background_image_as_pattern=&#8221;without_pattern&#8221;][vc_column][vc_column_text] Tratamiento de datos personales. ZER0CEM ha adoptado los niveles de seguridad adecuados a los datos que trata y gestiona, incorporando todos los medios y medidas t\u00e9cnicas a su alcance para garantizar su confidencialidad, evitar su mal uso,...\" \/>\n<meta property=\"og:url\" content=\"https:\/\/zerocem.es\/en\/privacy-policy\/\" \/>\n<meta property=\"og:site_name\" content=\"ZEROCEM - HEALTHY BUILDINGS\" \/>\n<meta property=\"article:modified_time\" content=\"2025-04-18T15:51:05+00:00\" \/>\n<meta name=\"twitter:card\" content=\"summary_large_image\" \/>\n<meta name=\"twitter:label1\" content=\"Est. reading time\" \/>\n\t<meta name=\"twitter:data1\" content=\"7 minutes\" \/>\n<script type=\"application\/ld+json\" class=\"yoast-schema-graph\">{\"@context\":\"https:\\\/\\\/schema.org\",\"@graph\":[{\"@type\":\"WebPage\",\"@id\":\"https:\\\/\\\/zerocem.es\\\/en\\\/privacy-policy\\\/\",\"url\":\"https:\\\/\\\/zerocem.es\\\/en\\\/privacy-policy\\\/\",\"name\":\"Privacy policy | ZEROCEM - HEALTHY BUILDINGS\",\"isPartOf\":{\"@id\":\"https:\\\/\\\/zerocem.es\\\/en\\\/#website\"},\"datePublished\":\"2017-06-01T12:09:41+00:00\",\"dateModified\":\"2025-04-18T15:51:05+00:00\",\"breadcrumb\":{\"@id\":\"https:\\\/\\\/zerocem.es\\\/en\\\/privacy-policy\\\/#breadcrumb\"},\"inLanguage\":\"en-US\",\"potentialAction\":[{\"@type\":\"ReadAction\",\"target\":[\"https:\\\/\\\/zerocem.es\\\/en\\\/privacy-policy\\\/\"]}]},{\"@type\":\"BreadcrumbList\",\"@id\":\"https:\\\/\\\/zerocem.es\\\/en\\\/privacy-policy\\\/#breadcrumb\",\"itemListElement\":[{\"@type\":\"ListItem\",\"position\":1,\"name\":\"Portada\",\"item\":\"https:\\\/\\\/zerocem.es\\\/en\\\/\"},{\"@type\":\"ListItem\",\"position\":2,\"name\":\"Privacy policy\"}]},{\"@type\":\"WebSite\",\"@id\":\"https:\\\/\\\/zerocem.es\\\/en\\\/#website\",\"url\":\"https:\\\/\\\/zerocem.es\\\/en\\\/\",\"name\":\"ZEROCEM - HEALTHY BUILDINGS\",\"description\":\"Consultora de sostenibilidad en construcci\u00f3n, ESG: BREEAM, LEED y WELL\",\"potentialAction\":[{\"@type\":\"SearchAction\",\"target\":{\"@type\":\"EntryPoint\",\"urlTemplate\":\"https:\\\/\\\/zerocem.es\\\/en\\\/?s={search_term_string}\"},\"query-input\":{\"@type\":\"PropertyValueSpecification\",\"valueRequired\":true,\"valueName\":\"search_term_string\"}}],\"inLanguage\":\"en-US\"}]}<\/script>\n<!-- \/ Yoast SEO plugin. -->","yoast_head_json":{"title":"Privacy policy | ZEROCEM - HEALTHY BUILDINGS","robots":{"index":"index","follow":"follow","max-snippet":"max-snippet:-1","max-image-preview":"max-image-preview:large","max-video-preview":"max-video-preview:-1"},"canonical":"https:\/\/zerocem.es\/en\/privacy-policy\/","og_locale":"en_US","og_type":"article","og_title":"Privacy policy | ZEROCEM - HEALTHY BUILDINGS","og_description":"[vc_row css_animation=&#8221;&#8221; row_type=&#8221;row&#8221; use_row_as_full_screen_section=&#8221;no&#8221; type=&#8221;full_width&#8221; angled_section=&#8221;no&#8221; text_align=&#8221;left&#8221; background_image_as_pattern=&#8221;without_pattern&#8221;][vc_column][vc_column_text] Tratamiento de datos personales. ZER0CEM ha adoptado los niveles de seguridad adecuados a los datos que trata y gestiona, incorporando todos los medios y medidas t\u00e9cnicas a su alcance para garantizar su confidencialidad, evitar su mal uso,...","og_url":"https:\/\/zerocem.es\/en\/privacy-policy\/","og_site_name":"ZEROCEM - HEALTHY BUILDINGS","article_modified_time":"2025-04-18T15:51:05+00:00","twitter_card":"summary_large_image","twitter_misc":{"Est. reading time":"7 minutes"},"schema":{"@context":"https:\/\/schema.org","@graph":[{"@type":"WebPage","@id":"https:\/\/zerocem.es\/en\/privacy-policy\/","url":"https:\/\/zerocem.es\/en\/privacy-policy\/","name":"Privacy policy | ZEROCEM - HEALTHY BUILDINGS","isPartOf":{"@id":"https:\/\/zerocem.es\/en\/#website"},"datePublished":"2017-06-01T12:09:41+00:00","dateModified":"2025-04-18T15:51:05+00:00","breadcrumb":{"@id":"https:\/\/zerocem.es\/en\/privacy-policy\/#breadcrumb"},"inLanguage":"en-US","potentialAction":[{"@type":"ReadAction","target":["https:\/\/zerocem.es\/en\/privacy-policy\/"]}]},{"@type":"BreadcrumbList","@id":"https:\/\/zerocem.es\/en\/privacy-policy\/#breadcrumb","itemListElement":[{"@type":"ListItem","position":1,"name":"Portada","item":"https:\/\/zerocem.es\/en\/"},{"@type":"ListItem","position":2,"name":"Privacy policy"}]},{"@type":"WebSite","@id":"https:\/\/zerocem.es\/en\/#website","url":"https:\/\/zerocem.es\/en\/","name":"ZEROCEM - HEALTHY BUILDINGS","description":"Consultora de sostenibilidad en construcci\u00f3n, ESG: BREEAM, LEED y WELL","potentialAction":[{"@type":"SearchAction","target":{"@type":"EntryPoint","urlTemplate":"https:\/\/zerocem.es\/en\/?s={search_term_string}"},"query-input":{"@type":"PropertyValueSpecification","valueRequired":true,"valueName":"search_term_string"}}],"inLanguage":"en-US"}]}},"_links":{"self":[{"href":"https:\/\/zerocem.es\/en\/wp-json\/wp\/v2\/pages\/3855","targetHints":{"allow":["GET"]}}],"collection":[{"href":"https:\/\/zerocem.es\/en\/wp-json\/wp\/v2\/pages"}],"about":[{"href":"https:\/\/zerocem.es\/en\/wp-json\/wp\/v2\/types\/page"}],"author":[{"embeddable":true,"href":"https:\/\/zerocem.es\/en\/wp-json\/wp\/v2\/users\/4"}],"replies":[{"embeddable":true,"href":"https:\/\/zerocem.es\/en\/wp-json\/wp\/v2\/comments?post=3855"}],"version-history":[{"count":2,"href":"https:\/\/zerocem.es\/en\/wp-json\/wp\/v2\/pages\/3855\/revisions"}],"predecessor-version":[{"id":6091,"href":"https:\/\/zerocem.es\/en\/wp-json\/wp\/v2\/pages\/3855\/revisions\/6091"}],"wp:attachment":[{"href":"https:\/\/zerocem.es\/en\/wp-json\/wp\/v2\/media?parent=3855"}],"curies":[{"name":"wp","href":"https:\/\/api.w.org\/{rel}","templated":true}]}}