{"id":3720,"date":"2017-06-12T16:54:24","date_gmt":"2017-06-12T15:54:24","guid":{"rendered":"http:\/\/0cem.com\/?page_id=3720"},"modified":"2025-04-17T14:27:14","modified_gmt":"2025-04-17T12:27:14","slug":"case-studies","status":"publish","type":"page","link":"https:\/\/zerocem.es\/en\/case-studies\/","title":{"rendered":"Case Studies"},"content":{"rendered":"<div class=\"wpb-content-wrapper\"><p>[vc_row css_animation=&#8221;&#8221; row_type=&#8221;row&#8221; use_row_as_full_screen_section=&#8221;no&#8221; type=&#8221;full_width&#8221; angled_section=&#8221;no&#8221; text_align=&#8221;left&#8221; background_image_as_pattern=&#8221;without_pattern&#8221; z_index=&#8221;&#8221;][vc_column css=&#8221;.vc_custom_1497282159011{background-color: #f6fcf2 !important;border-radius: 10px !important;}&#8221;][vc_column_text css=&#8221;.vc_custom_1497283384909{margin-right: 10% !important;}&#8221;]<\/p>\n<h4><span style=\"color: #184c4f;\">Some sustainable projects made with you&#8230;<\/span><\/h4>\n<p>[\/vc_column_text][vc_column_text css=&#8221;.vc_custom_1497283347618{margin-top: -5px !important;margin-right: 10% !important;margin-bottom: 20px !important;}&#8221;]We believe in professional cooperation, and because of that we are delighted to show some inspiring examples of projects whose had a successful development thanks to the use of sustainable strategies&#8230;<\/p>\n<p><strong>&#8230; <\/strong><strong>and to that, we like to get deeply involved in your designs, from first feasibility stage up to site supervision, going through research and certification!<\/strong>[\/vc_column_text][\/vc_column][\/vc_row][vc_row css_animation=&#8221;&#8221; row_type=&#8221;row&#8221; use_row_as_full_screen_section=&#8221;no&#8221; type=&#8221;full_width&#8221; angled_section=&#8221;no&#8221; text_align=&#8221;left&#8221; background_image_as_pattern=&#8221;without_pattern&#8221;][vc_column][vc_empty_space]<div class='projects_holder_outer v3 portfolio_with_space portfolio_standard'>\n        <div class='projects_holder portfolio_main_holder clearfix v3 standard portfolio_full_image portfolio_one_by_one'>\n        \n        <article class='mix default' style=''>\n    \n    \n    \n                <div class='image_holder'>\n                <a itemprop='url' class='portfolio_link_for_touch' href='https:\/\/zerocem.es\/en\/caso\/modular-recycled-green-homes\/' target='_self'>\n                    \n<span class='image'><img fetchpriority=\"high\" decoding=\"async\" width=\"1300\" height=\"956\" src=\"https:\/\/zerocem.es\/wp-content\/uploads\/2012\/12\/ConteneDomus-exterior-view.jpg\" class=\"attachment-full size-full wp-post-image\" alt=\"Contenedomus modular homes prototype\" srcset=\"https:\/\/zerocem.es\/wp-content\/uploads\/2012\/12\/ConteneDomus-exterior-view.jpg 1300w, https:\/\/zerocem.es\/wp-content\/uploads\/2012\/12\/ConteneDomus-exterior-view-300x221.jpg 300w, https:\/\/zerocem.es\/wp-content\/uploads\/2012\/12\/ConteneDomus-exterior-view-768x565.jpg 768w, https:\/\/zerocem.es\/wp-content\/uploads\/2012\/12\/ConteneDomus-exterior-view-1024x753.jpg 1024w\" sizes=\"(max-width: 1300px) 100vw, 1300px\" \/><\/span>                <\/a>\n\n                <span class='text_holder'>\n    <span class='text_outer'>\n        <span class='text_inner'>\n            <span class='feature_holder'>\n                            <span class=\"feature_holder_icons\">';\n                            <a itemprop='image' class='lightbox qbutton small white' title='MODULAR RECYCLED GREEN HOMES' href='https:\/\/zerocem.es\/wp-content\/uploads\/2012\/12\/ConteneDomus-exterior-view.jpg' data-rel='prettyPhoto[pretty_photo_gallery]'>zoom<\/a>\n    \n                            <a itemprop='url' class='preview qbutton small white' href='https:\/\/zerocem.es\/en\/caso\/modular-recycled-green-homes\/' target='_self'>view<\/i><\/a>\n    \n                                            <\/span>\n        <\/span>\n    <\/span>\n<\/span>            <\/div>\n                <div class='portfolio_description ' >\n\n        \n    <h5 itemprop=\"name\" class=\"portfolio_title entry_title\"><a itemprop=\"url\" href=\"https:\/\/zerocem.es\/en\/caso\/modular-recycled-green-homes\/\"  target=\"_self\"> MODULAR RECYCLED GREEN HOMES<\/a><\/h5>\n\n\n        \n            <span class=\"project_category\"  >\n        <\/span>\n\n    <\/div>\n        \n<\/article>\n<article class='mix default' style=''>\n    \n    \n    \n                <div class='image_holder'>\n                <a itemprop='url' class='portfolio_link_for_touch' href='https:\/\/zerocem.es\/en\/caso\/energy-retrofit-at-1925s-villa\/' target='_self'>\n                    \n<span class='image'><img decoding=\"async\" width=\"766\" height=\"527\" src=\"https:\/\/zerocem.es\/wp-content\/uploads\/2017\/07\/1925s-Villa-energy-retrofit.jpg\" class=\"attachment-full size-full wp-post-image\" alt=\"Alzado de rehabilitaci\u00f3n energ\u00e9tica de Casa Ar\u00e9valo\" srcset=\"https:\/\/zerocem.es\/wp-content\/uploads\/2017\/07\/1925s-Villa-energy-retrofit.jpg 766w, https:\/\/zerocem.es\/wp-content\/uploads\/2017\/07\/1925s-Villa-energy-retrofit-300x206.jpg 300w\" sizes=\"(max-width: 766px) 100vw, 766px\" \/><\/span>                <\/a>\n\n                <span class='text_holder'>\n    <span class='text_outer'>\n        <span class='text_inner'>\n            <span class='feature_holder'>\n                            <span class=\"feature_holder_icons\">';\n                            <a itemprop='image' class='lightbox qbutton small white' title='ENERGY RETROFIT AT 1925s VILLA' href='https:\/\/zerocem.es\/wp-content\/uploads\/2017\/07\/1925s-Villa-energy-retrofit.jpg' data-rel='prettyPhoto[pretty_photo_gallery]'>zoom<\/a>\n    \n                            <a itemprop='url' class='preview qbutton small white' href='https:\/\/zerocem.es\/en\/caso\/energy-retrofit-at-1925s-villa\/' target='_self'>view<\/i><\/a>\n    \n                                            <\/span>\n        <\/span>\n    <\/span>\n<\/span>            <\/div>\n                <div class='portfolio_description ' >\n\n        \n    <h5 itemprop=\"name\" class=\"portfolio_title entry_title\"><a itemprop=\"url\" href=\"https:\/\/zerocem.es\/en\/caso\/energy-retrofit-at-1925s-villa\/\"  target=\"_self\"> ENERGY RETROFIT AT 1925s VILLA<\/a><\/h5>\n\n\n        \n            <span class=\"project_category\"  >\n        <\/span>\n\n    <\/div>\n        \n<\/article>\n<article class='mix default' style=''>\n    \n    \n    \n                <div class='image_holder'>\n                <a itemprop='url' class='portfolio_link_for_touch' href='https:\/\/zerocem.es\/en\/caso\/science-and-ocean-museum-in-qingdao\/' target='_self'>\n                    \n<span class='image'><img decoding=\"async\" width=\"766\" height=\"527\" src=\"https:\/\/zerocem.es\/wp-content\/uploads\/2015\/12\/case-study3-main.jpg\" class=\"attachment-full size-full wp-post-image\" alt=\"Vista desde el mar del Museo del Mar y La Ciencia\" srcset=\"https:\/\/zerocem.es\/wp-content\/uploads\/2015\/12\/case-study3-main.jpg 766w, https:\/\/zerocem.es\/wp-content\/uploads\/2015\/12\/case-study3-main-300x206.jpg 300w\" sizes=\"(max-width: 766px) 100vw, 766px\" \/><\/span>                <\/a>\n\n                <span class='text_holder'>\n    <span class='text_outer'>\n        <span class='text_inner'>\n            <span class='feature_holder'>\n                            <span class=\"feature_holder_icons\">';\n                            <a itemprop='image' class='lightbox qbutton small white' title='SCIENCE AND OCEAN MUSEUM IN QINGDAO' href='https:\/\/zerocem.es\/wp-content\/uploads\/2015\/12\/case-study3-main.jpg' data-rel='prettyPhoto[pretty_photo_gallery]'>zoom<\/a>\n    \n                            <a itemprop='url' class='preview qbutton small white' href='https:\/\/zerocem.es\/en\/caso\/science-and-ocean-museum-in-qingdao\/' target='_self'>view<\/i><\/a>\n    \n                                            <\/span>\n        <\/span>\n    <\/span>\n<\/span>            <\/div>\n                <div class='portfolio_description ' >\n\n        \n    <h5 itemprop=\"name\" class=\"portfolio_title entry_title\"><a itemprop=\"url\" href=\"https:\/\/zerocem.es\/en\/caso\/science-and-ocean-museum-in-qingdao\/\"  target=\"_self\"> SCIENCE AND OCEAN MUSEUM IN QINGDAO<\/a><\/h5>\n\n\n        \n            <span class=\"project_category\"  >\n        <\/span>\n\n    <\/div>\n        \n<\/article>\n<article class='mix default' style=''>\n    \n    \n    \n                <div class='image_holder'>\n                <a itemprop='url' class='portfolio_link_for_touch' href='https:\/\/zerocem.es\/en\/caso\/hotel-alfonso-xiii-breeam-excellent\/' target='_self'>\n                    \n<span class='image'><img loading=\"lazy\" decoding=\"async\" width=\"1000\" height=\"482\" src=\"https:\/\/zerocem.es\/wp-content\/uploads\/2024\/12\/Alfonso-XIII-exterior-1000x482-1.jpg\" class=\"attachment-full size-full wp-post-image\" alt=\"\" srcset=\"https:\/\/zerocem.es\/wp-content\/uploads\/2024\/12\/Alfonso-XIII-exterior-1000x482-1.jpg 1000w, https:\/\/zerocem.es\/wp-content\/uploads\/2024\/12\/Alfonso-XIII-exterior-1000x482-1-300x145.jpg 300w, https:\/\/zerocem.es\/wp-content\/uploads\/2024\/12\/Alfonso-XIII-exterior-1000x482-1-768x370.jpg 768w\" sizes=\"(max-width: 1000px) 100vw, 1000px\" \/><\/span>                <\/a>\n\n                <span class='text_holder'>\n    <span class='text_outer'>\n        <span class='text_inner'>\n            <span class='feature_holder'>\n                            <span class=\"feature_holder_icons\">';\n                            <a itemprop='image' class='lightbox qbutton small white' title='HOTEL ALFONSO XIII BREEAM EXCELLENT' href='https:\/\/zerocem.es\/wp-content\/uploads\/2024\/12\/Alfonso-XIII-exterior-1000x482-1.jpg' data-rel='prettyPhoto[pretty_photo_gallery]'>zoom<\/a>\n    \n                            <a itemprop='url' class='preview qbutton small white' href='https:\/\/zerocem.es\/en\/caso\/hotel-alfonso-xiii-breeam-excellent\/' target='_self'>view<\/i><\/a>\n    \n                                            <\/span>\n        <\/span>\n    <\/span>\n<\/span>            <\/div>\n                <div class='portfolio_description ' >\n\n        \n    <h5 itemprop=\"name\" class=\"portfolio_title entry_title\"><a itemprop=\"url\" href=\"https:\/\/zerocem.es\/en\/caso\/hotel-alfonso-xiii-breeam-excellent\/\"  target=\"_self\"> HOTEL ALFONSO XIII BREEAM EXCELLENT<\/a><\/h5>\n\n\n        \n            <span class=\"project_category\"  >\n        <\/span>\n\n    <\/div>\n        \n<\/article>\n        <div class='filler'><\/div>\n            <div class='filler'><\/div>\n            <div class='filler'><\/div>\n        <\/div>\n\n    \n    <\/div>[\/vc_column][\/vc_row]<\/p>\n<\/div>","protected":false},"excerpt":{"rendered":"<p>[vc_row css_animation=&#8221;&#8221; row_type=&#8221;row&#8221; use_row_as_full_screen_section=&#8221;no&#8221; type=&#8221;full_width&#8221; angled_section=&#8221;no&#8221; text_align=&#8221;left&#8221; background_image_as_pattern=&#8221;without_pattern&#8221; z_index=&#8221;&#8221;][vc_column css=&#8221;.vc_custom_1497282159011{background-color: #f6fcf2 !important;border-radius: 10px !important;}&#8221;][vc_column_text css=&#8221;.vc_custom_1497283384909{margin-right: 10% !important;}&#8221;] Some sustainable projects made with you&#8230; [\/vc_column_text][vc_column_text css=&#8221;.vc_custom_1497283347618{margin-top: -5px !important;margin-right: 10% !important;margin-bottom: 20px !important;}&#8221;]We believe in professional cooperation, and because of that we are delighted to show some&#8230;<\/p>\n","protected":false},"author":4,"featured_media":0,"parent":0,"menu_order":0,"comment_status":"closed","ping_status":"closed","template":"","meta":{"_acf_changed":false,"footnotes":""},"class_list":["post-3720","page","type-page","status-publish","hentry"],"acf":[],"yoast_head":"<!-- This site is optimized with the Yoast SEO plugin v27.5 - https:\/\/yoast.com\/product\/yoast-seo-wordpress\/ -->\n<title>Case Studies | ZEROCEM - HEALTHY BUILDINGS<\/title>\n<meta name=\"description\" content=\"We believe in cooperation, and because of that we are delighted to show some case studies of projects whose had a successful sustainable development...\" \/>\n<meta name=\"robots\" content=\"index, follow, max-snippet:-1, max-image-preview:large, max-video-preview:-1\" \/>\n<link rel=\"canonical\" href=\"https:\/\/zerocem.es\/en\/case-studies\/\" \/>\n<meta property=\"og:locale\" content=\"en_US\" \/>\n<meta property=\"og:type\" content=\"article\" \/>\n<meta property=\"og:title\" content=\"Case Studies | ZEROCEM - HEALTHY BUILDINGS\" \/>\n<meta property=\"og:description\" content=\"We believe in cooperation, and because of that we are delighted to show some case studies of projects whose had a successful sustainable development...\" \/>\n<meta property=\"og:url\" content=\"https:\/\/zerocem.es\/en\/case-studies\/\" \/>\n<meta property=\"og:site_name\" content=\"ZEROCEM - HEALTHY BUILDINGS\" \/>\n<meta property=\"article:modified_time\" content=\"2025-04-17T12:27:14+00:00\" \/>\n<meta name=\"twitter:card\" content=\"summary_large_image\" \/>\n<meta name=\"twitter:label1\" content=\"Est. reading time\" \/>\n\t<meta name=\"twitter:data1\" content=\"1 minute\" \/>\n<script type=\"application\/ld+json\" class=\"yoast-schema-graph\">{\"@context\":\"https:\\\/\\\/schema.org\",\"@graph\":[{\"@type\":\"WebPage\",\"@id\":\"https:\\\/\\\/zerocem.es\\\/en\\\/case-studies\\\/\",\"url\":\"https:\\\/\\\/zerocem.es\\\/en\\\/case-studies\\\/\",\"name\":\"Case Studies | ZEROCEM - HEALTHY BUILDINGS\",\"isPartOf\":{\"@id\":\"https:\\\/\\\/zerocem.es\\\/en\\\/#website\"},\"datePublished\":\"2017-06-12T15:54:24+00:00\",\"dateModified\":\"2025-04-17T12:27:14+00:00\",\"description\":\"We believe in cooperation, and because of that we are delighted to show some case studies of projects whose had a successful sustainable development...\",\"breadcrumb\":{\"@id\":\"https:\\\/\\\/zerocem.es\\\/en\\\/case-studies\\\/#breadcrumb\"},\"inLanguage\":\"en-US\",\"potentialAction\":[{\"@type\":\"ReadAction\",\"target\":[\"https:\\\/\\\/zerocem.es\\\/en\\\/case-studies\\\/\"]}]},{\"@type\":\"BreadcrumbList\",\"@id\":\"https:\\\/\\\/zerocem.es\\\/en\\\/case-studies\\\/#breadcrumb\",\"itemListElement\":[{\"@type\":\"ListItem\",\"position\":1,\"name\":\"Portada\",\"item\":\"https:\\\/\\\/zerocem.es\\\/en\\\/\"},{\"@type\":\"ListItem\",\"position\":2,\"name\":\"Case Studies\"}]},{\"@type\":\"WebSite\",\"@id\":\"https:\\\/\\\/zerocem.es\\\/en\\\/#website\",\"url\":\"https:\\\/\\\/zerocem.es\\\/en\\\/\",\"name\":\"ZEROCEM - HEALTHY BUILDINGS\",\"description\":\"Consultora de sostenibilidad en construcci\u00f3n, ESG: BREEAM, LEED y WELL\",\"potentialAction\":[{\"@type\":\"SearchAction\",\"target\":{\"@type\":\"EntryPoint\",\"urlTemplate\":\"https:\\\/\\\/zerocem.es\\\/en\\\/?s={search_term_string}\"},\"query-input\":{\"@type\":\"PropertyValueSpecification\",\"valueRequired\":true,\"valueName\":\"search_term_string\"}}],\"inLanguage\":\"en-US\"}]}<\/script>\n<!-- \/ Yoast SEO plugin. -->","yoast_head_json":{"title":"Case Studies | ZEROCEM - HEALTHY BUILDINGS","description":"We believe in cooperation, and because of that we are delighted to show some case studies of projects whose had a successful sustainable development...","robots":{"index":"index","follow":"follow","max-snippet":"max-snippet:-1","max-image-preview":"max-image-preview:large","max-video-preview":"max-video-preview:-1"},"canonical":"https:\/\/zerocem.es\/en\/case-studies\/","og_locale":"en_US","og_type":"article","og_title":"Case Studies | ZEROCEM - HEALTHY BUILDINGS","og_description":"We believe in cooperation, and because of that we are delighted to show some case studies of projects whose had a successful sustainable development...","og_url":"https:\/\/zerocem.es\/en\/case-studies\/","og_site_name":"ZEROCEM - HEALTHY BUILDINGS","article_modified_time":"2025-04-17T12:27:14+00:00","twitter_card":"summary_large_image","twitter_misc":{"Est. reading time":"1 minute"},"schema":{"@context":"https:\/\/schema.org","@graph":[{"@type":"WebPage","@id":"https:\/\/zerocem.es\/en\/case-studies\/","url":"https:\/\/zerocem.es\/en\/case-studies\/","name":"Case Studies | ZEROCEM - HEALTHY BUILDINGS","isPartOf":{"@id":"https:\/\/zerocem.es\/en\/#website"},"datePublished":"2017-06-12T15:54:24+00:00","dateModified":"2025-04-17T12:27:14+00:00","description":"We believe in cooperation, and because of that we are delighted to show some case studies of projects whose had a successful sustainable development...","breadcrumb":{"@id":"https:\/\/zerocem.es\/en\/case-studies\/#breadcrumb"},"inLanguage":"en-US","potentialAction":[{"@type":"ReadAction","target":["https:\/\/zerocem.es\/en\/case-studies\/"]}]},{"@type":"BreadcrumbList","@id":"https:\/\/zerocem.es\/en\/case-studies\/#breadcrumb","itemListElement":[{"@type":"ListItem","position":1,"name":"Portada","item":"https:\/\/zerocem.es\/en\/"},{"@type":"ListItem","position":2,"name":"Case Studies"}]},{"@type":"WebSite","@id":"https:\/\/zerocem.es\/en\/#website","url":"https:\/\/zerocem.es\/en\/","name":"ZEROCEM - HEALTHY BUILDINGS","description":"Consultora de sostenibilidad en construcci\u00f3n, ESG: BREEAM, LEED y WELL","potentialAction":[{"@type":"SearchAction","target":{"@type":"EntryPoint","urlTemplate":"https:\/\/zerocem.es\/en\/?s={search_term_string}"},"query-input":{"@type":"PropertyValueSpecification","valueRequired":true,"valueName":"search_term_string"}}],"inLanguage":"en-US"}]}},"_links":{"self":[{"href":"https:\/\/zerocem.es\/en\/wp-json\/wp\/v2\/pages\/3720","targetHints":{"allow":["GET"]}}],"collection":[{"href":"https:\/\/zerocem.es\/en\/wp-json\/wp\/v2\/pages"}],"about":[{"href":"https:\/\/zerocem.es\/en\/wp-json\/wp\/v2\/types\/page"}],"author":[{"embeddable":true,"href":"https:\/\/zerocem.es\/en\/wp-json\/wp\/v2\/users\/4"}],"replies":[{"embeddable":true,"href":"https:\/\/zerocem.es\/en\/wp-json\/wp\/v2\/comments?post=3720"}],"version-history":[{"count":11,"href":"https:\/\/zerocem.es\/en\/wp-json\/wp\/v2\/pages\/3720\/revisions"}],"predecessor-version":[{"id":5772,"href":"https:\/\/zerocem.es\/en\/wp-json\/wp\/v2\/pages\/3720\/revisions\/5772"}],"wp:attachment":[{"href":"https:\/\/zerocem.es\/en\/wp-json\/wp\/v2\/media?parent=3720"}],"curies":[{"name":"wp","href":"https:\/\/api.w.org\/{rel}","templated":true}]}}