{"id":7967,"date":"2017-06-01T13:09:41","date_gmt":"2017-06-01T11:09:41","guid":{"rendered":"https:\/\/zerocem.es\/datenschutzerklaerung\/"},"modified":"2026-04-23T19:50:43","modified_gmt":"2026-04-23T17:50:43","slug":"datenschutzerklaerung","status":"publish","type":"page","link":"https:\/\/zerocem.es\/de\/datenschutzerklaerung\/","title":{"rendered":"Datenschutzerkl\u00e4rung"},"content":{"rendered":"<div class=\"wpb-content-wrapper\"><p>[vc_row css_animation=&#8220;&#8220; row_type=&#8220;row&#8220; use_row_as_full_screen_section=&#8220;no&#8220; type=&#8220;full_width&#8220; angled_section=&#8220;no&#8220; text_align=&#8220;left&#8220; background_image_as_pattern=&#8220;without_pattern&#8220;][vc_column][vc_column_text]<\/p>\n<h2>Verarbeitung personenbezogener Daten.<\/h2>\n<p><strong>ZEROCEM<\/strong> hat die entsprechenden Sicherheitsstufen f\u00fcr die Daten, die es verarbeitet und verwaltet, eingef\u00fchrt und alle ihm zur Verf\u00fcgung stehenden Mittel und technischen Ma\u00dfnahmen integriert, um die Vertraulichkeit zu gew\u00e4hrleisten und Missbrauch, Verlust, \u00c4nderung, unbefugten Zugriff und Diebstahl zu verhindern.<\/p>\n<p>Gem\u00e4\u00df den Bestimmungen des Organischen Gesetzes 15\/1999 vom 13. Dezember zum Schutz personenbezogener Daten (im Folgenden LOPD) informieren wir Sie, dass Sie, wenn Sie uns personenbezogene Daten \u00fcber diese Website bereitstellen, ausdr\u00fccklich die Verarbeitung dieser unter den angegebenen Bedingungen akzeptieren und zustimmen.  die angegebenen Zwecke und entsprechen den in diesem Dokument festgelegten Grunds\u00e4tzen.<\/p>\n<p>Bei <strong>ZEROCEM<\/strong> basieren wir unsere Aktivit\u00e4ten auf dem Respekt vor der Wahrheit und Privatsph\u00e4re der Menschen und damit vor den Mitteln, mit denen sie umgesetzt werden.<\/p>\n<p>SAMMLUNG PERSONENBEZOGENER DATEN. &#8211; Im Allgemeinen k\u00f6nnen Sie die Zer0cem-Website besuchen, ohne Ihre pers\u00f6nlichen Daten offenlegen zu m\u00fcssen. Um jedoch auf einige Bereiche unserer Website zugreifen zu k\u00f6nnen, senden Sie uns einen Kommentar \u00fcber unser Kontaktformular, kontaktieren Sie per E-Mail oder abonnieren Sie den Newsletter; es kann notwendig sein, Ihre Daten zu kennen, und diese w\u00fcrden \u2013 ganz nach dem Willen des Nutzers \u2013 gebeten, sie bereitzustellen oder nicht, aber falls diese Daten angefordert und nicht bereitgestellt werden,  Ihnen wird die M\u00f6glichkeit verwehrt, von diesen Funktionen unserer Website oder anderer m\u00f6glicherweise integrierter Funktionen zu profitieren.<\/p>\n<p>Wenn eine Registrierung erforderlich ist, um auf bestimmte Dienste oder Inhalte zuzugreifen, ist der Nutzer daf\u00fcr verantwortlich, wahre, aktualisierte und rechtm\u00e4\u00dfige Informationen bereitzustellen.<\/p>\n<p>Jedes Formular legt fest, was die erforderlichen optionalen und Mindestdaten sind. Wenn Sie die erforderlichen Angaben nicht ausf\u00fcllen, k\u00f6nnen wir Ihre Anfrage m\u00f6glicherweise nicht erf\u00fcllen. <\/p>\n<p>Durch diese Registrierung kann der Nutzer ein Passwort erhalten, f\u00fcr das er oder sie verantwortlich ist, und verpflichtet sich, es sorgf\u00e4ltig und vertraulich zu nutzen. Und Sie geben unmissverst\u00e4ndlich Ihre Zustimmung zur Sammlung und Verarbeitung von Daten, die in eine &#8222;Datei&#8220; aufgenommen werden, die <strong>von ZEROCEM<\/strong> bei der spanischen Datenschutzbeh\u00f6rde f\u00fcr die unten aufgef\u00fchrten Zwecke registriert ist: <\/p>\n<ul>\n<li>Sie zu kontaktieren, entweder telefonisch oder per E-Mail, oder um Fragen zu beantworten, die Sie \u00fcber unsere Website haben.<\/li>\n<li>Werbung, NewsLetter\/Newsletter und Blog. Abonnieren Sie, um Sie \u00fcber Neuigkeiten oder Updates zu unseren Aktivit\u00e4ten oder zum Blog zu informieren, wo Sie Kommentare abgeben k\u00f6nnen und die daf\u00fcr angeforderten Daten nur zur Ver\u00f6ffentlichung verwendet werden (wir bitten Sie, sie zu moderieren). Der Nutzer kann jederzeit \u00fcber den Newsletter selbst sein Abonnement aktualisieren oder k\u00fcndigen.  <\/li>\n<li>Social-Media-Tracking: &#8222;Kunde&#8220; kann die Daten seiner Follower in sozialen Netzwerken als Kontaktform speichern und ihnen angeforderte Informationen senden.<\/li>\n<\/ul>\n<p><strong>ZEROCEM<\/strong> m\u00f6chte unsere Kunden, Nutzer, Mitarbeiter usw. dar\u00fcber informieren, dass ihre Informationen f\u00fcr unsere Aktivit\u00e4ten unerl\u00e4sslich sind und wir nicht daran teilnehmen oder den Verkauf an Dritte akzeptieren. Wir sind gegen SPAM und verschicken daher keine kommerziellen E-Mails, die nicht zuvor vom Nutzer angefordert oder autorisiert wurden. <\/p>\n<h2>ARCO-Rechte: Zugriff, Behebung, Stornierung oder Widerspruch gegen personenbezogene Daten<\/h2>\n<p>Sie k\u00f6nnen uns jederzeit kontaktieren, um Fragen zu unserer Datenschutzrichtlinie zu stellen und Ihre Rechte auf Zugriff, Berichtigung, K\u00fcndigung und Widerspruch (ARCO) auszu\u00fcben. Dazu senden Sie bitte einen Brief an Antonio S\u00e1nchez Cordero, <strong>ZEROCEM<\/strong> , C\/Cuna 16, planta primera, 41004 \u00b7 Sevilla, info@0cem.com oder verwendet jegliche Methoden, die die Akkreditierung des Absendens und Empfangs des Antrags erm\u00f6glichen (Bereitstellung einer Kopie eines offiziellen Dokuments, das Sie identifiziert, eines Antrags, in dem der Antrag angegeben ist, einer Adresse f\u00fcr Benachrichtigungszwecke und gegebenenfalls Dokumenten zur Akkreditierung der Anfrage). <\/p>\n<h2>Offenlegung von Daten aus rechtlichen Gr\u00fcnden<\/h2>\n<p>Es ist m\u00f6glich, dass der &#8222;Mandant&#8220; gesetzlich verpflichtet ist, Ihre personenbezogenen Daten gem\u00e4\u00df Vorladungen, Durchsuchungsbefehlen oder gerichtlichen Anordnungen in einem der L\u00e4nder, in denen wir t\u00e4tig sind, offenzulegen und Ihre pers\u00f6nlichen Daten zur Durchsetzung der Nutzungsbedingungen unserer Website oder in Notf\u00e4llen zum Schutz der pers\u00f6nlichen Sicherheit offenlegen kann.  aus der Allgemeinheit oder aus dem Web.<\/p>\n<h2>Geistiges Eigentum<\/h2>\n<p>Diese allgemeinen Nutzungsbedingungen des Portals gew\u00e4hren dem Nutzer kein anderes Recht, das Portal und\/oder seine Inhalte zu nutzen, zu ver\u00e4ndern, auszunutzen, zu reproduzieren, zu verbreiten oder \u00f6ffentlich zu kommunizieren, au\u00dfer den ausdr\u00fccklich hier genannten zu nutzen, zu ver\u00e4ndern, auszunutzen, zu reproduzieren, zu verbreiten oder \u00f6ffentlich zu kommunizieren. Die im PORTAL enthaltenen Inhalte (Informationen, Ton- und\/oder Bilddateien, Fotografien, Entw\u00fcrfe usw.) sind Eigentum von Antonio S\u00e1nchez Cordero, <strong>ZEROCEM<\/strong> oder sind von ihren rechtm\u00e4\u00dfigen Eigent\u00fcmern zur Verbreitung autorisiert. <\/p>\n<p>Die Nutzung dieses Inhalts ist verboten f\u00fcr:<\/p>\n<ul>\n<li>Alle Arten von kommerziellen oder werbezwecken, au\u00dfer den streng erlaubten.<\/li>\n<li>Ihre Vervielf\u00e4ltigung, Ver\u00f6ffentlichung, Verbreitung oder \u00c4nderung, ganz oder teilweise, sofern keine vorherige schriftliche Genehmigung der rechtm\u00e4\u00dfigen Eigent\u00fcmer vorliegt oder sie rechtlich erlaubt ist.<\/li>\n<li>Jede Verletzung der Rechte von <strong>ZEROCEM<\/strong> oder dessen rechtm\u00e4\u00dfigen Eigent\u00fcmern an ihnen.<\/li>\n<\/ul>\n<p>Falls ein Nutzer oder eine dritte Partei der Meinung ist, dass aufgrund bestimmter Inhalte auf der Website eine Verletzung ihrer legitimen geistigen Eigentumsrechte vorliegen, m\u00fcssen sie <strong>ZEROCEM<\/strong> \u00fcber diesen Fall informieren und angeben:<\/p>\n<ul>\n<li>Personenbezogene Daten des betreffenden Personen, der der Inhaber der angeblich verletzten Rechte ist, oder zeigen die Vertretung an, mit der er oder sie handelt, falls der Anspruch von einer anderen als der betroffenen Person eingereicht wird.<\/li>\n<li>Geben Sie die durch geistigen Eigentumsrechte gesch\u00fctzten Inhalte und deren Standort auf der Website an, die Akkreditierung der angegebenen geistigen Eigentumsrechte sowie eine ausdr\u00fcckliche Erkl\u00e4rung, in der die betroffene Partei f\u00fcr die Richtigkeit der in der Benachrichtigung bereitgestellten Informationen verantwortlich ist.<\/li>\n<\/ul>\n<h2>Links<\/h2>\n<p>Jede &#8222;Verbindung&#8220;, die zwischen einer Website und dem PORTAL hergestellt wird, unterliegt den folgenden Bedingungen:<\/p>\n<p>Die vollst\u00e4ndige oder teilweise Vervielf\u00e4ltigung der Dienstleistungen oder Inhalte des PORTALS ist nicht gestattet.<\/p>\n<p>Die Website, auf der der Link eingerichtet ist, enth\u00e4lt keine Markenzeichen, Konfessionszeichen, Logos, Slogans oder andere charakteristische Zeichen, die <strong>ZEROCEM<\/strong> geh\u00f6ren, au\u00dfer solchen, die ausdr\u00fccklich autorisiert sind, und in jedem Fall \u00fcbernimmt <strong>ZEROCEM<\/strong> keine Verantwortung f\u00fcr die Inhalte oder Dienstleistungen, die der \u00d6ffentlichkeit auf der Website zur Verf\u00fcgung gestellt werden, von der der &#8222;Link&#8220; stammt, sowie f\u00fcr die enthaltenen Informationen oder Aussagen.<\/p>\n<p>Unsere Website kann Zugang zu weiteren Websites gew\u00e4hren, einschlie\u00dflich unserer offiziellen Profile in sozialen Netzwerken, und informiert Sie dar\u00fcber, dass Sie durch Klicken auf diese Links auf eine Seite weitergeleitet werden, f\u00fcr die <strong>ZEROCEM<\/strong> nicht verantwortlich ist.<\/p>\n<p>Sie sollten wissen, dass die Betreiber dieser Websites au\u00dferhalb von <strong>ZEROCEM<\/strong> Ihre pers\u00f6nlichen Daten unter anderen Bedingungen sammeln, verwenden oder \u00fcbertragen k\u00f6nnen, und empfehlen, dass Sie bei der Kontaktaufnahme einer dieser Websites die Datenschutzrichtlinien, allgemeinen Nutzungsbedingungen oder die m\u00f6glicherweise genutzten Cookies kennenlernen, da wir die Art und Weise nicht kontrollieren k\u00f6nnen, wie diese Websites die von Ihnen offengelegten pers\u00f6nlichen Informationen verwenden.<\/p>\n<h2>Ausschluss von Garantien und Haftung. Datensicherheit und Integrit\u00e4t <\/h2>\n<p><strong>ZEROCEM<\/strong> gew\u00e4hrt keine Garantie und ist in keinem Fall f\u00fcr Sch\u00e4den jeglicher Art, die entstehen k\u00f6nnen durch:<\/p>\n<p>Das Fehlen von Verf\u00fcgbarkeit, Wartung und effektivem Betrieb der Website und\/oder ihrer Dienstleistungen oder Inhalte.<\/p>\n<p>Das Vorhandensein von Viren, b\u00f6sartigen oder sch\u00e4dlichen Programmen im Inhalt.<\/p>\n<p>Die unrechtm\u00e4\u00dfige, fahrl\u00e4ssige und betr\u00fcgerische Nutzung der Website, ihrer Dienstleistungen oder Inhalte durch Nutzer im Glauben, allgemein akzeptierte Nutzung oder \u00f6ffentliche Ordnung \u2013 entgegen diesen allgemeinen Bedingungen.<\/p>\n<p><strong>ZEROCEM<\/strong> verwendet die modernsten und vielf\u00e4ltigsten technologischen und rechtlichen Ma\u00dfnahmen der Existenz, mit dem Ziel, die Ver\u00e4nderung, den Verlust, den Missbrauch oder die Vernichtung der personenbezogenen Daten, die es sammelt, verwendet und \u00fcbertr\u00e4gt, zu verhindern. Wir informieren Sie jedoch dar\u00fcber, dass wir aufgrund der offenen, unsicheren und unsicheren Natur des Internets nicht vollst\u00e4ndig f\u00fcr die Sicherheit der \u00dcbertragungen personenbezogener Daten im Netzwerk verantwortlich sein k\u00f6nnen, jedoch \u00fcberpr\u00fcfen wir, um Ihnen in dieser Hinsicht die gr\u00f6\u00dftm\u00f6glichen Garantien zu bieten, h\u00e4ufig die umgesetzten technischen Ma\u00dfnahmen zu \u00fcberpr\u00fcfen. <\/p>\n<h2>Anwendbares Recht und Zust\u00e4ndigkeit<\/h2>\n<p>Diese allgemeinen Bedingungen werden nach spanischem Recht geregelt; im Falle eines Streits durch den Zugang zum PORTAL oder das Verzichten auf die eigene Zust\u00e4ndigkeit stellen Sie sich den Gerichten und Tribunalen der Stadt Sevilla (Spanien).[\/vc_column_text][vc_empty_space][\/vc_column][\/vc_row]<\/p>\n<\/div>","protected":false},"excerpt":{"rendered":"<p>[vc_row css_animation=&#8220;&#8220; row_type=&#8220;row&#8220; use_row_as_full_screen_section=&#8220;no&#8220; type=&#8220;full_width&#8220; angled_section=&#8220;no&#8220; text_align=&#8220;left&#8220; background_image_as_pattern=&#8220;without_pattern&#8220;][vc_column][vc_column_text] Verarbeitung personenbezogener Daten. ZEROCEM hat die entsprechenden Sicherheitsstufen f\u00fcr die Daten, die es verarbeitet und verwaltet, eingef\u00fchrt und alle ihm zur Verf\u00fcgung stehenden Mittel und technischen Ma\u00dfnahmen integriert, um die Vertraulichkeit zu gew\u00e4hrleisten und Missbrauch, Verlust, \u00c4nderung,&#8230;<\/p>\n","protected":false},"author":4,"featured_media":0,"parent":0,"menu_order":0,"comment_status":"closed","ping_status":"closed","template":"","meta":{"_acf_changed":false,"footnotes":""},"class_list":["post-7967","page","type-page","status-publish","hentry"],"acf":[],"yoast_head":"<!-- This site is optimized with the Yoast SEO plugin v27.4 - https:\/\/yoast.com\/product\/yoast-seo-wordpress\/ -->\n<title>Datenschutzerkl\u00e4rung | ZEROCEM - HEALTHY BUILDINGS<\/title>\n<meta name=\"robots\" content=\"index, follow, max-snippet:-1, max-image-preview:large, max-video-preview:-1\" \/>\n<link rel=\"canonical\" href=\"https:\/\/zerocem.es\/de\/datenschutzerklaerung\/\" \/>\n<meta property=\"og:locale\" content=\"de_DE\" \/>\n<meta property=\"og:type\" content=\"article\" \/>\n<meta property=\"og:title\" content=\"Datenschutzerkl\u00e4rung | ZEROCEM - HEALTHY BUILDINGS\" \/>\n<meta property=\"og:description\" content=\"[vc_row css_animation=&#8220;&#8220; row_type=&#8220;row&#8220; use_row_as_full_screen_section=&#8220;no&#8220; type=&#8220;full_width&#8220; angled_section=&#8220;no&#8220; text_align=&#8220;left&#8220; background_image_as_pattern=&#8220;without_pattern&#8220;][vc_column][vc_column_text] Verarbeitung personenbezogener Daten. ZEROCEM hat die entsprechenden Sicherheitsstufen f\u00fcr die Daten, die es verarbeitet und verwaltet, eingef\u00fchrt und alle ihm zur Verf\u00fcgung stehenden Mittel und technischen Ma\u00dfnahmen integriert, um die Vertraulichkeit zu gew\u00e4hrleisten und Missbrauch, Verlust, \u00c4nderung,...\" \/>\n<meta property=\"og:url\" content=\"https:\/\/zerocem.es\/de\/datenschutzerklaerung\/\" \/>\n<meta property=\"og:site_name\" content=\"ZEROCEM - HEALTHY BUILDINGS\" \/>\n<meta property=\"article:modified_time\" content=\"2026-04-23T17:50:43+00:00\" \/>\n<meta name=\"twitter:card\" content=\"summary_large_image\" \/>\n<meta name=\"twitter:label1\" content=\"Gesch\u00e4tzte Lesezeit\" \/>\n\t<meta name=\"twitter:data1\" content=\"7\u00a0Minuten\" \/>\n<script type=\"application\/ld+json\" class=\"yoast-schema-graph\">{\"@context\":\"https:\\\/\\\/schema.org\",\"@graph\":[{\"@type\":\"WebPage\",\"@id\":\"https:\\\/\\\/zerocem.es\\\/de\\\/datenschutzerklaerung\\\/\",\"url\":\"https:\\\/\\\/zerocem.es\\\/de\\\/datenschutzerklaerung\\\/\",\"name\":\"Datenschutzerkl\u00e4rung | ZEROCEM - HEALTHY BUILDINGS\",\"isPartOf\":{\"@id\":\"https:\\\/\\\/zerocem.es\\\/de\\\/#website\"},\"datePublished\":\"2017-06-01T11:09:41+00:00\",\"dateModified\":\"2026-04-23T17:50:43+00:00\",\"breadcrumb\":{\"@id\":\"https:\\\/\\\/zerocem.es\\\/de\\\/datenschutzerklaerung\\\/#breadcrumb\"},\"inLanguage\":\"de\",\"potentialAction\":[{\"@type\":\"ReadAction\",\"target\":[\"https:\\\/\\\/zerocem.es\\\/de\\\/datenschutzerklaerung\\\/\"]}]},{\"@type\":\"BreadcrumbList\",\"@id\":\"https:\\\/\\\/zerocem.es\\\/de\\\/datenschutzerklaerung\\\/#breadcrumb\",\"itemListElement\":[{\"@type\":\"ListItem\",\"position\":1,\"name\":\"Portada\",\"item\":\"https:\\\/\\\/zerocem.es\\\/de\\\/\"},{\"@type\":\"ListItem\",\"position\":2,\"name\":\"Datenschutzerkl\u00e4rung\"}]},{\"@type\":\"WebSite\",\"@id\":\"https:\\\/\\\/zerocem.es\\\/de\\\/#website\",\"url\":\"https:\\\/\\\/zerocem.es\\\/de\\\/\",\"name\":\"ZEROCEM - HEALTHY BUILDINGS\",\"description\":\"Consultora de sostenibilidad en construcci\u00f3n, ESG: BREEAM, LEED y WELL\",\"potentialAction\":[{\"@type\":\"SearchAction\",\"target\":{\"@type\":\"EntryPoint\",\"urlTemplate\":\"https:\\\/\\\/zerocem.es\\\/de\\\/?s={search_term_string}\"},\"query-input\":{\"@type\":\"PropertyValueSpecification\",\"valueRequired\":true,\"valueName\":\"search_term_string\"}}],\"inLanguage\":\"de\"}]}<\/script>\n<!-- \/ Yoast SEO plugin. -->","yoast_head_json":{"title":"Datenschutzerkl\u00e4rung | ZEROCEM - HEALTHY BUILDINGS","robots":{"index":"index","follow":"follow","max-snippet":"max-snippet:-1","max-image-preview":"max-image-preview:large","max-video-preview":"max-video-preview:-1"},"canonical":"https:\/\/zerocem.es\/de\/datenschutzerklaerung\/","og_locale":"de_DE","og_type":"article","og_title":"Datenschutzerkl\u00e4rung | ZEROCEM - HEALTHY BUILDINGS","og_description":"[vc_row css_animation=&#8220;&#8220; row_type=&#8220;row&#8220; use_row_as_full_screen_section=&#8220;no&#8220; type=&#8220;full_width&#8220; angled_section=&#8220;no&#8220; text_align=&#8220;left&#8220; background_image_as_pattern=&#8220;without_pattern&#8220;][vc_column][vc_column_text] Verarbeitung personenbezogener Daten. ZEROCEM hat die entsprechenden Sicherheitsstufen f\u00fcr die Daten, die es verarbeitet und verwaltet, eingef\u00fchrt und alle ihm zur Verf\u00fcgung stehenden Mittel und technischen Ma\u00dfnahmen integriert, um die Vertraulichkeit zu gew\u00e4hrleisten und Missbrauch, Verlust, \u00c4nderung,...","og_url":"https:\/\/zerocem.es\/de\/datenschutzerklaerung\/","og_site_name":"ZEROCEM - HEALTHY BUILDINGS","article_modified_time":"2026-04-23T17:50:43+00:00","twitter_card":"summary_large_image","twitter_misc":{"Gesch\u00e4tzte Lesezeit":"7\u00a0Minuten"},"schema":{"@context":"https:\/\/schema.org","@graph":[{"@type":"WebPage","@id":"https:\/\/zerocem.es\/de\/datenschutzerklaerung\/","url":"https:\/\/zerocem.es\/de\/datenschutzerklaerung\/","name":"Datenschutzerkl\u00e4rung | ZEROCEM - HEALTHY BUILDINGS","isPartOf":{"@id":"https:\/\/zerocem.es\/de\/#website"},"datePublished":"2017-06-01T11:09:41+00:00","dateModified":"2026-04-23T17:50:43+00:00","breadcrumb":{"@id":"https:\/\/zerocem.es\/de\/datenschutzerklaerung\/#breadcrumb"},"inLanguage":"de","potentialAction":[{"@type":"ReadAction","target":["https:\/\/zerocem.es\/de\/datenschutzerklaerung\/"]}]},{"@type":"BreadcrumbList","@id":"https:\/\/zerocem.es\/de\/datenschutzerklaerung\/#breadcrumb","itemListElement":[{"@type":"ListItem","position":1,"name":"Portada","item":"https:\/\/zerocem.es\/de\/"},{"@type":"ListItem","position":2,"name":"Datenschutzerkl\u00e4rung"}]},{"@type":"WebSite","@id":"https:\/\/zerocem.es\/de\/#website","url":"https:\/\/zerocem.es\/de\/","name":"ZEROCEM - HEALTHY BUILDINGS","description":"Consultora de sostenibilidad en construcci\u00f3n, ESG: BREEAM, LEED y WELL","potentialAction":[{"@type":"SearchAction","target":{"@type":"EntryPoint","urlTemplate":"https:\/\/zerocem.es\/de\/?s={search_term_string}"},"query-input":{"@type":"PropertyValueSpecification","valueRequired":true,"valueName":"search_term_string"}}],"inLanguage":"de"}]}},"_links":{"self":[{"href":"https:\/\/zerocem.es\/de\/wp-json\/wp\/v2\/pages\/7967","targetHints":{"allow":["GET"]}}],"collection":[{"href":"https:\/\/zerocem.es\/de\/wp-json\/wp\/v2\/pages"}],"about":[{"href":"https:\/\/zerocem.es\/de\/wp-json\/wp\/v2\/types\/page"}],"author":[{"embeddable":true,"href":"https:\/\/zerocem.es\/de\/wp-json\/wp\/v2\/users\/4"}],"replies":[{"embeddable":true,"href":"https:\/\/zerocem.es\/de\/wp-json\/wp\/v2\/comments?post=7967"}],"version-history":[{"count":2,"href":"https:\/\/zerocem.es\/de\/wp-json\/wp\/v2\/pages\/7967\/revisions"}],"predecessor-version":[{"id":7969,"href":"https:\/\/zerocem.es\/de\/wp-json\/wp\/v2\/pages\/7967\/revisions\/7969"}],"wp:attachment":[{"href":"https:\/\/zerocem.es\/de\/wp-json\/wp\/v2\/media?parent=7967"}],"curies":[{"name":"wp","href":"https:\/\/api.w.org\/{rel}","templated":true}]}}