{"id":7964,"date":"2017-06-01T12:55:26","date_gmt":"2017-06-01T10:55:26","guid":{"rendered":"https:\/\/zerocem.es\/nutzungsbedingungen\/"},"modified":"2026-04-23T19:46:48","modified_gmt":"2026-04-23T17:46:48","slug":"nutzungsbedingungen","status":"publish","type":"page","link":"https:\/\/zerocem.es\/de\/nutzungsbedingungen\/","title":{"rendered":"Nutzungsbedingungen"},"content":{"rendered":"<div class=\"wpb-content-wrapper\"><p>[vc_row css_animation=&#8220;&#8220; row_type=&#8220;row&#8220; use_row_as_full_screen_section=&#8220;no&#8220; type=&#8220;full_width&#8220; angled_section=&#8220;no&#8220; text_align=&#8220;left&#8220; background_image_as_pattern=&#8220;without_pattern&#8220;][vc_column][vc_column_text]<\/p>\n<h2>Einleitung<\/h2>\n<p>Die vorliegenden Allgemeinen Nutzungsbedingungen der Website regeln die Bedingungen f\u00fcr den Zugang und die Nutzung von zerocem.es, Eigentum von Antonio S\u00e1nchez Cordero, dem Inhaber des Portals, mit Sitz in der Calle Cuna Nr. 16, 1. Stock, PLZ 41004 und mit der Steuernummer 44.369805-E, im Folgenden \u201edas Unternehmen\u201c, die der Nutzer des Portals lesen und akzeptieren muss, um alle auf dem Portal bereitgestellten Dienste und Informationen nutzen zu k\u00f6nnen. Der blo\u00dfe Zugriff auf und\/oder die Nutzung des Portals, seiner Inhalte und\/oder Dienste, ganz oder teilweise, bedeutet die vollst\u00e4ndige Annahme der vorliegenden Allgemeinen Nutzungsbedingungen.<\/p>\n<h2>Nutzungsbedingungen<\/h2>\n<p>Die vorliegenden Allgemeinen Nutzungsbedingungen des Portals regeln den Zugang zum Portal und dessen Nutzung, einschlie\u00dflich der Inhalte und Dienste, die den Nutzern auf und\/oder \u00fcber das Portal zur Verf\u00fcgung gestellt werden, sei es durch das Portal selbst, durch seine Nutzer oder durch Dritte. Der Zugang zu und die Nutzung bestimmter Inhalte und\/oder Dienste k\u00f6nnen jedoch bestimmten besonderen Bedingungen unterliegen. <\/p>\n<h2>Modificaciones<\/h2>\n<p>Das Unternehmen beh\u00e4lt sich das Recht vor, die allgemeinen Nutzungsbedingungen des Portals jederzeit zu \u00e4ndern. Wir empfehlen Ihnen daher, diese Nutzungsbedingungen regelm\u00e4\u00dfig zu \u00fcberpr\u00fcfen, da sie ge\u00e4ndert werden k\u00f6nnen. <\/p>\n<h2>Pflichten des Nutzers<\/h2>\n<p>Der Nutzer hat die in diesen Allgemeinen Nutzungsbedingungen des Portals festgelegten Bestimmungen jederzeit einzuhalten. Der Nutzer erkl\u00e4rt ausdr\u00fccklich, dass er das Portal sorgf\u00e4ltig nutzen und jegliche Haftung \u00fcbernehmen wird, die sich aus der Nichteinhaltung der Vorschriften ergeben k\u00f6nnte. <\/p>\n<p>Ebenso ist es dem Nutzer untersagt, das Portal zu nutzen, um Daten oder Inhalte zu \u00fcbertragen, zu speichern, zu verbreiten, zu bewerben oder zu verteilen, die Viren oder sonstige Computercodes, Dateien oder Programme enthalten, die dazu bestimmt sind, den Betrieb von Computer- oder Telekommunikationsprogrammen oder -ger\u00e4ten zu st\u00f6ren, zu zerst\u00f6ren oder zu beeintr\u00e4chtigen.<\/p>\n<h2>Haftung des Portals<\/h2>\n<p>Der Nutzer nimmt zur Kenntnis und erkl\u00e4rt sich damit einverstanden, dass das Portal keinerlei Gew\u00e4hrleistung, sei sie ausdr\u00fccklich oder stillschweigend, f\u00fcr die Daten, Inhalte, Informationen und Dienste \u00fcbernimmt, die auf dem Portal bereitgestellt werden.<\/p>\n<p>Sofern das Gesetz nicht ausdr\u00fccklich etwas anderes vorschreibt \u2013 und ausschlie\u00dflich in dem Umfang, in dem dies vorgeschrieben ist \u2013, \u00fcbernimmt das Portal keinerlei Gew\u00e4hrleistung oder Haftung f\u00fcr m\u00f6gliche Sch\u00e4den, die durch die Nutzung der Informationen, Daten und Dienste des Portals entstehen.<\/p>\n<p>Das Portal schlie\u00dft in jedem Fall jegliche Haftung f\u00fcr Sch\u00e4den aus, die auf Informationen und\/oder Dienstleistungen zur\u00fcckzuf\u00fchren sind, die von anderen Dritten als dem Unternehmen bereitgestellt oder erbracht werden. Die gesamte Haftung liegt bei dem jeweiligen Dritten, sei es ein Anbieter oder ein Partner. <\/p>\n<h2>Geistiges und gewerbliches Eigentum<\/h2>\n<p>Alle Inhalte, Marken, Logos, Zeichnungen, Dokumentationen, Computerprogramme oder sonstigen Elemente, die nach dem Urheber- oder gewerblichen Rechtsschutzgesetz schutzf\u00e4hig sind und auf dem Portal zug\u00e4nglich sind, geh\u00f6ren ausschlie\u00dflich dem Unternehmen oder ihren rechtm\u00e4\u00dfigen Eigent\u00fcmern, und alle Rechte daran sind ausdr\u00fccklich vorbehalten. Die Einrichtung von Hypertext-Links (Links) zu jeglichen Elementen der Webseiten des Portals ist ohne Genehmigung des Unternehmens ausdr\u00fccklich untersagt, es sei denn, es handelt sich um eine Webseite des Portals, f\u00fcr deren Zugriff keine Identifizierung oder Authentifizierung erforderlich ist oder deren Zugriff nicht eingeschr\u00e4nkt ist. <\/p>\n<p>In jedem Fall beh\u00e4lt sich das Portal alle Rechte an den Inhalten, Informationen, Daten und Dienstleistungen vor, \u00fcber die es verf\u00fcgt. Das Portal gew\u00e4hrt dem Nutzer keine Lizenz oder Nutzungsberechtigung f\u00fcr seine Inhalte, Daten oder Dienstleistungen, die \u00fcber die in den vorliegenden Allgemeinen Nutzungsbedingungen des Portals ausdr\u00fccklich genannten hinausgeht. <\/p>\n<h2>Anwendbares Recht, zust\u00e4ndiges Gericht und Mitteilungen<\/h2>\n<p>Die vorliegenden Bedingungen unterliegen spanischem Recht und sind entsprechend auszulegen. F\u00fcr alle Rechtsstreitigkeiten sind die Gerichte in Sevilla zust\u00e4ndig. Alle Mitteilungen, Aufforderungen, Antr\u00e4ge und sonstigen Mitteilungen, die der Nutzer an das f\u00fcr das Portal verantwortliche Unternehmen richten m\u00f6chte, m\u00fcssen schriftlich erfolgen und gelten als ordnungsgem\u00e4\u00df zugestellt, sobald sie unter der folgenden Adresse eingegangen sind: infor@0cem.com.[\/vc_column_text][vc_empty_space][\/vc_column][\/vc_row]<\/p>\n<\/div>","protected":false},"excerpt":{"rendered":"<p>[vc_row css_animation=&#8220;&#8220; row_type=&#8220;row&#8220; use_row_as_full_screen_section=&#8220;no&#8220; type=&#8220;full_width&#8220; angled_section=&#8220;no&#8220; text_align=&#8220;left&#8220; background_image_as_pattern=&#8220;without_pattern&#8220;][vc_column][vc_column_text] Einleitung Die vorliegenden Allgemeinen Nutzungsbedingungen der Website regeln die Bedingungen f\u00fcr den Zugang und die Nutzung von zerocem.es, Eigentum von Antonio S\u00e1nchez Cordero, dem Inhaber des Portals, mit Sitz in der Calle Cuna Nr. 16, 1. Stock,&#8230;<\/p>\n","protected":false},"author":4,"featured_media":0,"parent":0,"menu_order":0,"comment_status":"closed","ping_status":"closed","template":"","meta":{"_acf_changed":false,"footnotes":""},"class_list":["post-7964","page","type-page","status-publish","hentry"],"acf":[],"yoast_head":"<!-- This site is optimized with the Yoast SEO plugin v27.4 - https:\/\/yoast.com\/product\/yoast-seo-wordpress\/ -->\n<title>Nutzungsbedingungen | ZEROCEM - HEALTHY BUILDINGS<\/title>\n<meta name=\"description\" content=\"Nutzungsbedingungen, die den Zugriff auf die Website regeln und auf den urheberrechtlichen Schutz der darin enthaltenen Inhalte hinweisen\" \/>\n<meta name=\"robots\" content=\"index, follow, max-snippet:-1, max-image-preview:large, max-video-preview:-1\" \/>\n<link rel=\"canonical\" href=\"https:\/\/zerocem.es\/de\/nutzungsbedingungen\/\" \/>\n<meta property=\"og:locale\" content=\"de_DE\" \/>\n<meta property=\"og:type\" content=\"article\" \/>\n<meta property=\"og:title\" content=\"Nutzungsbedingungen | ZEROCEM - HEALTHY BUILDINGS\" \/>\n<meta property=\"og:description\" content=\"Nutzungsbedingungen, die den Zugriff auf die Website regeln und auf den urheberrechtlichen Schutz der darin enthaltenen Inhalte hinweisen\" \/>\n<meta property=\"og:url\" content=\"https:\/\/zerocem.es\/de\/nutzungsbedingungen\/\" \/>\n<meta property=\"og:site_name\" content=\"ZEROCEM - HEALTHY BUILDINGS\" \/>\n<meta property=\"article:modified_time\" content=\"2026-04-23T17:46:48+00:00\" \/>\n<meta name=\"twitter:card\" content=\"summary_large_image\" \/>\n<meta name=\"twitter:label1\" content=\"Gesch\u00e4tzte Lesezeit\" \/>\n\t<meta name=\"twitter:data1\" content=\"4\u00a0Minuten\" \/>\n<script type=\"application\/ld+json\" class=\"yoast-schema-graph\">{\"@context\":\"https:\\\/\\\/schema.org\",\"@graph\":[{\"@type\":\"WebPage\",\"@id\":\"https:\\\/\\\/zerocem.es\\\/de\\\/nutzungsbedingungen\\\/\",\"url\":\"https:\\\/\\\/zerocem.es\\\/de\\\/nutzungsbedingungen\\\/\",\"name\":\"Nutzungsbedingungen | ZEROCEM - HEALTHY BUILDINGS\",\"isPartOf\":{\"@id\":\"https:\\\/\\\/zerocem.es\\\/de\\\/#website\"},\"datePublished\":\"2017-06-01T10:55:26+00:00\",\"dateModified\":\"2026-04-23T17:46:48+00:00\",\"description\":\"Nutzungsbedingungen, die den Zugriff auf die Website regeln und auf den urheberrechtlichen Schutz der darin enthaltenen Inhalte hinweisen\",\"breadcrumb\":{\"@id\":\"https:\\\/\\\/zerocem.es\\\/de\\\/nutzungsbedingungen\\\/#breadcrumb\"},\"inLanguage\":\"de\",\"potentialAction\":[{\"@type\":\"ReadAction\",\"target\":[\"https:\\\/\\\/zerocem.es\\\/de\\\/nutzungsbedingungen\\\/\"]}]},{\"@type\":\"BreadcrumbList\",\"@id\":\"https:\\\/\\\/zerocem.es\\\/de\\\/nutzungsbedingungen\\\/#breadcrumb\",\"itemListElement\":[{\"@type\":\"ListItem\",\"position\":1,\"name\":\"Portada\",\"item\":\"https:\\\/\\\/zerocem.es\\\/de\\\/\"},{\"@type\":\"ListItem\",\"position\":2,\"name\":\"Nutzungsbedingungen\"}]},{\"@type\":\"WebSite\",\"@id\":\"https:\\\/\\\/zerocem.es\\\/de\\\/#website\",\"url\":\"https:\\\/\\\/zerocem.es\\\/de\\\/\",\"name\":\"ZEROCEM - HEALTHY BUILDINGS\",\"description\":\"Consultora de sostenibilidad en construcci\u00f3n, ESG: BREEAM, LEED y WELL\",\"potentialAction\":[{\"@type\":\"SearchAction\",\"target\":{\"@type\":\"EntryPoint\",\"urlTemplate\":\"https:\\\/\\\/zerocem.es\\\/de\\\/?s={search_term_string}\"},\"query-input\":{\"@type\":\"PropertyValueSpecification\",\"valueRequired\":true,\"valueName\":\"search_term_string\"}}],\"inLanguage\":\"de\"}]}<\/script>\n<!-- \/ Yoast SEO plugin. -->","yoast_head_json":{"title":"Nutzungsbedingungen | ZEROCEM - HEALTHY BUILDINGS","description":"Nutzungsbedingungen, die den Zugriff auf die Website regeln und auf den urheberrechtlichen Schutz der darin enthaltenen Inhalte hinweisen","robots":{"index":"index","follow":"follow","max-snippet":"max-snippet:-1","max-image-preview":"max-image-preview:large","max-video-preview":"max-video-preview:-1"},"canonical":"https:\/\/zerocem.es\/de\/nutzungsbedingungen\/","og_locale":"de_DE","og_type":"article","og_title":"Nutzungsbedingungen | ZEROCEM - HEALTHY BUILDINGS","og_description":"Nutzungsbedingungen, die den Zugriff auf die Website regeln und auf den urheberrechtlichen Schutz der darin enthaltenen Inhalte hinweisen","og_url":"https:\/\/zerocem.es\/de\/nutzungsbedingungen\/","og_site_name":"ZEROCEM - HEALTHY BUILDINGS","article_modified_time":"2026-04-23T17:46:48+00:00","twitter_card":"summary_large_image","twitter_misc":{"Gesch\u00e4tzte Lesezeit":"4\u00a0Minuten"},"schema":{"@context":"https:\/\/schema.org","@graph":[{"@type":"WebPage","@id":"https:\/\/zerocem.es\/de\/nutzungsbedingungen\/","url":"https:\/\/zerocem.es\/de\/nutzungsbedingungen\/","name":"Nutzungsbedingungen | ZEROCEM - HEALTHY BUILDINGS","isPartOf":{"@id":"https:\/\/zerocem.es\/de\/#website"},"datePublished":"2017-06-01T10:55:26+00:00","dateModified":"2026-04-23T17:46:48+00:00","description":"Nutzungsbedingungen, die den Zugriff auf die Website regeln und auf den urheberrechtlichen Schutz der darin enthaltenen Inhalte hinweisen","breadcrumb":{"@id":"https:\/\/zerocem.es\/de\/nutzungsbedingungen\/#breadcrumb"},"inLanguage":"de","potentialAction":[{"@type":"ReadAction","target":["https:\/\/zerocem.es\/de\/nutzungsbedingungen\/"]}]},{"@type":"BreadcrumbList","@id":"https:\/\/zerocem.es\/de\/nutzungsbedingungen\/#breadcrumb","itemListElement":[{"@type":"ListItem","position":1,"name":"Portada","item":"https:\/\/zerocem.es\/de\/"},{"@type":"ListItem","position":2,"name":"Nutzungsbedingungen"}]},{"@type":"WebSite","@id":"https:\/\/zerocem.es\/de\/#website","url":"https:\/\/zerocem.es\/de\/","name":"ZEROCEM - HEALTHY BUILDINGS","description":"Consultora de sostenibilidad en construcci\u00f3n, ESG: BREEAM, LEED y WELL","potentialAction":[{"@type":"SearchAction","target":{"@type":"EntryPoint","urlTemplate":"https:\/\/zerocem.es\/de\/?s={search_term_string}"},"query-input":{"@type":"PropertyValueSpecification","valueRequired":true,"valueName":"search_term_string"}}],"inLanguage":"de"}]}},"_links":{"self":[{"href":"https:\/\/zerocem.es\/de\/wp-json\/wp\/v2\/pages\/7964","targetHints":{"allow":["GET"]}}],"collection":[{"href":"https:\/\/zerocem.es\/de\/wp-json\/wp\/v2\/pages"}],"about":[{"href":"https:\/\/zerocem.es\/de\/wp-json\/wp\/v2\/types\/page"}],"author":[{"embeddable":true,"href":"https:\/\/zerocem.es\/de\/wp-json\/wp\/v2\/users\/4"}],"replies":[{"embeddable":true,"href":"https:\/\/zerocem.es\/de\/wp-json\/wp\/v2\/comments?post=7964"}],"version-history":[{"count":1,"href":"https:\/\/zerocem.es\/de\/wp-json\/wp\/v2\/pages\/7964\/revisions"}],"predecessor-version":[{"id":7965,"href":"https:\/\/zerocem.es\/de\/wp-json\/wp\/v2\/pages\/7964\/revisions\/7965"}],"wp:attachment":[{"href":"https:\/\/zerocem.es\/de\/wp-json\/wp\/v2\/media?parent=7964"}],"curies":[{"name":"wp","href":"https:\/\/api.w.org\/{rel}","templated":true}]}}