{"id":7960,"date":"2017-06-01T09:43:52","date_gmt":"2017-06-01T07:43:52","guid":{"rendered":"https:\/\/zerocem.es\/nachhaltigkeitspolitik\/"},"modified":"2026-04-23T19:39:50","modified_gmt":"2026-04-23T17:39:50","slug":"nachhaltigkeitspolitik","status":"publish","type":"page","link":"https:\/\/zerocem.es\/de\/nachhaltigkeitspolitik\/","title":{"rendered":"Nachhaltigkeitspolitik"},"content":{"rendered":"<div class=\"wpb-content-wrapper\"><p>[vc_row css_animation=&#8220;&#8220; row_type=&#8220;row&#8220; use_row_as_full_screen_section=&#8220;no&#8220; type=&#8220;full_width&#8220; angled_section=&#8220;no&#8220; text_align=&#8220;left&#8220; background_image_as_pattern=&#8220;without_pattern&#8220;][vc_column][vc_column_text]<\/p>\n<h2>Absichtserkl\u00e4rung<\/h2>\n<p><strong>ZEROCEM<\/strong> wurde mit dem Ziel gegr\u00fcndet, ein Team mit Pioniergeist und Unternehmergeist zu sein, das sich der nachhaltigen Entwicklung durch Design, Beratung, Zertifizierung und Bauaufsicht bei wirklich nachhaltigen Bauprojekten verschrieben hat, die aktiv zum sozialen Wohlergehen, zum \u00f6kologischen Gleichgewicht und zum wirtschaftlichen Fortschritt beitragen.<\/p>\n<p><strong>ZEROCEM<\/strong> ist sich der Herausforderungen bewusst, denen die Menschheit gegen\u00fcbersteht, sowie der Schwierigkeiten, die mit der Verwirklichung eines globalen Modells f\u00fcr nachhaltige Entwicklung verbunden sind, und \u00fcbernimmt die Verantwortung, neue Risiken zu mindern, aber auch<br \/>erfolgreich auf die neuen Chancen zu reagieren, die sich aus diesen Herausforderungen ergeben.<\/p>\n<p>Unser Engagement geht \u00fcber das Streben nach wirtschaftlicher Rentabilit\u00e4t hinaus und zielt auf ehrgeizigere Ziele ab, n\u00e4mlich die langfristige Schaffung gemeinsamer Werte f\u00fcr die Gesellschaft.<\/p>\n<p>Das vorliegende Dokument dient als \u00fcbergreifende Richtlinie, die die Rahmenprinzipien f\u00fcr alle anderen Richtlinien von <strong>ZEROCEM <\/strong>festlegt.<\/p>\n<h2>Principios<\/h2>\n<p>\u2022<strong> Ethik und Verantwortung in der Wirtschaft \u2013 ZEROCEM <\/strong>f\u00f6rdert ethisches und nachhaltiges Handeln im eigenen Unternehmen und verfolgt dabei stets einen pr\u00e4ventiven Ansatz, der darauf abzielt, wirtschaftliche, soziale und \u00f6kologische Risiken zu minimieren.<\/p>\n<p><strong>\u2022 Finanzielle Solidit\u00e4t und langfristige Ausrichtung \u2013 ZEROCEM<\/strong> versteht Nachhaltigkeit als langfristiges Engagement, das den Grundsatz der wirtschaftlichen und finanziellen Solidit\u00e4t st\u00e4rkt.<\/p>\n<p><strong>\u2022 Achtung der grundlegenden Menschenrechte \u2013 ZERO0CEM <\/strong>lehnt jede Form von Missbrauch oder Verletzung dieser Rechte ab, sei es unter Mitarbeitern, Lieferanten, Auftragnehmern, Partnern, Wettbewerbern oder in der Gesellschaft insgesamt, und setzt sich f\u00fcr echte Chancengleichheit und Nichtdiskriminierung ein.<\/p>\n<p><strong>\u2022 Wertsch\u00f6pfung f\u00fcr die Gemeinden, in denen das Unternehmen t\u00e4tig ist \u2013 ZEROCEM<\/strong> ist bestrebt, in den Regionen, in denen es t\u00e4tig ist, einen Mehrwert zu schaffen, indem es Gesch\u00e4ftsmodelle entwickelt, die zur sozialen Entwicklung dieser Regionen beitragen.<\/p>\n<p>\u2022 Umweltschutz und Bek\u00e4mpfung des Klimawandels \u2013 <strong>Um die Auswirkungen seiner Gesch\u00e4ftst\u00e4tigkeit zu verringern, strebt ZEROCEM<\/strong> bei allen Projekten, die das Unternehmen durchf\u00fchrt, ein H\u00f6chstma\u00df an \u00f6kologischer Effizienz an und sensibilisiert alle beteiligten Akteure \u2013 sowohl interne als auch externe \u2013 f\u00fcr deren Bedeutung bei der Entscheidungsfindung und im Gesch\u00e4ftsbetrieb.<\/p>\n<p><strong>\u2022 Integration der Nachhaltigkeit \u2013 ZEROCEM <\/strong>versteht Nachhaltigkeit als Kernst\u00fcck unseres Gesch\u00e4fts; daher muss sie bei jedem Vorhaben zum Tragen kommen, wobei diese Kultur auch auf Kunden, Lieferanten, Partner und alle anderen Interessengruppen \u00fcbertragen wird.<\/p>\n<p><strong>\u2022 Innovation \u2013 ZEROCEM<\/strong> f\u00f6rdert Innovation als eine der S\u00e4ulen der Gesch\u00e4ftsentwicklung und setzt sich f\u00fcr die Suche nach nachhaltigen L\u00f6sungen im technologischen und operativen Bereich ein.<\/p>\n<p>\u2022<strong> Dialog mit Interessengruppen \u2013 ZEROCEM<\/strong> pflegt einen regelm\u00e4\u00dfigen und regen Dialog mit seinen Interessengruppen, nimmt deren Erwartungen auf, geht darauf ein und l\u00e4sst die wichtigsten davon in die Nachhaltigkeitsstrategie einflie\u00dfen.<\/p>\n<p>\u2022 <strong>Transparenz <\/strong>in der Kommunikation und Rechenschaftspflicht \u2013 <strong>ZEROCEM <\/strong>stellt seinen Interessengruppen transparente, wahrheitsgem\u00e4\u00dfe und fundierte Informationen zur Verf\u00fcgung.<\/p>\n<p>&nbsp;<\/p>\n<p>ZEROCEM<\/p>\n<p>01 de Junio de 2017[\/vc_column_text][vc_empty_space][\/vc_column][\/vc_row]<\/p>\n<\/div>","protected":false},"excerpt":{"rendered":"<p>[vc_row css_animation=&#8220;&#8220; row_type=&#8220;row&#8220; use_row_as_full_screen_section=&#8220;no&#8220; type=&#8220;full_width&#8220; angled_section=&#8220;no&#8220; text_align=&#8220;left&#8220; background_image_as_pattern=&#8220;without_pattern&#8220;][vc_column][vc_column_text] Absichtserkl\u00e4rung ZEROCEM wurde mit dem Ziel gegr\u00fcndet, ein Team mit Pioniergeist und Unternehmergeist zu sein, das sich der nachhaltigen Entwicklung durch Design, Beratung, Zertifizierung und Bauaufsicht bei wirklich nachhaltigen Bauprojekten verschrieben hat, die aktiv zum sozialen Wohlergehen,&#8230;<\/p>\n","protected":false},"author":4,"featured_media":0,"parent":0,"menu_order":0,"comment_status":"closed","ping_status":"closed","template":"","meta":{"_acf_changed":false,"footnotes":""},"class_list":["post-7960","page","type-page","status-publish","hentry"],"acf":[],"yoast_head":"<!-- This site is optimized with the Yoast SEO plugin v27.4 - https:\/\/yoast.com\/product\/yoast-seo-wordpress\/ -->\n<title>Nachhaltigkeitspolitik | ZEROCEM - HEALTHY BUILDINGS<\/title>\n<meta name=\"robots\" content=\"index, follow, max-snippet:-1, max-image-preview:large, max-video-preview:-1\" \/>\n<link rel=\"canonical\" href=\"https:\/\/zerocem.es\/de\/nachhaltigkeitspolitik\/\" \/>\n<meta property=\"og:locale\" content=\"de_DE\" \/>\n<meta property=\"og:type\" content=\"article\" \/>\n<meta property=\"og:title\" content=\"Nachhaltigkeitspolitik | ZEROCEM - HEALTHY BUILDINGS\" \/>\n<meta property=\"og:description\" content=\"[vc_row css_animation=&#8220;&#8220; row_type=&#8220;row&#8220; use_row_as_full_screen_section=&#8220;no&#8220; type=&#8220;full_width&#8220; angled_section=&#8220;no&#8220; text_align=&#8220;left&#8220; background_image_as_pattern=&#8220;without_pattern&#8220;][vc_column][vc_column_text] Absichtserkl\u00e4rung ZEROCEM wurde mit dem Ziel gegr\u00fcndet, ein Team mit Pioniergeist und Unternehmergeist zu sein, das sich der nachhaltigen Entwicklung durch Design, Beratung, Zertifizierung und Bauaufsicht bei wirklich nachhaltigen Bauprojekten verschrieben hat, die aktiv zum sozialen Wohlergehen,...\" \/>\n<meta property=\"og:url\" content=\"https:\/\/zerocem.es\/de\/nachhaltigkeitspolitik\/\" \/>\n<meta property=\"og:site_name\" content=\"ZEROCEM - HEALTHY BUILDINGS\" \/>\n<meta property=\"article:modified_time\" content=\"2026-04-23T17:39:50+00:00\" \/>\n<meta name=\"twitter:card\" content=\"summary_large_image\" \/>\n<meta name=\"twitter:label1\" content=\"Gesch\u00e4tzte Lesezeit\" \/>\n\t<meta name=\"twitter:data1\" content=\"2\u00a0Minuten\" \/>\n<script type=\"application\/ld+json\" class=\"yoast-schema-graph\">{\"@context\":\"https:\\\/\\\/schema.org\",\"@graph\":[{\"@type\":\"WebPage\",\"@id\":\"https:\\\/\\\/zerocem.es\\\/de\\\/nachhaltigkeitspolitik\\\/\",\"url\":\"https:\\\/\\\/zerocem.es\\\/de\\\/nachhaltigkeitspolitik\\\/\",\"name\":\"Nachhaltigkeitspolitik | ZEROCEM - HEALTHY BUILDINGS\",\"isPartOf\":{\"@id\":\"https:\\\/\\\/zerocem.es\\\/de\\\/#website\"},\"datePublished\":\"2017-06-01T07:43:52+00:00\",\"dateModified\":\"2026-04-23T17:39:50+00:00\",\"breadcrumb\":{\"@id\":\"https:\\\/\\\/zerocem.es\\\/de\\\/nachhaltigkeitspolitik\\\/#breadcrumb\"},\"inLanguage\":\"de\",\"potentialAction\":[{\"@type\":\"ReadAction\",\"target\":[\"https:\\\/\\\/zerocem.es\\\/de\\\/nachhaltigkeitspolitik\\\/\"]}]},{\"@type\":\"BreadcrumbList\",\"@id\":\"https:\\\/\\\/zerocem.es\\\/de\\\/nachhaltigkeitspolitik\\\/#breadcrumb\",\"itemListElement\":[{\"@type\":\"ListItem\",\"position\":1,\"name\":\"Portada\",\"item\":\"https:\\\/\\\/zerocem.es\\\/de\\\/\"},{\"@type\":\"ListItem\",\"position\":2,\"name\":\"Nachhaltigkeitspolitik\"}]},{\"@type\":\"WebSite\",\"@id\":\"https:\\\/\\\/zerocem.es\\\/de\\\/#website\",\"url\":\"https:\\\/\\\/zerocem.es\\\/de\\\/\",\"name\":\"ZEROCEM - HEALTHY BUILDINGS\",\"description\":\"Consultora de sostenibilidad en construcci\u00f3n, ESG: BREEAM, LEED y WELL\",\"potentialAction\":[{\"@type\":\"SearchAction\",\"target\":{\"@type\":\"EntryPoint\",\"urlTemplate\":\"https:\\\/\\\/zerocem.es\\\/de\\\/?s={search_term_string}\"},\"query-input\":{\"@type\":\"PropertyValueSpecification\",\"valueRequired\":true,\"valueName\":\"search_term_string\"}}],\"inLanguage\":\"de\"}]}<\/script>\n<!-- \/ Yoast SEO plugin. -->","yoast_head_json":{"title":"Nachhaltigkeitspolitik | ZEROCEM - HEALTHY BUILDINGS","robots":{"index":"index","follow":"follow","max-snippet":"max-snippet:-1","max-image-preview":"max-image-preview:large","max-video-preview":"max-video-preview:-1"},"canonical":"https:\/\/zerocem.es\/de\/nachhaltigkeitspolitik\/","og_locale":"de_DE","og_type":"article","og_title":"Nachhaltigkeitspolitik | ZEROCEM - HEALTHY BUILDINGS","og_description":"[vc_row css_animation=&#8220;&#8220; row_type=&#8220;row&#8220; use_row_as_full_screen_section=&#8220;no&#8220; type=&#8220;full_width&#8220; angled_section=&#8220;no&#8220; text_align=&#8220;left&#8220; background_image_as_pattern=&#8220;without_pattern&#8220;][vc_column][vc_column_text] Absichtserkl\u00e4rung ZEROCEM wurde mit dem Ziel gegr\u00fcndet, ein Team mit Pioniergeist und Unternehmergeist zu sein, das sich der nachhaltigen Entwicklung durch Design, Beratung, Zertifizierung und Bauaufsicht bei wirklich nachhaltigen Bauprojekten verschrieben hat, die aktiv zum sozialen Wohlergehen,...","og_url":"https:\/\/zerocem.es\/de\/nachhaltigkeitspolitik\/","og_site_name":"ZEROCEM - HEALTHY BUILDINGS","article_modified_time":"2026-04-23T17:39:50+00:00","twitter_card":"summary_large_image","twitter_misc":{"Gesch\u00e4tzte Lesezeit":"2\u00a0Minuten"},"schema":{"@context":"https:\/\/schema.org","@graph":[{"@type":"WebPage","@id":"https:\/\/zerocem.es\/de\/nachhaltigkeitspolitik\/","url":"https:\/\/zerocem.es\/de\/nachhaltigkeitspolitik\/","name":"Nachhaltigkeitspolitik | ZEROCEM - HEALTHY BUILDINGS","isPartOf":{"@id":"https:\/\/zerocem.es\/de\/#website"},"datePublished":"2017-06-01T07:43:52+00:00","dateModified":"2026-04-23T17:39:50+00:00","breadcrumb":{"@id":"https:\/\/zerocem.es\/de\/nachhaltigkeitspolitik\/#breadcrumb"},"inLanguage":"de","potentialAction":[{"@type":"ReadAction","target":["https:\/\/zerocem.es\/de\/nachhaltigkeitspolitik\/"]}]},{"@type":"BreadcrumbList","@id":"https:\/\/zerocem.es\/de\/nachhaltigkeitspolitik\/#breadcrumb","itemListElement":[{"@type":"ListItem","position":1,"name":"Portada","item":"https:\/\/zerocem.es\/de\/"},{"@type":"ListItem","position":2,"name":"Nachhaltigkeitspolitik"}]},{"@type":"WebSite","@id":"https:\/\/zerocem.es\/de\/#website","url":"https:\/\/zerocem.es\/de\/","name":"ZEROCEM - HEALTHY BUILDINGS","description":"Consultora de sostenibilidad en construcci\u00f3n, ESG: BREEAM, LEED y WELL","potentialAction":[{"@type":"SearchAction","target":{"@type":"EntryPoint","urlTemplate":"https:\/\/zerocem.es\/de\/?s={search_term_string}"},"query-input":{"@type":"PropertyValueSpecification","valueRequired":true,"valueName":"search_term_string"}}],"inLanguage":"de"}]}},"_links":{"self":[{"href":"https:\/\/zerocem.es\/de\/wp-json\/wp\/v2\/pages\/7960","targetHints":{"allow":["GET"]}}],"collection":[{"href":"https:\/\/zerocem.es\/de\/wp-json\/wp\/v2\/pages"}],"about":[{"href":"https:\/\/zerocem.es\/de\/wp-json\/wp\/v2\/types\/page"}],"author":[{"embeddable":true,"href":"https:\/\/zerocem.es\/de\/wp-json\/wp\/v2\/users\/4"}],"replies":[{"embeddable":true,"href":"https:\/\/zerocem.es\/de\/wp-json\/wp\/v2\/comments?post=7960"}],"version-history":[{"count":2,"href":"https:\/\/zerocem.es\/de\/wp-json\/wp\/v2\/pages\/7960\/revisions"}],"predecessor-version":[{"id":7962,"href":"https:\/\/zerocem.es\/de\/wp-json\/wp\/v2\/pages\/7960\/revisions\/7962"}],"wp:attachment":[{"href":"https:\/\/zerocem.es\/de\/wp-json\/wp\/v2\/media?parent=7960"}],"curies":[{"name":"wp","href":"https:\/\/api.w.org\/{rel}","templated":true}]}}