{"id":7902,"date":"2017-06-01T17:51:32","date_gmt":"2017-06-01T15:51:32","guid":{"rendered":"https:\/\/zerocem.es\/cookie-richtlinie-weitere-informationen\/"},"modified":"2026-04-16T19:52:05","modified_gmt":"2026-04-16T17:52:05","slug":"cookie-richtlinie-weitere-informationen","status":"publish","type":"page","link":"https:\/\/zerocem.es\/de\/cookie-richtlinie-weitere-informationen\/","title":{"rendered":"Cookie-Richtlinie. Weitere Informationen"},"content":{"rendered":"<h2>Was versteht man unter einem Cookie?<\/h2>\n<p>Ein Cookie ist eine harmlose Textdatei, die in Ihrem Browser gespeichert wird, wenn Sie nahezu jede Website besuchen. Der Zweck eines Cookies besteht darin, dass sich die Website an Ihren Besuch erinnert, wenn Sie diese Seite erneut aufrufen. Obwohl es viele nicht wissen, werden Cookies bereits seit \u00fcber 20 Jahren verwendet, seit es die ersten Browser f\u00fcr das World Wide Web gibt.  <\/p>\n<h2>Was ist kein Cookie?<\/h2>\n<p>Es ist weder ein Virus noch ein Trojaner, noch ein Wurm, noch Spam, noch Spyware und \u00f6ffnet keine Pop-up-Fenster.<\/p>\n<h2>Welche Informationen speichert ein <em>Cookie<\/em>?<\/h2>\n<p><em>Cookies <\/em>speichern in der Regel keine sensiblen Informationen \u00fcber Sie, wie Kreditkarten- oder Bankdaten, Fotos, Ihre Ausweisnummer oder pers\u00f6nliche Daten. Die gespeicherten Daten sind technischer Natur, beziehen sich auf pers\u00f6nliche Pr\u00e4ferenzen oder dienen der Personalisierung von Inhalten. <\/p>\n<p>Der Webserver ordnet Sie nicht als Person zu, sondern Ihrem Webbrowser. Wenn Sie beispielsweise normalerweise mit Internet Explorer surfen und dieselbe Website mit Firefox oder Chrome besuchen, werden Sie feststellen, dass die Website nicht erkennt, dass es sich um dieselbe Person handelt, da sie den Browser und nicht die Person identifiziert. <\/p>\n<h2>Welche Arten von <em>Cookies<\/em> gibt es?<\/h2>\n<ul>\n<li>Technische <em>Cookies<\/em>: Sie sind die grundlegendsten und erm\u00f6glichen unter anderem zu erkennen, ob ein Mensch oder eine automatisierte Anwendung auf der Website surft, ob ein anonymer oder ein registrierter Nutzer die Seite nutzt \u2013 grundlegende Funktionen f\u00fcr den Betrieb jeder dynamischen Website.<\/li>\n<li>Analyse-<em>Cookies<\/em>: Sie erfassen Informationen \u00fcber Ihr Nutzungsverhalten, wie z. B. die Art der Navigation, die am h\u00e4ufigsten besuchten Bereiche, angesehene Produkte, Nutzungszeiten, Sprache usw.<\/li>\n<li>Werbe-Cookies: Sie zeigen Werbung basierend auf Ihrem Surfverhalten, Ihrem Herkunftsland, Ihrer Sprache usw.<\/li>\n<\/ul>\n<h2>Was sind eigene Cookies und Cookies von Drittanbietern?<\/h2>\n<p>Eigene Cookies werden von der Website erzeugt, die Sie besuchen, w\u00e4hrend Cookies von Drittanbietern von externen Diensten oder Anbietern wie Facebook, Twitter oder Google erstellt werden.<\/p>\n<h2>Was passiert, wenn ich Cookies deaktiviere?<\/h2>\n<p>Um den Umfang der m\u00f6glichen Auswirkungen der Deaktivierung von <em>Cookies<\/em> zu verdeutlichen, zeigen wir Ihnen einige Beispiele: <\/p>\n<ul>\n<li>Sie k\u00f6nnen Inhalte dieser Website nicht auf Facebook, Twitter oder anderen sozialen Netzwerken teilen.<\/li>\n<li>Die Website kann die Inhalte nicht an Ihre pers\u00f6nlichen Pr\u00e4ferenzen anpassen, wie es beispielsweise in Online-Shops \u00fcblich ist.<\/li>\n<li>Sie k\u00f6nnen nicht auf den pers\u00f6nlichen Bereich der Website zugreifen, wie z. B. \u201e<em>Mein Konto<\/em>\u201c, \u201e<em>Mein Profil<\/em>\u201c oder \u201e<em>Meine Bestellungen<\/em>\u201c.<\/li>\n<li>Online-Shops: Es wird Ihnen nicht m\u00f6glich sein, online einzukaufen; K\u00e4ufe m\u00fcssen telefonisch oder \u2013 sofern vorhanden \u2013 durch den Besuch eines station\u00e4ren Gesch\u00e4fts erfolgen.<\/li>\n<li>Es ist nicht m\u00f6glich, Ihre geografischen Pr\u00e4ferenzen wie Zeitzone, W\u00e4hrung oder Sprache zu personalisieren.<\/li>\n<li>Die Website kann keine Webanalysen \u00fcber Besucher und den Datenverkehr durchf\u00fchren, was es erschwert, wettbewerbsf\u00e4hig zu bleiben.<\/li>\n<li>Sie k\u00f6nnen keine Beitr\u00e4ge im Blog verfassen, keine Fotos hochladen, keine Kommentare ver\u00f6ffentlichen und Inhalte weder bewerten noch kommentieren. Die Website kann zudem nicht erkennen, ob es sich bei Ihnen um eine reale Person oder um eine automatisierte Anwendung handelt, die <em>Spam<\/em> verbreitet. <\/li>\n<li>Es kann keine zielgerichtete Werbung angezeigt werden, was die Werbeeinnahmen der Website verringert.<\/li>\n<li>Alle sozialen Netzwerke verwenden <em>Cookies<\/em>. Wenn Sie diese deaktivieren, k\u00f6nnen Sie keine sozialen Netzwerke nutzen.<\/li>\n<\/ul>\n<h2>K\u00f6nnen <em>Cookies <\/em>gel\u00f6scht werden?<\/h2>\n<p>Ja. Sie k\u00f6nnen Cookies nicht nur l\u00f6schen, sondern auch blockieren \u2013 entweder allgemein oder speziell f\u00fcr eine bestimmte Domain. <\/p>\n<p>Um die <em>Cookies<\/em> einer Website zu l\u00f6schen, m\u00fcssen Sie die Einstellungen Ihres Browsers aufrufen. Dort k\u00f6nnen Sie die dem jeweiligen Domain zugeordneten Cookies suchen und anschlie\u00dfend l\u00f6schen.<\/p>\n<h2 id=\"navegadores\"><em>Cookie<\/em>-Einstellungen f\u00fcr die g\u00e4ngigsten Browser<\/h2>\n<p>Im Folgenden zeigen wir Ihnen, wie Sie im Browser <b>Chrome <\/b>auf eine bestimmte <em>Cookie <\/em>zugreifen k\u00f6nnen. Hinweis: Diese Schritte k\u00f6nnen je nach Version des Browsers variieren. <\/p>\n<ol>\n<li>Gehen Sie \u00fcber das Men\u00fc \u201eDatei\u201c zu den Einstellungen oder Pr\u00e4ferenzen oder klicken Sie auf das Personalisierungssymbol oben rechts.<\/li>\n<li>Sie sehen verschiedene Abschnitte. Klicken Sie auf die Option \u201eErweiterte Optionen anzeigen\u201c.<\/li>\n<li>Gehen Sie zu \u201eDatenschutz\u201c und anschlie\u00dfend zu \u201eInhaltseinstellungen\u201c.<\/li>\n<li>W\u00e4hlen Sie \u201e<em>Alle Cookies und Websitedaten<\/em>\u201c.<\/li>\n<li>Es erscheint eine Liste aller <em>Cookies<\/em>, die nach Domain sortiert sind. Um die <em>Cookies <\/em>einer bestimmten Domain leichter zu finden, geben Sie die Adresse ganz oder teilweise in das Feld \u201e<em>Cookies suchen<\/em>\u201c ein. <\/li>\n<li>Nach Anwendung dieses Filters werden eine oder mehrere Zeilen mit den <em>Cookies <\/em>der gew\u00fcnschten Website angezeigt. W\u00e4hlen Sie diese aus und klicken Sie auf das \u201e<em>X<\/em>\u201c, um sie zu l\u00f6schen. <\/li>\n<\/ol>\n<p>Um auf die <em>Cookie<\/em>-Einstellungen im Browser <b>Internet Explorer<\/b> zuzugreifen, folgen Sie diesen Schritten (diese k\u00f6nnen je nach Browserversion variieren):<\/p>\n<ol>\n<li>Sie zu \u201e<em>Extras<\/em>\u201c und anschlie\u00dfend zu \u201eI<em>nternetoptionen\u201c<\/em>.<\/li>\n<li>Klicken Sie auf \u201eDatenschutz\u201c.<\/li>\n<li>Bewegen Sie den Schieberegler, um das gew\u00fcnschte Datenschutzniveau einzustellen.<\/li>\n<\/ol>\n<p>Um auf die <em>Cookie<\/em>-Einstellungen im Browser <b>Firefox <\/b>zuzugreifen, folgen Sie diesen Schritten (diese k\u00f6nnen je nach Browserversion variieren):<\/p>\n<ol>\n<li>Gehen Sie je nach Betriebssystem zu \u201eOptionen\u201c oder \u201eEinstellungen\u201c.<\/li>\n<li>Klicken Sie auf \u201eDatenschutz\u201c.<\/li>\n<li>W\u00e4hlen Sie im Bereich \u201e<em>Chronik<\/em>\u201c die Option \u201e<em>Benutzerdefinierte Einstellungen f\u00fcr die Chronik verwenden<\/em>\u201c.<\/li>\n<li>Nun sehen Sie die Option \u201eCookies akzeptieren\u201c. Sie k\u00f6nnen diese je nach Ihren Pr\u00e4ferenzen aktivieren oder deaktivieren.<\/li>\n<\/ol>\n<p>Um auf die <em>Cookie<\/em>-Einstellungen im <b>Browser Safari <\/b>f\u00fcr macOS zuzugreifen, folgen Sie diesen Schritten (diese k\u00f6nnen je nach Browserversion variieren):<\/p>\n<ol>\n<li>Gehen Sie zu \u201eEinstellungen\u201c und anschlie\u00dfend zu \u201eDatenschutz\u201c.<\/li>\n<li>Dort sehen Sie die Option \u201eCookies blockieren\u201c, mit der Sie die gew\u00fcnschte Art der Blockierung festlegen k\u00f6nnen.<\/li>\n<\/ol>\n<p>Um auf die <em>Cookie<\/em>-Einstellungen im Browser <b>Safari f\u00fcr iOS<\/b> zuzugreifen, folgen Sie diesen Schritten (diese k\u00f6nnen je nach Browserversion variieren):<\/p>\n<ol>\n<li>Gehen Sie zu \u201e<em>Einstellungen<\/em>\u201c und anschlie\u00dfend zu \u201eSafari\u201c.<\/li>\n<li>Gehen Sie zu \u201e<em>Datenschutz und Sicherheit<\/em>\u201c. Dort sehen Sie die Option \u201e<em>Cookies blockieren<\/em>\u201c, mit der Sie die gew\u00fcnschte Art der Blockierung festlegen k\u00f6nnen.<\/li>\n<\/ol>\n<p>Um auf die <em>Cookie<\/em>-Einstellungen im Browser auf <b>Android-Ger\u00e4ten<\/b> zuzugreifen, folgen Sie diesen Schritten (diese k\u00f6nnen je nach Browserversion variieren):<\/p>\n<ol>\n<li>Starten Sie den Browser und tippen Sie auf die <em>Men\u00fc-Taste<\/em>, anschlie\u00dfend auf \u201e<em>Einstellungen<\/em>\u201c.<\/li>\n<li>Gehen Sie zu \u201eSicherheit und Datenschutz\u201c. Dort sehen Sie die Option \u201eCookies akzeptieren\u201c, mit der Sie die Einstellung aktivieren oder deaktivieren k\u00f6nnen.<\/li>\n<\/ol>\n<p>Um auf die <em>Cookie-Einstellungen<\/em> im Browser auf <b>Windows-Phone<\/b>-Ger\u00e4ten zuzugreifen, folgen Sie diesen Schritten (diese k\u00f6nnen je nach Browserversion variieren):<\/p>\n<ol>\n<li>\u00d6ffnen Sie Internet Explorer, tippen Sie auf \u201eMehr\u201c und anschlie\u00dfend auf \u201eEinstellungen\u201c.<\/li>\n<li>Nun k\u00f6nnen Sie die Option \u201e<em>Cookies zulassen<\/em>\u201c aktivieren oder deaktivieren.<\/li>\n<\/ol>\n","protected":false},"excerpt":{"rendered":"<p>Was versteht man unter einem Cookie? Ein Cookie ist eine harmlose Textdatei, die in Ihrem Browser gespeichert wird, wenn Sie nahezu jede Website besuchen. Der Zweck eines Cookies besteht darin, dass sich die Website an Ihren Besuch erinnert, wenn Sie diese Seite erneut aufrufen. Obwohl&#8230;<\/p>\n","protected":false},"author":4,"featured_media":0,"parent":0,"menu_order":0,"comment_status":"closed","ping_status":"closed","template":"","meta":{"_acf_changed":false,"footnotes":""},"class_list":["post-7902","page","type-page","status-publish","hentry"],"acf":[],"yoast_head":"<!-- This site is optimized with the Yoast SEO plugin v27.5 - https:\/\/yoast.com\/product\/yoast-seo-wordpress\/ -->\n<title>Cookie-Richtlinie. Weitere Informationen | ZEROCEM - HEALTHY BUILDINGS<\/title>\n<meta name=\"robots\" content=\"index, follow, max-snippet:-1, max-image-preview:large, max-video-preview:-1\" \/>\n<link rel=\"canonical\" href=\"https:\/\/zerocem.es\/de\/cookie-richtlinie-weitere-informationen\/\" \/>\n<meta property=\"og:locale\" content=\"de_DE\" \/>\n<meta property=\"og:type\" content=\"article\" \/>\n<meta property=\"og:title\" content=\"Cookie-Richtlinie. Weitere Informationen | ZEROCEM - HEALTHY BUILDINGS\" \/>\n<meta property=\"og:description\" content=\"Was versteht man unter einem Cookie? Ein Cookie ist eine harmlose Textdatei, die in Ihrem Browser gespeichert wird, wenn Sie nahezu jede Website besuchen. Der Zweck eines Cookies besteht darin, dass sich die Website an Ihren Besuch erinnert, wenn Sie diese Seite erneut aufrufen. Obwohl...\" \/>\n<meta property=\"og:url\" content=\"https:\/\/zerocem.es\/de\/cookie-richtlinie-weitere-informationen\/\" \/>\n<meta property=\"og:site_name\" content=\"ZEROCEM - HEALTHY BUILDINGS\" \/>\n<meta property=\"article:modified_time\" content=\"2026-04-16T17:52:05+00:00\" \/>\n<meta name=\"twitter:card\" content=\"summary_large_image\" \/>\n<meta name=\"twitter:label1\" content=\"Gesch\u00e4tzte Lesezeit\" \/>\n\t<meta name=\"twitter:data1\" content=\"5\u00a0Minuten\" \/>\n<script type=\"application\/ld+json\" class=\"yoast-schema-graph\">{\"@context\":\"https:\\\/\\\/schema.org\",\"@graph\":[{\"@type\":\"WebPage\",\"@id\":\"https:\\\/\\\/zerocem.es\\\/de\\\/cookie-richtlinie-weitere-informationen\\\/\",\"url\":\"https:\\\/\\\/zerocem.es\\\/de\\\/cookie-richtlinie-weitere-informationen\\\/\",\"name\":\"Cookie-Richtlinie. Weitere Informationen | ZEROCEM - HEALTHY BUILDINGS\",\"isPartOf\":{\"@id\":\"https:\\\/\\\/zerocem.es\\\/de\\\/#website\"},\"datePublished\":\"2017-06-01T15:51:32+00:00\",\"dateModified\":\"2026-04-16T17:52:05+00:00\",\"breadcrumb\":{\"@id\":\"https:\\\/\\\/zerocem.es\\\/de\\\/cookie-richtlinie-weitere-informationen\\\/#breadcrumb\"},\"inLanguage\":\"de\",\"potentialAction\":[{\"@type\":\"ReadAction\",\"target\":[\"https:\\\/\\\/zerocem.es\\\/de\\\/cookie-richtlinie-weitere-informationen\\\/\"]}]},{\"@type\":\"BreadcrumbList\",\"@id\":\"https:\\\/\\\/zerocem.es\\\/de\\\/cookie-richtlinie-weitere-informationen\\\/#breadcrumb\",\"itemListElement\":[{\"@type\":\"ListItem\",\"position\":1,\"name\":\"Portada\",\"item\":\"https:\\\/\\\/zerocem.es\\\/de\\\/\"},{\"@type\":\"ListItem\",\"position\":2,\"name\":\"Cookie-Richtlinie. Weitere Informationen\"}]},{\"@type\":\"WebSite\",\"@id\":\"https:\\\/\\\/zerocem.es\\\/de\\\/#website\",\"url\":\"https:\\\/\\\/zerocem.es\\\/de\\\/\",\"name\":\"ZEROCEM - HEALTHY BUILDINGS\",\"description\":\"Consultora de sostenibilidad en construcci\u00f3n, ESG: BREEAM, LEED y WELL\",\"potentialAction\":[{\"@type\":\"SearchAction\",\"target\":{\"@type\":\"EntryPoint\",\"urlTemplate\":\"https:\\\/\\\/zerocem.es\\\/de\\\/?s={search_term_string}\"},\"query-input\":{\"@type\":\"PropertyValueSpecification\",\"valueRequired\":true,\"valueName\":\"search_term_string\"}}],\"inLanguage\":\"de\"}]}<\/script>\n<!-- \/ Yoast SEO plugin. -->","yoast_head_json":{"title":"Cookie-Richtlinie. Weitere Informationen | ZEROCEM - HEALTHY BUILDINGS","robots":{"index":"index","follow":"follow","max-snippet":"max-snippet:-1","max-image-preview":"max-image-preview:large","max-video-preview":"max-video-preview:-1"},"canonical":"https:\/\/zerocem.es\/de\/cookie-richtlinie-weitere-informationen\/","og_locale":"de_DE","og_type":"article","og_title":"Cookie-Richtlinie. Weitere Informationen | ZEROCEM - HEALTHY BUILDINGS","og_description":"Was versteht man unter einem Cookie? Ein Cookie ist eine harmlose Textdatei, die in Ihrem Browser gespeichert wird, wenn Sie nahezu jede Website besuchen. Der Zweck eines Cookies besteht darin, dass sich die Website an Ihren Besuch erinnert, wenn Sie diese Seite erneut aufrufen. Obwohl...","og_url":"https:\/\/zerocem.es\/de\/cookie-richtlinie-weitere-informationen\/","og_site_name":"ZEROCEM - HEALTHY BUILDINGS","article_modified_time":"2026-04-16T17:52:05+00:00","twitter_card":"summary_large_image","twitter_misc":{"Gesch\u00e4tzte Lesezeit":"5\u00a0Minuten"},"schema":{"@context":"https:\/\/schema.org","@graph":[{"@type":"WebPage","@id":"https:\/\/zerocem.es\/de\/cookie-richtlinie-weitere-informationen\/","url":"https:\/\/zerocem.es\/de\/cookie-richtlinie-weitere-informationen\/","name":"Cookie-Richtlinie. Weitere Informationen | ZEROCEM - HEALTHY BUILDINGS","isPartOf":{"@id":"https:\/\/zerocem.es\/de\/#website"},"datePublished":"2017-06-01T15:51:32+00:00","dateModified":"2026-04-16T17:52:05+00:00","breadcrumb":{"@id":"https:\/\/zerocem.es\/de\/cookie-richtlinie-weitere-informationen\/#breadcrumb"},"inLanguage":"de","potentialAction":[{"@type":"ReadAction","target":["https:\/\/zerocem.es\/de\/cookie-richtlinie-weitere-informationen\/"]}]},{"@type":"BreadcrumbList","@id":"https:\/\/zerocem.es\/de\/cookie-richtlinie-weitere-informationen\/#breadcrumb","itemListElement":[{"@type":"ListItem","position":1,"name":"Portada","item":"https:\/\/zerocem.es\/de\/"},{"@type":"ListItem","position":2,"name":"Cookie-Richtlinie. Weitere Informationen"}]},{"@type":"WebSite","@id":"https:\/\/zerocem.es\/de\/#website","url":"https:\/\/zerocem.es\/de\/","name":"ZEROCEM - HEALTHY BUILDINGS","description":"Consultora de sostenibilidad en construcci\u00f3n, ESG: BREEAM, LEED y WELL","potentialAction":[{"@type":"SearchAction","target":{"@type":"EntryPoint","urlTemplate":"https:\/\/zerocem.es\/de\/?s={search_term_string}"},"query-input":{"@type":"PropertyValueSpecification","valueRequired":true,"valueName":"search_term_string"}}],"inLanguage":"de"}]}},"_links":{"self":[{"href":"https:\/\/zerocem.es\/de\/wp-json\/wp\/v2\/pages\/7902","targetHints":{"allow":["GET"]}}],"collection":[{"href":"https:\/\/zerocem.es\/de\/wp-json\/wp\/v2\/pages"}],"about":[{"href":"https:\/\/zerocem.es\/de\/wp-json\/wp\/v2\/types\/page"}],"author":[{"embeddable":true,"href":"https:\/\/zerocem.es\/de\/wp-json\/wp\/v2\/users\/4"}],"replies":[{"embeddable":true,"href":"https:\/\/zerocem.es\/de\/wp-json\/wp\/v2\/comments?post=7902"}],"version-history":[{"count":1,"href":"https:\/\/zerocem.es\/de\/wp-json\/wp\/v2\/pages\/7902\/revisions"}],"predecessor-version":[{"id":7903,"href":"https:\/\/zerocem.es\/de\/wp-json\/wp\/v2\/pages\/7902\/revisions\/7903"}],"wp:attachment":[{"href":"https:\/\/zerocem.es\/de\/wp-json\/wp\/v2\/media?parent=7902"}],"curies":[{"name":"wp","href":"https:\/\/api.w.org\/{rel}","templated":true}]}}