{"id":7814,"date":"2024-11-06T13:02:43","date_gmt":"2024-11-06T12:02:43","guid":{"rendered":"https:\/\/zerocem.es\/lage\/"},"modified":"2026-04-15T21:08:17","modified_gmt":"2026-04-15T19:08:17","slug":"lage","status":"publish","type":"page","link":"https:\/\/zerocem.es\/de\/lage\/","title":{"rendered":"Lage"},"content":{"rendered":"<div class=\"wpb-content-wrapper\"><p>[vc_row css_animation=&#8220;&#8220; row_type=&#8220;row&#8220; use_row_as_full_screen_section=&#8220;no&#8220; type=&#8220;full_width&#8220; angled_section=&#8220;no&#8220; text_align=&#8220;left&#8220; background_image_as_pattern=&#8220;without_pattern&#8220;][vc_column][vc_column_text css=&#8220;&#8220;]<\/p>\n<h2>Der optimalste Ort f\u00fcr Ihr Geb\u00e4ude<\/h2>\n<p style=\"text-align: justify;\">Derzeit tr\u00e4gt der Bausektor <strong>23 %<\/strong> der Luftverschmutzung,<strong> 40 %<\/strong> der Trinkwasserverschmutzung und <strong>50 %<\/strong> der Abf\u00e4lle auf Deponien bei. Auch wenn diese Zahlen alarmierend erscheinen m\u00f6gen, deuten die Bem\u00fchungen der letzten Jahre darauf hin, dass die Bestrebungen im Sektor Verbesserungen bringen. Die Gesellschaft verlangt jedoch nicht nur eine Verringerung der Auswirkung, sondern auch eine Regeneration von \u00d6kosystemen, selbst auf st\u00e4dtischer Ebene.  <\/p>\n<p>[\/vc_column_text][vc_empty_space][\/vc_column][\/vc_row][vc_row css_animation=&#8220;&#8220; row_type=&#8220;row&#8220; use_row_as_full_screen_section=&#8220;no&#8220; type=&#8220;full_width&#8220; angled_section=&#8220;no&#8220; text_align=&#8220;left&#8220; background_image_as_pattern=&#8220;without_pattern&#8220;][vc_column css=&#8220;.vc_custom_1744990483495{padding-right: 20px !important;padding-left: 20px !important;background-color: #E9F8E4 !important;}&#8220;][vc_column_text css=&#8220;.vc_custom_1744990677857{background-color: #B7EAA500 !important;border-radius: 5px !important;}&#8220;]Der Bausektor ist verantwortlich f\u00fcr den Verlust der Biodiversit\u00e4t in unseren St\u00e4dten und ihrer Umgebung. ZEROCEM bietet Dienstleistungen an, um den \u00f6kologischen Wert von Standorten zu steigern und einen positiven Umwelteffekt sicherzustellen.[\/vc_column_text][vc_empty_space][\/vc_column][\/vc_row][vc_row css_animation=&#8220;&#8220; row_type=&#8220;row&#8220; use_row_as_full_screen_section=&#8220;no&#8220; type=&#8220;full_width&#8220; angled_section=&#8220;no&#8220; text_align=&#8220;left&#8220; background_image_as_pattern=&#8220;without_pattern&#8220; css=&#8220;.vc_custom_1730894260046{margin-top: 2% !important;}&#8220;][vc_column][vc_column_text css=&#8220;&#8220;]<\/p>\n<h2>Wie k\u00f6nnen wir Ihnen helfen?<\/h2>\n<ul>\n<li style=\"text-align: justify;\">Abschw\u00e4chung der Auswirkungen des Klimawandels.<\/li>\n<li style=\"text-align: justify;\">Risikobewertung in \u00d6kologie und Bodenkontamination.<\/li>\n<li style=\"text-align: justify;\">Strategien zur Verhinderung von Bodenerosion, zum Schutz nat\u00fcrlicher Ressourcen und zur Integrit\u00e4t der Landschaft.<\/li>\n<li style=\"text-align: justify;\">Umweltschutz- und Biodiversit\u00e4tsmanagementpl\u00e4ne, die das \u00f6kologische Gleichgewicht f\u00f6rdern.<\/li>\n<li style=\"text-align: justify;\">Wir integrieren Biophilie-Prinzipien in unsere Designs, um R\u00e4ume zu schaffen, die Menschen mit der Natur verbinden.<\/li>\n<li style=\"text-align: justify;\">Verwendung einheimischer Arten, die an das lokale Klima angepasst sind und keine Bew\u00e4sserung ben\u00f6tigen, um den Wasserverbrauch zu reduzieren.<\/li>\n<li style=\"text-align: justify;\">Steigungs- und Abflussmanagement mit nat\u00fcrlichen Filtersystemen, um das Risiko von \u00dcberschwemmungen und Sedimentablagerungen zu verringern.<\/li>\n<li style=\"text-align: justify;\">Nachhaltige Regenwassernutzung und st\u00e4dtische Entw\u00e4sserung, die den Wasserverbrauch reduzieren und eine effiziente Wassernutzung f\u00f6rdern.<\/li>\n<li style=\"text-align: justify;\">Wir minimieren die Verschmutzung der nahegelegenen Gew\u00e4sser, damit unsere Projekte die Qualit\u00e4t der aquatischen Umwelt verbessern und die Entwicklung lokaler Fauna und Flora erm\u00f6glichen.<\/li>\n<\/ul>\n<p>[\/vc_column_text][vc_empty_space][\/vc_column][\/vc_row][vc_row css_animation=&#8220;&#8220; row_type=&#8220;row&#8220; use_row_as_full_screen_section=&#8220;no&#8220; type=&#8220;full_width&#8220; angled_section=&#8220;no&#8220; text_align=&#8220;left&#8220; background_image_as_pattern=&#8220;without_pattern&#8220;][vc_column css=&#8220;.vc_custom_1744990483495{padding-right: 20px !important;padding-left: 20px !important;background-color: #E9F8E4 !important;}&#8220;][vc_column_text css=&#8220;.vc_custom_1744990770361{background-color: #B7EAA500 !important;border-radius: 5px !important;}&#8220;]<\/p>\n<p style=\"text-align: justify;\">Wir verf\u00fcgen \u00fcber ein Expertenteam mit umfangreicher Erfahrung an verschiedenen Orten, Regionen und Klimazonen. Wir haben mit allen Arten von Kunden im Immobiliensektor zusammengearbeitet, um uns auf \u00f6kologische Weise zu entwickeln \u2013 von Einfamilienh\u00e4usern bis hin zu gro\u00dfen Geb\u00e4uden aller Art. <\/p>\n<p>[\/vc_column_text][vc_empty_space][\/vc_column][\/vc_row][vc_row css_animation=&#8220;&#8220; row_type=&#8220;row&#8220; use_row_as_full_screen_section=&#8220;no&#8220; type=&#8220;full_width&#8220; angled_section=&#8220;no&#8220; text_align=&#8220;left&#8220; background_image_as_pattern=&#8220;without_pattern&#8220;][vc_column][vc_empty_space][\/vc_column][\/vc_row][vc_row css_animation=&#8220;&#8220; row_type=&#8220;row&#8220; use_row_as_full_screen_section=&#8220;no&#8220; type=&#8220;full_width&#8220; angled_section=&#8220;no&#8220; text_align=&#8220;left&#8220; background_image_as_pattern=&#8220;without_pattern&#8220; z_index=&#8220;&#8220;][vc_column width=&#8220;2\/3&#8243;][vc_gallery interval=&#8220;3&#8243; images=&#8220;7655&#8243; img_size=&#8220;full&#8220; css=&#8220;.vc_custom_1732273975307{border-radius: 15px !important;}&#8220;][\/vc_column][vc_column width=&#8220;1\/3&#8243;][vc_text_separator title=&#8220;Fallstudien&#8220; border=&#8220;no&#8220; css=&#8220;&#8220;][vc_empty_space]<div class='portfolio_slider_holder clearfix'><div class='portfolio_slider'  data-autoplay='yes'  ><ul class='portfolio_slides'>Sorry, no posts matched your criteria.<\/ul><\/div><\/div>[\/vc_column][\/vc_row][vc_row css_animation=&#8220;&#8220; row_type=&#8220;row&#8220; use_row_as_full_screen_section=&#8220;no&#8220; type=&#8220;full_width&#8220; angled_section=&#8220;no&#8220; text_align=&#8220;left&#8220; background_image_as_pattern=&#8220;without_pattern&#8220;][vc_column][vc_empty_space][vc_text_separator title=&#8220;Weitere Dienstleistungen&#8220; border=&#8220;no&#8220; css=&#8220;&#8220;][vc_empty_space][\/vc_column][\/vc_row][vc_row css_animation=&#8220;&#8220; row_type=&#8220;row&#8220; use_row_as_full_screen_section=&#8220;no&#8220; type=&#8220;full_width&#8220; angled_section=&#8220;no&#8220; text_align=&#8220;left&#8220; background_image_as_pattern=&#8220;without_pattern&#8220; gap=&#8220;10&#8243; equal_height=&#8220;yes&#8220; z_index=&#8220;&#8220;][vc_column width=&#8220;1\/4&#8243;]<a  itemprop=\"url\" href=\"\/optimizacion-patrimonial-esg-de-activos\/\" target=\"_self\"  class=\"qbutton  default boton-largo\" style=\"\">ASSET-ESG-OPTIMIERUNG<\/a>[vc_empty_space][\/vc_column][vc_column width=&#8220;1\/4&#8243;]<a  itemprop=\"url\" href=\"\/descarbonizacion\/\" target=\"_self\"  class=\"qbutton  default boton-largo\" style=\"\">DEKARBONISIERUNG VON GEB\u00c4UDEN<\/a>[vc_empty_space][\/vc_column][vc_column width=&#8220;1\/4&#8243;]<a  itemprop=\"url\" href=\"\/asistencia-a-obras-sostenible\/\" target=\"_self\"  class=\"qbutton  default boton-largo\" style=\"\">UNTERST\u00dcTZUNG F\u00dcR NACHHALTIGE ARBEITEN<\/a>[vc_empty_space][\/vc_column][vc_column width=&#8220;1\/4&#8243;]<a  itemprop=\"url\" href=\"\/emplazamiento\/\" target=\"_self\"  class=\"qbutton  default boton-largo\" style=\"\">UNTERST\u00dcTZUNG F\u00dcR NACHHALTIGE ARBEITEN<\/a>[vc_empty_space][\/vc_column][\/vc_row]<\/p>\n<\/div>","protected":false},"excerpt":{"rendered":"<p>[vc_row css_animation=&#8220;&#8220; row_type=&#8220;row&#8220; use_row_as_full_screen_section=&#8220;no&#8220; type=&#8220;full_width&#8220; angled_section=&#8220;no&#8220; text_align=&#8220;left&#8220; background_image_as_pattern=&#8220;without_pattern&#8220;][vc_column][vc_column_text css=&#8220;&#8220;] Der optimalste Ort f\u00fcr Ihr Geb\u00e4ude Derzeit tr\u00e4gt der Bausektor 23 % der Luftverschmutzung, 40 % der Trinkwasserverschmutzung und 50 % der Abf\u00e4lle auf Deponien bei. Auch wenn diese Zahlen alarmierend erscheinen m\u00f6gen, deuten die Bem\u00fchungen&#8230;<\/p>\n","protected":false},"author":2,"featured_media":0,"parent":0,"menu_order":0,"comment_status":"closed","ping_status":"closed","template":"","meta":{"_acf_changed":false,"footnotes":""},"class_list":["post-7814","page","type-page","status-publish","hentry"],"acf":[],"yoast_head":"<!-- This site is optimized with the Yoast SEO plugin v27.4 - https:\/\/yoast.com\/product\/yoast-seo-wordpress\/ -->\n<title>Lage | ZEROCEM - HEALTHY BUILDINGS<\/title>\n<meta name=\"description\" content=\"Bei ZEROCEM helfen wir Ihnen, den optimalsten Standort f\u00fcr Ihr Geb\u00e4ude auszuw\u00e4hlen. Weitere Informationen finden Sie auf unserer Website\" \/>\n<meta name=\"robots\" content=\"index, follow, max-snippet:-1, max-image-preview:large, max-video-preview:-1\" \/>\n<link rel=\"canonical\" href=\"https:\/\/zerocem.es\/de\/lage\/\" \/>\n<meta property=\"og:locale\" content=\"de_DE\" \/>\n<meta property=\"og:type\" content=\"article\" \/>\n<meta property=\"og:title\" content=\"Lage | ZEROCEM - HEALTHY BUILDINGS\" \/>\n<meta property=\"og:description\" content=\"Bei ZEROCEM helfen wir Ihnen, den optimalsten Standort f\u00fcr Ihr Geb\u00e4ude auszuw\u00e4hlen. Weitere Informationen finden Sie auf unserer Website\" \/>\n<meta property=\"og:url\" content=\"https:\/\/zerocem.es\/de\/lage\/\" \/>\n<meta property=\"og:site_name\" content=\"ZEROCEM - HEALTHY BUILDINGS\" \/>\n<meta property=\"article:modified_time\" content=\"2026-04-15T19:08:17+00:00\" \/>\n<meta name=\"twitter:card\" content=\"summary_large_image\" \/>\n<meta name=\"twitter:label1\" content=\"Gesch\u00e4tzte Lesezeit\" \/>\n\t<meta name=\"twitter:data1\" content=\"4\u00a0Minuten\" \/>\n<script type=\"application\/ld+json\" class=\"yoast-schema-graph\">{\"@context\":\"https:\\\/\\\/schema.org\",\"@graph\":[{\"@type\":\"WebPage\",\"@id\":\"https:\\\/\\\/zerocem.es\\\/de\\\/lage\\\/\",\"url\":\"https:\\\/\\\/zerocem.es\\\/de\\\/lage\\\/\",\"name\":\"Lage | ZEROCEM - HEALTHY BUILDINGS\",\"isPartOf\":{\"@id\":\"https:\\\/\\\/zerocem.es\\\/de\\\/#website\"},\"datePublished\":\"2024-11-06T12:02:43+00:00\",\"dateModified\":\"2026-04-15T19:08:17+00:00\",\"description\":\"Bei ZEROCEM helfen wir Ihnen, den optimalsten Standort f\u00fcr Ihr Geb\u00e4ude auszuw\u00e4hlen. Weitere Informationen finden Sie auf unserer Website\",\"breadcrumb\":{\"@id\":\"https:\\\/\\\/zerocem.es\\\/de\\\/lage\\\/#breadcrumb\"},\"inLanguage\":\"de\",\"potentialAction\":[{\"@type\":\"ReadAction\",\"target\":[\"https:\\\/\\\/zerocem.es\\\/de\\\/lage\\\/\"]}]},{\"@type\":\"BreadcrumbList\",\"@id\":\"https:\\\/\\\/zerocem.es\\\/de\\\/lage\\\/#breadcrumb\",\"itemListElement\":[{\"@type\":\"ListItem\",\"position\":1,\"name\":\"Portada\",\"item\":\"https:\\\/\\\/zerocem.es\\\/de\\\/\"},{\"@type\":\"ListItem\",\"position\":2,\"name\":\"Lage\"}]},{\"@type\":\"WebSite\",\"@id\":\"https:\\\/\\\/zerocem.es\\\/de\\\/#website\",\"url\":\"https:\\\/\\\/zerocem.es\\\/de\\\/\",\"name\":\"ZEROCEM - HEALTHY BUILDINGS\",\"description\":\"Consultora de sostenibilidad en construcci\u00f3n, ESG: BREEAM, LEED y WELL\",\"potentialAction\":[{\"@type\":\"SearchAction\",\"target\":{\"@type\":\"EntryPoint\",\"urlTemplate\":\"https:\\\/\\\/zerocem.es\\\/de\\\/?s={search_term_string}\"},\"query-input\":{\"@type\":\"PropertyValueSpecification\",\"valueRequired\":true,\"valueName\":\"search_term_string\"}}],\"inLanguage\":\"de\"}]}<\/script>\n<!-- \/ Yoast SEO plugin. -->","yoast_head_json":{"title":"Lage | ZEROCEM - HEALTHY BUILDINGS","description":"Bei ZEROCEM helfen wir Ihnen, den optimalsten Standort f\u00fcr Ihr Geb\u00e4ude auszuw\u00e4hlen. Weitere Informationen finden Sie auf unserer Website","robots":{"index":"index","follow":"follow","max-snippet":"max-snippet:-1","max-image-preview":"max-image-preview:large","max-video-preview":"max-video-preview:-1"},"canonical":"https:\/\/zerocem.es\/de\/lage\/","og_locale":"de_DE","og_type":"article","og_title":"Lage | ZEROCEM - HEALTHY BUILDINGS","og_description":"Bei ZEROCEM helfen wir Ihnen, den optimalsten Standort f\u00fcr Ihr Geb\u00e4ude auszuw\u00e4hlen. Weitere Informationen finden Sie auf unserer Website","og_url":"https:\/\/zerocem.es\/de\/lage\/","og_site_name":"ZEROCEM - HEALTHY BUILDINGS","article_modified_time":"2026-04-15T19:08:17+00:00","twitter_card":"summary_large_image","twitter_misc":{"Gesch\u00e4tzte Lesezeit":"4\u00a0Minuten"},"schema":{"@context":"https:\/\/schema.org","@graph":[{"@type":"WebPage","@id":"https:\/\/zerocem.es\/de\/lage\/","url":"https:\/\/zerocem.es\/de\/lage\/","name":"Lage | ZEROCEM - HEALTHY BUILDINGS","isPartOf":{"@id":"https:\/\/zerocem.es\/de\/#website"},"datePublished":"2024-11-06T12:02:43+00:00","dateModified":"2026-04-15T19:08:17+00:00","description":"Bei ZEROCEM helfen wir Ihnen, den optimalsten Standort f\u00fcr Ihr Geb\u00e4ude auszuw\u00e4hlen. Weitere Informationen finden Sie auf unserer Website","breadcrumb":{"@id":"https:\/\/zerocem.es\/de\/lage\/#breadcrumb"},"inLanguage":"de","potentialAction":[{"@type":"ReadAction","target":["https:\/\/zerocem.es\/de\/lage\/"]}]},{"@type":"BreadcrumbList","@id":"https:\/\/zerocem.es\/de\/lage\/#breadcrumb","itemListElement":[{"@type":"ListItem","position":1,"name":"Portada","item":"https:\/\/zerocem.es\/de\/"},{"@type":"ListItem","position":2,"name":"Lage"}]},{"@type":"WebSite","@id":"https:\/\/zerocem.es\/de\/#website","url":"https:\/\/zerocem.es\/de\/","name":"ZEROCEM - HEALTHY BUILDINGS","description":"Consultora de sostenibilidad en construcci\u00f3n, ESG: BREEAM, LEED y WELL","potentialAction":[{"@type":"SearchAction","target":{"@type":"EntryPoint","urlTemplate":"https:\/\/zerocem.es\/de\/?s={search_term_string}"},"query-input":{"@type":"PropertyValueSpecification","valueRequired":true,"valueName":"search_term_string"}}],"inLanguage":"de"}]}},"_links":{"self":[{"href":"https:\/\/zerocem.es\/de\/wp-json\/wp\/v2\/pages\/7814","targetHints":{"allow":["GET"]}}],"collection":[{"href":"https:\/\/zerocem.es\/de\/wp-json\/wp\/v2\/pages"}],"about":[{"href":"https:\/\/zerocem.es\/de\/wp-json\/wp\/v2\/types\/page"}],"author":[{"embeddable":true,"href":"https:\/\/zerocem.es\/de\/wp-json\/wp\/v2\/users\/2"}],"replies":[{"embeddable":true,"href":"https:\/\/zerocem.es\/de\/wp-json\/wp\/v2\/comments?post=7814"}],"version-history":[{"count":4,"href":"https:\/\/zerocem.es\/de\/wp-json\/wp\/v2\/pages\/7814\/revisions"}],"predecessor-version":[{"id":7818,"href":"https:\/\/zerocem.es\/de\/wp-json\/wp\/v2\/pages\/7814\/revisions\/7818"}],"wp:attachment":[{"href":"https:\/\/zerocem.es\/de\/wp-json\/wp\/v2\/media?parent=7814"}],"curies":[{"name":"wp","href":"https:\/\/api.w.org\/{rel}","templated":true}]}}