{"id":7418,"date":"2017-06-01T17:59:02","date_gmt":"2017-06-01T15:59:02","guid":{"rendered":"https:\/\/zerocem.es\/cookie-richtlinie\/"},"modified":"2026-04-15T20:38:12","modified_gmt":"2026-04-15T18:38:12","slug":"cookie-richtlinie","status":"publish","type":"page","link":"https:\/\/zerocem.es\/de\/cookie-richtlinie\/","title":{"rendered":"Cookie-Richtlinie"},"content":{"rendered":"<div class=\"wpb-content-wrapper\"><p>[vc_row css_animation=&#8220;&#8220; row_type=&#8220;row&#8220; use_row_as_full_screen_section=&#8220;no&#8220; type=&#8220;full_width&#8220; angled_section=&#8220;no&#8220; text_align=&#8220;left&#8220; background_image_as_pattern=&#8220;without_pattern&#8220;][vc_column][vc_column_text css=&#8220;&#8220;]Der Zweck von Cookies besteht darin, die Inhalte der Website an Ihr Profil und Ihre Bed\u00fcrfnisse anzupassen. Ohne Cookies w\u00e4ren die von jeder Website angebotenen Dienstleistungen erheblich eingeschr\u00e4nkt. Ihr Zweck besteht darin, dass sich die Website an Ihren Besuch erinnert, wenn Sie diese Seite erneut aufrufen. Cookies speichern in der Regel technische Informationen, pers\u00f6nliche Pr\u00e4ferenzen, Inhaltsanpassungen, Nutzungsstatistiken, Verkn\u00fcpfungen zu sozialen Netzwerken, den Zugriff auf Benutzerkonten usw.In einigen F\u00e4llen ist es erforderlich, Cookies zu installieren, damit der Browser Ihre Entscheidung, diese nicht zu akzeptieren, nicht vergisst. Der Zweck von Cookies besteht darin, die Inhalte der Website an Ihr Profil und Ihre Bed\u00fcrfnisse anzupassen. Ohne Cookies w\u00e4ren die von Websites angebotenen Dienstleistungen erheblich eingeschr\u00e4nkt. Wenn Sie weitere Informationen dar\u00fcber w\u00fcnschen, was Cookies sind, was sie speichern sowie wie Sie diese l\u00f6schen oder deaktivieren k\u00f6nnen, besuchen Sie bitte den <a href=\"https:\/\/zerocem.es\/mas-informacion-sobre-las-cookies\/\">folgenden Link.<\/a><\/p>\n<h2>Auf dieser Website verwendete Cookies<\/h2>\n<p>Gem\u00e4\u00df den Vorgaben der spanischen Datenschutzbeh\u00f6rde erl\u00e4utern wir im Folgenden die Verwendung von Cookies auf dieser Website, um Sie so genau wie m\u00f6glich zu informieren.<\/p>\n<p>Diese Website verwendet die folgenden eigenen Cookies:<\/p>\n<ul>\n<li>Cookies de sesi\u00f3n, para garantizar que los usuarios que escriban comentarios en el blog sean humanos y no aplicaciones automatizadas. Sitzungs-Cookies, um sicherzustellen, dass Nutzer, die Kommentare im Blog schreiben, menschlich sind und keine automatisierten Anwendungen.De esta forma se combate el <em>spam<\/em>.<\/li>\n<\/ul>\n<p>Diese Website verwendet die folgenden Cookies von Drittanbietern:<\/p>\n<ul>\n<li>Google Analytics: Speichert Cookies, um Statistiken \u00fcber den Traffic und das Besuchsvolumen dieser Website zu erstellen. Durch die Nutzung dieser Website stimmen Sie der Verarbeitung von Daten \u00fcber Sie durch Google zu. Daher m\u00fcssen Sie zur Aus\u00fcbung Ihrer Rechte in diesem Zusammenhang direkt mit Google Kontakt aufnehmen.<\/li>\n<li>Soziale Netzwerke: Jedes soziale Netzwerk verwendet eigene Cookies, um Ihnen das Klicken auf Schaltfl\u00e4chen wie \u201eGef\u00e4llt mir\u201c oder \u201eTeilen\u201c zu erm\u00f6glichen.<\/li>\n<\/ul>\n<h2>Deaktivierung oder L\u00f6schung von Cookies<\/h2>\n<p>Sie k\u00f6nnen jederzeit Ihr Recht auf Deaktivierung oder L\u00f6schung von Cookies auf dieser Website aus\u00fcben. Diese Ma\u00dfnahmen werden je nach verwendetem Browser unterschiedlich durchgef\u00fchrt. <a href=\"https:\/\/zerocem.es\/mas-informacion-sobre-las-cookies\/#navegadores\">Im Folgenden finden Sie eine kurze Anleitung f\u00fcr die g\u00e4ngigsten Browser.<\/a> <\/p>\n<h2>Zus\u00e4tzliche Hinweise<\/h2>\n<ul>\n<li>Weder diese Website noch ihre gesetzlichen Vertreter \u00fcbernehmen Haftung f\u00fcr den Inhalt oder die Richtigkeit der Datenschutzrichtlinien der in dieser Cookie-Richtlinie genannten Dritten.<\/li>\n<li>Webbrowser sind die Werkzeuge, die f\u00fcr das Speichern von Cookies verantwortlich sind. \u00dcber diese k\u00f6nnen Sie Ihr Recht auf L\u00f6schung oder Deaktivierung der Cookies aus\u00fcben. Weder diese Website noch ihre gesetzlichen Vertreter k\u00f6nnen die korrekte oder fehlerhafte Handhabung von Cookies durch die genannten Browser garantieren. <\/li>\n<li>In einigen F\u00e4llen ist es erforderlich, Cookies zu setzen, damit der Browser Ihre Entscheidung, diese nicht zu akzeptieren, nicht vergisst.<\/li>\n<li>Im Falle von Cookies von Google Analytics speichert dieses Unternehmen die Cookies auf Servern in den Vereinigten Staaten und verpflichtet sich, diese nicht an Dritte weiterzugeben, es sei denn, dies ist f\u00fcr den Betrieb des Systems erforderlich oder gesetzlich vorgeschrieben. Nach Angaben von Google wird Ihre IP-Adresse nicht gespeichert. Google Inc. ist ein Unternehmen, das dem Safe-Harbor-Abkommen angeschlossen ist und gew\u00e4hrleistet, dass alle \u00fcbertragenen Daten gem\u00e4\u00df den europ\u00e4ischen Datenschutzvorschriften verarbeitet werden. Weitere Informationen hierzu finden Sie unter <a href=\"http:\/\/safeharbor.export.gov\/companyinfo.aspx?id=16626\" target=\"_blank\" rel=\"noopener noreferrer\">folgendem Link<\/a>. Wenn Sie mehr dar\u00fcber erfahren m\u00f6chten, wie Google Cookies verwendet, finden Sie weitere Informationen unter <a href=\"https:\/\/developers.google.com\/analytics\/devguides\/collection\/analyticsjs\/cookie-usage?hl=es&amp;csw=1\" target=\"_blank\" rel=\"noopener noreferrer\">folgendem Link.<\/a>   es una compa\u00f1\u00eda adherida al Acuerdo de Puerto Seguro que garantiza que todos los datos transferidos ser\u00e1n tratados con un nivel de protecci\u00f3n acorde a la normativa europea. Si desea informaci\u00f3n sobre el uso que Google da a las cookies <a href=\"https:\/\/developers.google.com\/analytics\/devguides\/collection\/analyticsjs\/cookie-usage?hl=es&amp;csw=1\" target=\"_blank\" rel=\"noopener noreferrer\">le adjuntamos este otro enlace<\/a>.  <\/li>\n<li>Bei Fragen oder Unklarheiten zu dieser Cookie-Richtlinie k\u00f6nnen Sie uns jederzeit \u00fcber den Kontaktbereich kontaktieren.<\/li>\n<\/ul>\n<p>[\/vc_column_text][vc_empty_space][\/vc_column][\/vc_row]<\/p>\n<\/div>","protected":false},"excerpt":{"rendered":"<p>[vc_row css_animation=&#8220;&#8220; row_type=&#8220;row&#8220; use_row_as_full_screen_section=&#8220;no&#8220; type=&#8220;full_width&#8220; angled_section=&#8220;no&#8220; text_align=&#8220;left&#8220; background_image_as_pattern=&#8220;without_pattern&#8220;][vc_column][vc_column_text css=&#8220;&#8220;]Der Zweck von Cookies besteht darin, die Inhalte der Website an Ihr Profil und Ihre Bed\u00fcrfnisse anzupassen. Ohne Cookies w\u00e4ren die von jeder Website angebotenen Dienstleistungen erheblich eingeschr\u00e4nkt. Ihr Zweck besteht darin, dass sich die Website an&#8230;<\/p>\n","protected":false},"author":4,"featured_media":0,"parent":0,"menu_order":0,"comment_status":"closed","ping_status":"closed","template":"","meta":{"_acf_changed":false,"footnotes":""},"class_list":["post-7418","page","type-page","status-publish","hentry"],"acf":[],"yoast_head":"<!-- This site is optimized with the Yoast SEO plugin v27.4 - https:\/\/yoast.com\/product\/yoast-seo-wordpress\/ -->\n<title>Cookie-Richtlinie | ZEROCEM - HEALTHY BUILDINGS<\/title>\n<meta name=\"robots\" content=\"index, follow, max-snippet:-1, max-image-preview:large, max-video-preview:-1\" \/>\n<link rel=\"canonical\" href=\"https:\/\/zerocem.es\/de\/cookie-richtlinie\/\" \/>\n<meta property=\"og:locale\" content=\"de_DE\" \/>\n<meta property=\"og:type\" content=\"article\" \/>\n<meta property=\"og:title\" content=\"Cookie-Richtlinie | ZEROCEM - HEALTHY BUILDINGS\" \/>\n<meta property=\"og:description\" content=\"[vc_row css_animation=&#8220;&#8220; row_type=&#8220;row&#8220; use_row_as_full_screen_section=&#8220;no&#8220; type=&#8220;full_width&#8220; angled_section=&#8220;no&#8220; text_align=&#8220;left&#8220; background_image_as_pattern=&#8220;without_pattern&#8220;][vc_column][vc_column_text css=&#8220;&#8220;]Der Zweck von Cookies besteht darin, die Inhalte der Website an Ihr Profil und Ihre Bed\u00fcrfnisse anzupassen. Ohne Cookies w\u00e4ren die von jeder Website angebotenen Dienstleistungen erheblich eingeschr\u00e4nkt. Ihr Zweck besteht darin, dass sich die Website an...\" \/>\n<meta property=\"og:url\" content=\"https:\/\/zerocem.es\/de\/cookie-richtlinie\/\" \/>\n<meta property=\"og:site_name\" content=\"ZEROCEM - HEALTHY BUILDINGS\" \/>\n<meta property=\"article:modified_time\" content=\"2026-04-15T18:38:12+00:00\" \/>\n<meta name=\"twitter:card\" content=\"summary_large_image\" \/>\n<meta name=\"twitter:label1\" content=\"Gesch\u00e4tzte Lesezeit\" \/>\n\t<meta name=\"twitter:data1\" content=\"3\u00a0Minuten\" \/>\n<script type=\"application\/ld+json\" class=\"yoast-schema-graph\">{\"@context\":\"https:\\\/\\\/schema.org\",\"@graph\":[{\"@type\":\"WebPage\",\"@id\":\"https:\\\/\\\/zerocem.es\\\/de\\\/cookie-richtlinie\\\/\",\"url\":\"https:\\\/\\\/zerocem.es\\\/de\\\/cookie-richtlinie\\\/\",\"name\":\"Cookie-Richtlinie | ZEROCEM - HEALTHY BUILDINGS\",\"isPartOf\":{\"@id\":\"https:\\\/\\\/zerocem.es\\\/de\\\/#website\"},\"datePublished\":\"2017-06-01T15:59:02+00:00\",\"dateModified\":\"2026-04-15T18:38:12+00:00\",\"breadcrumb\":{\"@id\":\"https:\\\/\\\/zerocem.es\\\/de\\\/cookie-richtlinie\\\/#breadcrumb\"},\"inLanguage\":\"de\",\"potentialAction\":[{\"@type\":\"ReadAction\",\"target\":[\"https:\\\/\\\/zerocem.es\\\/de\\\/cookie-richtlinie\\\/\"]}]},{\"@type\":\"BreadcrumbList\",\"@id\":\"https:\\\/\\\/zerocem.es\\\/de\\\/cookie-richtlinie\\\/#breadcrumb\",\"itemListElement\":[{\"@type\":\"ListItem\",\"position\":1,\"name\":\"Portada\",\"item\":\"https:\\\/\\\/zerocem.es\\\/de\\\/\"},{\"@type\":\"ListItem\",\"position\":2,\"name\":\"Cookie-Richtlinie\"}]},{\"@type\":\"WebSite\",\"@id\":\"https:\\\/\\\/zerocem.es\\\/de\\\/#website\",\"url\":\"https:\\\/\\\/zerocem.es\\\/de\\\/\",\"name\":\"ZEROCEM - HEALTHY BUILDINGS\",\"description\":\"Consultora de sostenibilidad en construcci\u00f3n, ESG: BREEAM, LEED y WELL\",\"potentialAction\":[{\"@type\":\"SearchAction\",\"target\":{\"@type\":\"EntryPoint\",\"urlTemplate\":\"https:\\\/\\\/zerocem.es\\\/de\\\/?s={search_term_string}\"},\"query-input\":{\"@type\":\"PropertyValueSpecification\",\"valueRequired\":true,\"valueName\":\"search_term_string\"}}],\"inLanguage\":\"de\"}]}<\/script>\n<!-- \/ Yoast SEO plugin. -->","yoast_head_json":{"title":"Cookie-Richtlinie | ZEROCEM - HEALTHY BUILDINGS","robots":{"index":"index","follow":"follow","max-snippet":"max-snippet:-1","max-image-preview":"max-image-preview:large","max-video-preview":"max-video-preview:-1"},"canonical":"https:\/\/zerocem.es\/de\/cookie-richtlinie\/","og_locale":"de_DE","og_type":"article","og_title":"Cookie-Richtlinie | ZEROCEM - HEALTHY BUILDINGS","og_description":"[vc_row css_animation=&#8220;&#8220; row_type=&#8220;row&#8220; use_row_as_full_screen_section=&#8220;no&#8220; type=&#8220;full_width&#8220; angled_section=&#8220;no&#8220; text_align=&#8220;left&#8220; background_image_as_pattern=&#8220;without_pattern&#8220;][vc_column][vc_column_text css=&#8220;&#8220;]Der Zweck von Cookies besteht darin, die Inhalte der Website an Ihr Profil und Ihre Bed\u00fcrfnisse anzupassen. Ohne Cookies w\u00e4ren die von jeder Website angebotenen Dienstleistungen erheblich eingeschr\u00e4nkt. Ihr Zweck besteht darin, dass sich die Website an...","og_url":"https:\/\/zerocem.es\/de\/cookie-richtlinie\/","og_site_name":"ZEROCEM - HEALTHY BUILDINGS","article_modified_time":"2026-04-15T18:38:12+00:00","twitter_card":"summary_large_image","twitter_misc":{"Gesch\u00e4tzte Lesezeit":"3\u00a0Minuten"},"schema":{"@context":"https:\/\/schema.org","@graph":[{"@type":"WebPage","@id":"https:\/\/zerocem.es\/de\/cookie-richtlinie\/","url":"https:\/\/zerocem.es\/de\/cookie-richtlinie\/","name":"Cookie-Richtlinie | ZEROCEM - HEALTHY BUILDINGS","isPartOf":{"@id":"https:\/\/zerocem.es\/de\/#website"},"datePublished":"2017-06-01T15:59:02+00:00","dateModified":"2026-04-15T18:38:12+00:00","breadcrumb":{"@id":"https:\/\/zerocem.es\/de\/cookie-richtlinie\/#breadcrumb"},"inLanguage":"de","potentialAction":[{"@type":"ReadAction","target":["https:\/\/zerocem.es\/de\/cookie-richtlinie\/"]}]},{"@type":"BreadcrumbList","@id":"https:\/\/zerocem.es\/de\/cookie-richtlinie\/#breadcrumb","itemListElement":[{"@type":"ListItem","position":1,"name":"Portada","item":"https:\/\/zerocem.es\/de\/"},{"@type":"ListItem","position":2,"name":"Cookie-Richtlinie"}]},{"@type":"WebSite","@id":"https:\/\/zerocem.es\/de\/#website","url":"https:\/\/zerocem.es\/de\/","name":"ZEROCEM - HEALTHY BUILDINGS","description":"Consultora de sostenibilidad en construcci\u00f3n, ESG: BREEAM, LEED y WELL","potentialAction":[{"@type":"SearchAction","target":{"@type":"EntryPoint","urlTemplate":"https:\/\/zerocem.es\/de\/?s={search_term_string}"},"query-input":{"@type":"PropertyValueSpecification","valueRequired":true,"valueName":"search_term_string"}}],"inLanguage":"de"}]}},"_links":{"self":[{"href":"https:\/\/zerocem.es\/de\/wp-json\/wp\/v2\/pages\/7418","targetHints":{"allow":["GET"]}}],"collection":[{"href":"https:\/\/zerocem.es\/de\/wp-json\/wp\/v2\/pages"}],"about":[{"href":"https:\/\/zerocem.es\/de\/wp-json\/wp\/v2\/types\/page"}],"author":[{"embeddable":true,"href":"https:\/\/zerocem.es\/de\/wp-json\/wp\/v2\/users\/4"}],"replies":[{"embeddable":true,"href":"https:\/\/zerocem.es\/de\/wp-json\/wp\/v2\/comments?post=7418"}],"version-history":[{"count":2,"href":"https:\/\/zerocem.es\/de\/wp-json\/wp\/v2\/pages\/7418\/revisions"}],"predecessor-version":[{"id":7420,"href":"https:\/\/zerocem.es\/de\/wp-json\/wp\/v2\/pages\/7418\/revisions\/7420"}],"wp:attachment":[{"href":"https:\/\/zerocem.es\/de\/wp-json\/wp\/v2\/media?parent=7418"}],"curies":[{"name":"wp","href":"https:\/\/api.w.org\/{rel}","templated":true}]}}